{"id":246,"date":"2025-11-24T21:11:17","date_gmt":"2025-11-24T21:11:17","guid":{"rendered":"https:\/\/academy.reacherservices.com\/?post_type=product&#038;p=246"},"modified":"2025-12-19T16:56:22","modified_gmt":"2025-12-19T16:56:22","slug":"nivel-ii-diciembre-corporaciones-y-sociedades-colectivas-presenciales-webinario","status":"publish","type":"product","link":"https:\/\/academy.reacherservices.com\/es_mx\/product\/nivel-ii-diciembre-corporaciones-y-sociedades-colectivas-presenciales-webinario\/","title":{"rendered":"Nivel II: Diciembre corporaciones y sociedades colectivas presenciales webinario"},"content":{"rendered":"<p><span lang=\"es\">Este curso sobre corporaciones y asociaciones colectivas contin\u00faa con Taquer\u00eda Victoria. La taquer\u00eda est\u00e1 en el segundo a\u00f1o de negocio y tiene una p\u00e9rdida. \u00bfQu\u00e9 hace con una p\u00e9rdida en la declaraci\u00f3n de impuestos?<\/span><\/p>\n<p><span lang=\"es\">Descubra c\u00f3mo y d\u00f3nde reportar los reembolsos por un plan contable, seguro m\u00e9dico pagado para los accionistas, dividendos pagados con ganancias retenidas para los accionistas de una Corp-C y gastos de asociaci\u00f3n para la Corp-S y las sociedades colectivas.<\/span><\/p>\n<p><span lang=\"es\">Otros temas que se tratar\u00e1n ser\u00e1n el arrastre de p\u00e9rdidas operativas netas (NOL), efecto en base a los gastos no deducibles y donaciones de Corp-S y de las sociedades colectivas.<\/span><span lang=\"es\">\u00a0<\/span><\/p>\n<p><strong><i><span lang=\"es\">Este curso se ve mejor en un ordenador de sobremesa o port\u00e1til, con una fuerte conexi\u00f3n a Internet y mediante el uso de navegadores Google Chrome o Mozilla Firefox.<\/span><\/i><\/strong><\/p>","protected":false},"excerpt":{"rendered":"<p data-start=\"115\" data-end=\"324\"><strong>Formato: Webinario en vivo<\/strong><br \/>\n<strong>Fechas: 9 al 11 de diciembre de 2025<\/strong><br \/>\n<strong>Hora: 9 a.m. &#8211; 3 p.m. (hora del Pac\u00edfico) (Receso para almorzar de 11 a.m. a 1 p.m.)<br \/>\nCr\u00e9ditos CE: 12 horas de Ley Tributaria<\/strong><\/p>\n<p data-end=\"454\" data-start=\"243\">\u00bfYa aprendiste lo b\u00e1sico sobre corporaciones y sociedades, y est\u00e1s listo para avanzar? \u00a1Entender las declaraciones de impuestos de sociedades y corporaciones es esencial para atender a clientes empresariales y hacer crecer tu pr\u00e1ctica!<\/p>\n<p data-end=\"781\" data-start=\"456\">Presentar los Formularios 1065, 1120 y 1120-S puede ser complejo, con reglas detalladas sobre ingresos, deducciones y c\u00e1lculos de impuestos. Por eso hemos dise\u00f1ado esta\u00a0<strong>capacitaci\u00f3n profunda de Nivel II para guiarte l\u00ednea por l\u00ednea en cada formulario<\/strong>, asegurando que obtengas la confianza y habilidades necesarias para preparar declaraciones de impuestos empresariales con precisi\u00f3n.<\/p>","protected":false},"featured_media":264,"template":"","meta":{"site-sidebar-layout":"default","site-content-layout":"","ast-site-content-layout":"default","site-content-style":"default","site-sidebar-style":"default","ast-global-header-display":"","ast-banner-title-visibility":"","ast-main-header-display":"","ast-hfb-above-header-display":"","ast-hfb-below-header-display":"","ast-hfb-mobile-header-display":"","site-post-title":"","ast-breadcrumbs-content":"","ast-featured-img":"","footer-sml-layout":"","ast-disable-related-posts":"","theme-transparent-header-meta":"default","adv-header-id-meta":"","stick-header-meta":"default","header-above-stick-meta":"","header-main-stick-meta":"","header-below-stick-meta":"","astra-migrate-meta-layouts":"set","ast-page-background-enabled":"default","ast-page-background-meta":{"desktop":{"background-color":"var(--ast-global-color-5)","background-image":"","background-repeat":"repeat","background-position":"center center","background-size":"auto","background-attachment":"scroll","background-type":"","background-media":"","overlay-type":"","overlay-color":"","overlay-opacity":"","overlay-gradient":""},"tablet":{"background-color":"","background-image":"","background-repeat":"repeat","background-position":"center center","background-size":"auto","background-attachment":"scroll","background-type":"","background-media":"","overlay-type":"","overlay-color":"","overlay-opacity":"","overlay-gradient":""},"mobile":{"background-color":"","background-image":"","background-repeat":"repeat","background-position":"center center","background-size":"auto","background-attachment":"scroll","background-type":"","background-media":"","overlay-type":"","overlay-color":"","overlay-opacity":"","overlay-gradient":""}},"ast-content-background-meta":{"desktop":{"background-color":"var(--ast-global-color-4)","background-image":"","background-repeat":"repeat","background-position":"center center","background-size":"auto","background-attachment":"scroll","background-type":"","background-media":"","overlay-type":"","overlay-color":"","overlay-opacity":"","overlay-gradient":""},"tablet":{"background-color":"var(--ast-global-color-4)","background-image":"","background-repeat":"repeat","background-position":"center center","background-size":"auto","background-attachment":"scroll","background-type":"","background-media":"","overlay-type":"","overlay-color":"","overlay-opacity":"","overlay-gradient":""},"mobile":{"background-color":"var(--ast-global-color-4)","background-image":"","background-repeat":"repeat","background-position":"center center","background-size":"auto","background-attachment":"scroll","background-type":"","background-media":"","overlay-type":"","overlay-color":"","overlay-opacity":"","overlay-gradient":""}}},"product_brand":[],"product_cat":[61,34,51],"product_tag":[35,52],"class_list":{"0":"post-246","1":"product","2":"type-product","3":"status-publish","4":"has-post-thumbnail","6":"product_cat-business-returns","7":"product_cat-spanish","8":"product_cat-webinars","9":"product_tag-spanish","10":"product_tag-webinar","11":"desktop-align-left","12":"tablet-align-left","13":"mobile-align-left","14":"ast-product-gallery-layout-horizontal-slider","15":"ast-product-gallery-with-no-image","16":"ast-magnify-disabled","17":"ast-product-tabs-layout-horizontal","19":"first","20":"instock","21":"shipping-taxable","22":"purchasable","23":"product-type-simple"},"_links":{"self":[{"href":"https:\/\/academy.reacherservices.com\/es_mx\/wp-json\/wp\/v2\/product\/246","targetHints":{"allow":["GET"]}}],"collection":[{"href":"https:\/\/academy.reacherservices.com\/es_mx\/wp-json\/wp\/v2\/product"}],"about":[{"href":"https:\/\/academy.reacherservices.com\/es_mx\/wp-json\/wp\/v2\/types\/product"}],"wp:featuredmedia":[{"embeddable":true,"href":"https:\/\/academy.reacherservices.com\/es_mx\/wp-json\/wp\/v2\/media\/264"}],"wp:attachment":[{"href":"https:\/\/academy.reacherservices.com\/es_mx\/wp-json\/wp\/v2\/media?parent=246"}],"wp:term":[{"taxonomy":"product_brand","embeddable":true,"href":"https:\/\/academy.reacherservices.com\/es_mx\/wp-json\/wp\/v2\/product_brand?post=246"},{"taxonomy":"product_cat","embeddable":true,"href":"https:\/\/academy.reacherservices.com\/es_mx\/wp-json\/wp\/v2\/product_cat?post=246"},{"taxonomy":"product_tag","embeddable":true,"href":"https:\/\/academy.reacherservices.com\/es_mx\/wp-json\/wp\/v2\/product_tag?post=246"}],"curies":[{"name":"wp","href":"https:\/\/api.w.org\/{rel}","templated":true}]}}