{"id":27,"date":"2025-11-24T21:10:12","date_gmt":"2025-11-24T21:10:12","guid":{"rendered":"https:\/\/academy.reacherservices.com\/?post_type=product&#038;p=27"},"modified":"2025-12-19T16:55:23","modified_gmt":"2025-12-19T16:55:23","slug":"bilingual-tax-preparation-course","status":"publish","type":"product","link":"https:\/\/academy.reacherservices.com\/es_mx\/product\/bilingual-tax-preparation-course\/","title":{"rendered":"Bilingual Tax Preparation Course"},"content":{"rendered":"<section id=\"course-overview\">\n<h2>2025 Bilingual Tax Preparation Course<\/h2>\n<p><!-- English --><\/p>\n<article lang=\"en\">\n<h3>Description<\/h3>\n<p>This basic course gives an overview of Form 1040. Topics include filing status, standard and itemized deduction, income, which form to use, what credits the taxpayer qualifies for, and how to determine a qualifying dependent for the taxpayer. Other topics covered are capital gains and losses, adjustments to income, and much more.<\/p>\n<h3>Objectives<\/h3>\n<p>At the end of this course, the student will be able to:<\/p>\n<ul>\n<li>Understand the importance of safeguarding the taxpayer\u2019s documents<\/li>\n<li>Recognize when to use Form 4868<\/li>\n<li>Understand the different e-filing options<\/li>\n<li>Complete Schedule 2 of Form 1040<\/li>\n<li>Explain how a nonrefundable credit affects the taxpayer\u2019s tax liability<\/li>\n<li>Identify which deductions are limited to the 7.5% floor<\/li>\n<\/ul>\n<h3>Course Details<\/h3>\n<p><strong>Field of Study:<\/strong> Federal Tax Law \u2014 10 hours; Behavioral Ethics \u2014 2 hours; Tax Updates\u00a0\u2014 3 hours<br \/>\n<strong>Course Level:<\/strong> Basic<br \/>\n<strong>Prerequisite:<\/strong> None<br \/>\n<strong>Delivery Method:<\/strong> Self-Study<br \/>\n<strong>Expiration Date to earn CEs:<\/strong> June 30, 2026<\/p>\n<\/article>\n<hr \/>\n<p><!-- Espa\u00f1ol --><\/p>\n<article lang=\"es\">\n<h3>Descripci\u00f3n<\/h3>\n<p>Este curso b\u00e1sico ofrece una visi\u00f3n general del Formulario 1040. Los temas incluyen el estado civil de declaraci\u00f3n, la deducci\u00f3n est\u00e1ndar y detallada, los ingresos, qu\u00e9 formulario utilizar, qu\u00e9 cr\u00e9ditos califica el contribuyente y c\u00f3mo determinar un dependiente calificado. Tambi\u00e9n se cubren ganancias y p\u00e9rdidas de capital, ajustes al ingreso y mucho m\u00e1s.<\/p>\n<h3>Objetivos<\/h3>\n<p>Al finalizar este curso, el estudiante podr\u00e1:<\/p>\n<ul>\n<li>Comprender la importancia de salvaguardar los documentos del contribuyente<\/li>\n<li>Identificar cu\u00e1ndo usar el Formulario 4868<\/li>\n<li>Entender las diferentes opciones de presentaci\u00f3n electr\u00f3nica (e-file)<\/li>\n<li>Completar el Anexo 2 del Formulario 1040<\/li>\n<li>Explicar c\u00f3mo un cr\u00e9dito no reembolsable afecta la responsabilidad fiscal<\/li>\n<li>Identificar qu\u00e9 deducciones est\u00e1n limitadas al umbral del 7.5%<\/li>\n<\/ul>\n<h3>Detalles del curso<\/h3>\n<p><strong>Campo de estudio:<\/strong> Ley tributaria federal \u2014 10 horas; \u00c9tica \u2014 2 horas<br \/>\n<strong>Nivel del curso:<\/strong> B\u00e1sico<br \/>\n<strong>Prerrequisitos:<\/strong> Ninguno<br \/>\n<strong>M\u00e9todo de entrega:<\/strong> Autoestudio<br \/>\n<strong>Fecha l\u00edmite para obtener CEs:<\/strong> 30 de junio de 2026<\/p>\n<\/article>\n<\/section>\n<p><!-- JSON-LD Schema Markup --><\/p>","protected":false},"excerpt":{"rendered":"<p>2025 Bilingual Tax Preparation Course Description This basic course gives an overview of Form 1040. Topics include filing status, standard [&hellip;]<\/p>\n","protected":false},"featured_media":57,"template":"","meta":{"site-sidebar-layout":"default","site-content-layout":"default","ast-site-content-layout":"default","site-content-style":"default","site-sidebar-style":"default","ast-global-header-display":"","ast-banner-title-visibility":"","ast-main-header-display":"","ast-hfb-above-header-display":"","ast-hfb-below-header-display":"","ast-hfb-mobile-header-display":"","site-post-title":"","ast-breadcrumbs-content":"","ast-featured-img":"","footer-sml-layout":"","ast-disable-related-posts":"","theme-transparent-header-meta":"default","adv-header-id-meta":"","stick-header-meta":"default","header-above-stick-meta":"","header-main-stick-meta":"","header-below-stick-meta":"","astra-migrate-meta-layouts":"set","ast-page-background-enabled":"default","ast-page-background-meta":{"desktop":{"background-color":"var(--ast-global-color-5)","background-image":"","background-repeat":"repeat","background-position":"center center","background-size":"auto","background-attachment":"scroll","background-type":"","background-media":"","overlay-type":"","overlay-color":"","overlay-opacity":"","overlay-gradient":""},"tablet":{"background-color":"","background-image":"","background-repeat":"repeat","background-position":"center center","background-size":"auto","background-attachment":"scroll","background-type":"","background-media":"","overlay-type":"","overlay-color":"","overlay-opacity":"","overlay-gradient":""},"mobile":{"background-color":"","background-image":"","background-repeat":"repeat","background-position":"center center","background-size":"auto","background-attachment":"scroll","background-type":"","background-media":"","overlay-type":"","overlay-color":"","overlay-opacity":"","overlay-gradient":""}},"ast-content-background-meta":{"desktop":{"background-color":"var(--ast-global-color-4)","background-image":"","background-repeat":"repeat","background-position":"center center","background-size":"auto","background-attachment":"scroll","background-type":"","background-media":"","overlay-type":"","overlay-color":"","overlay-opacity":"","overlay-gradient":""},"tablet":{"background-color":"var(--ast-global-color-4)","background-image":"","background-repeat":"repeat","background-position":"center center","background-size":"auto","background-attachment":"scroll","background-type":"","background-media":"","overlay-type":"","overlay-color":"","overlay-opacity":"","overlay-gradient":""},"mobile":{"background-color":"var(--ast-global-color-4)","background-image":"","background-repeat":"repeat","background-position":"center center","background-size":"auto","background-attachment":"scroll","background-type":"","background-media":"","overlay-type":"","overlay-color":"","overlay-opacity":"","overlay-gradient":""}}},"product_brand":[],"product_cat":[25,26,27,28,29],"product_tag":[30,31,32],"class_list":{"0":"post-27","1":"product","2":"type-product","3":"status-publish","4":"has-post-thumbnail","6":"product_cat-beginner-federal","7":"product_cat-beginner-tax-training","8":"product_cat-bilingual","9":"product_cat-courses","10":"product_cat-federal-courses","11":"product_tag-bilingual","12":"product_tag-federal","13":"product_tag-instructor-led","14":"desktop-align-left","15":"tablet-align-left","16":"mobile-align-left","17":"ast-product-gallery-layout-horizontal-slider","18":"ast-product-gallery-with-no-image","19":"ast-magnify-disabled","20":"ast-product-tabs-layout-horizontal","22":"first","23":"instock","24":"virtual","25":"purchasable","26":"product-type-simple"},"_links":{"self":[{"href":"https:\/\/academy.reacherservices.com\/es_mx\/wp-json\/wp\/v2\/product\/27","targetHints":{"allow":["GET"]}}],"collection":[{"href":"https:\/\/academy.reacherservices.com\/es_mx\/wp-json\/wp\/v2\/product"}],"about":[{"href":"https:\/\/academy.reacherservices.com\/es_mx\/wp-json\/wp\/v2\/types\/product"}],"wp:featuredmedia":[{"embeddable":true,"href":"https:\/\/academy.reacherservices.com\/es_mx\/wp-json\/wp\/v2\/media\/57"}],"wp:attachment":[{"href":"https:\/\/academy.reacherservices.com\/es_mx\/wp-json\/wp\/v2\/media?parent=27"}],"wp:term":[{"taxonomy":"product_brand","embeddable":true,"href":"https:\/\/academy.reacherservices.com\/es_mx\/wp-json\/wp\/v2\/product_brand?post=27"},{"taxonomy":"product_cat","embeddable":true,"href":"https:\/\/academy.reacherservices.com\/es_mx\/wp-json\/wp\/v2\/product_cat?post=27"},{"taxonomy":"product_tag","embeddable":true,"href":"https:\/\/academy.reacherservices.com\/es_mx\/wp-json\/wp\/v2\/product_tag?post=27"}],"curies":[{"name":"wp","href":"https:\/\/api.w.org\/{rel}","templated":true}]}}