{"id":29,"date":"2025-11-24T21:10:12","date_gmt":"2025-11-24T21:10:12","guid":{"rendered":"https:\/\/academy.reacherservices.com\/?post_type=product&#038;p=29"},"modified":"2026-02-10T17:11:49","modified_gmt":"2026-02-10T17:11:49","slug":"curso-de-preparacion-de-impuestos","status":"publish","type":"product","link":"https:\/\/academy.reacherservices.com\/es_mx\/product\/curso-de-preparacion-de-impuestos\/","title":{"rendered":"Curso de preparaci\u00f3n de impuestos"},"content":{"rendered":"<p><em style=\"font-size: 1.2em; font-weight: bold;\">Cap\u00edtulo 1: <\/em><em style=\"font-size: 1.2em; font-weight: bold;\">Debida diligencia y sanciones<\/em><\/p>\n<div>\n<p>Este cap\u00edtulo cubrir\u00e1 la diligencia debida y las sanciones del preparador de impuestos. Cuando el contribuyente presenta una declaraci\u00f3n con cr\u00e9ditos reembolsables, el preparador de impuestos debe completar una declaraci\u00f3n de impuestos precisa y completar el Formulario 8867, que se adjunta a la declaraci\u00f3n del contribuyente.<\/p>\n<h5><em>Cap\u00edtulo 2:\u00a0<\/em><span lang=\"ES-MX\">Recopilaci\u00f3n de informaci\u00f3n de contribuyentes<\/span><\/h5>\n<p>El preparador de impuestos aprender\u00e1 a recopilar la informaci\u00f3n necesaria del contribuyente para preparar una declaraci\u00f3n de impuestos precisa. Este curso proporcionar\u00e1 ejemplos de preguntas detalladas sobre entrevistas para poder comprender c\u00f3mo recopilar la informaci\u00f3n necesaria. Al Igual saber c\u00f3mo completar una entrevista para recopilar informaci\u00f3n del contribuyente para comprender la situaci\u00f3n del contribuyente y preparar una declaraci\u00f3n de impuestos precisa es un paso esencial.<\/p>\n<h5><em>Cap\u00edtulo 3:\u00a0<\/em><em>Estado civil tributario, dependientes y deducciones<\/em><\/h5>\n<p>Este cap\u00edtulo presentar\u00e1 una descripci\u00f3n general de la deducci\u00f3n est\u00e1ndar de la Ley de Reducci\u00f3n de Impuestos y Empleos y las circunstancias que permiten a los contribuyentes reclamar una deducci\u00f3n est\u00e1ndar m\u00e1s alta. Tambi\u00e9n aprender\u00e1 qu\u00e9 es una exenci\u00f3n, qu\u00e9 exenciones puede reclamar cada uno de los estados civiles de declaraci\u00f3n y c\u00f3mo identificar a un dependiente calificado.<\/p>\n<h5><em>Cap\u00edtulo 4:\u00a0<\/em><em>Ingresos<\/em><\/h5>\n<p>El IRS tiene la autoridad para gravar todos los ingresos de cualquier fuente que se derive. Esto incluye la remuneraci\u00f3n por servicios, ganancias por disposiciones de propiedad, intereses y dividendos, alquileres y regal\u00edas, pensiones y anualidades, ganancias de juego e incluso actividades ilegales. Todos los ingresos que recibe una persona se denominan colectivamente \u00abingresos globales\u00bb. Sin embargo, no todo el dinero o propiedad es gravable o sujeto a impuestos. Este cap\u00edtulo cubrir\u00e1 los diferentes tipos de ingresos gravables y no gravables y le mostrar\u00e1 d\u00f3nde y c\u00f3mo declarar dichos salarios en una declaraci\u00f3n de impuestos preparada profesionalmente. Un profesional de impuestos debe reconocer los diferentes tipos de ingresos gravables, ingresos exentos de impuestos y\u00a0<em>otros ingresos\u00a0<\/em>incluidos en el Anexo 1, l\u00ednea 21, y debe saber c\u00f3mo calcular el porcentaje imponible sobre los beneficios del Seguro Social.<\/p>\n<h5><em>Cap\u00edtulo 5:\u00a0Ajustes al ingreso<\/em><\/h5>\n<p>En este cap\u00edtulo, los estudiantes aprender\u00e1n c\u00f3mo se utilizan los diversos gastos para \u00abajustar\u00bb o disminuir los ingresos del contribuyente para llegar a su ingreso bruto ajustado (AGI). Tambi\u00e9n aprender\u00e1n c\u00f3mo la Ley de Reducci\u00f3n de Impuestos y Empleos (TCJA) ha impactado los ajustes a nivel federal y c\u00f3mo manejar las declaraciones del a\u00f1o anterior que precedieron a los cambios exigidos por la TCJA.<\/p>\n<h5><em>Cap\u00edtulo 6: Otros impuestos<\/em><\/h5>\n<p>Este cap\u00edtulo proporciona un resumen de los impuestos miscel\u00e1neos de todo el Formulario 1040 e informados en el Anexo 2 que el ISR puede auditar del contribuyente. Esto incluye el exceso de impuestos al seguro social, impuestos adicionales sobre las IRA, el impuesto m\u00ednimo alternativo y los impuestos sobre el empleo dom\u00e9stico.<\/p>\n<h5><em>Cap\u00edtulo 7:\u00a0<\/em><em>Pagos y cr\u00e9ditos tributarios<\/em><\/h5>\n<p>Un cr\u00e9dito fiscal no reembolsable reduce el monto de la obligaci\u00f3n tributaria que debe pagarse. A diferencia de una deducci\u00f3n, que reduce la cantidad de ingresos sujetos a impuestos, un cr\u00e9dito reduce directamente el impuesto en s\u00ed. Existen dos tipos de cr\u00e9ditos: no reembolsables, que no pueden reducir la responsabilidad fiscal por debajo de cero, y reembolsables, que pueden reducir la obligaci\u00f3n tributaria por debajo de cero, lo que resulta en la necesidad de un reembolso.<\/p>\n<h5><em>Cap\u00edtulo 8:\u00a0<\/em><em>Deducciones detalladas<\/em><\/h5>\n<p>Al calcular el ingreso gravable, los gastos personales no pueden reclamarse como deducciones detalladas. Sin embargo, las reglas de impuestos permiten algunas deducciones que son esenciales para la vida diaria. Estos gastos espec\u00edficos son deducibles como deducciones detalladas. Una\u00a0<em>deducci\u00f3n est\u00e1ndar\u00a0<\/em>es una cantidad fija que el contribuyente puede reclamar en funci\u00f3n de su estado civil de declaraci\u00f3n. Las\u00a0<em>deducciones detalladas<\/em>\u00a0se muestran en la declaraci\u00f3n de impuestos utilizando el Anexo A,\u00a0<em>Deducciones detalladas<\/em>. El contribuyente debe decidir si detallar las deducciones o usar la deducci\u00f3n est\u00e1ndar y debe elegir la opci\u00f3n que mejor se adapte a su situaci\u00f3n fiscal.<\/p>\n<h5><em>Cap\u00edtulo 9:\u00a0<\/em><em>Anexo C<\/em><\/h5>\n<p>Este curso abarca c\u00f3mo el propietario \u00fanico informa los ingresos. La empresa unipersonal es la estructura empresarial m\u00e1s popular. Una empresa unipersonal es indistinguible de su propietario, y todos los ingresos obtenidos son reportados por el propietario. El Anexo C es la herramienta de informes para la mayor\u00eda de los propietarios \u00fanicos. Cubierto en el curso es la instrucci\u00f3n l\u00ednea por l\u00ednea para completar el Anexo C.<\/p>\n<h5><em>Cap\u00edtulo 10:\u00a0<\/em><em>Anexo E<\/em><\/h5>\n<p>Los ingresos por alquiler son cualquier pago recibido por el uso u ocupaci\u00f3n de bienes inmuebles o bienes personales. El pago que se recibe est\u00e1 sujeto a impuestos para el contribuyente y generalmente se informa en el Anexo E. Cada Anexo E puede reportar tres propiedades. Si el contribuyente tiene m\u00e1s de tres propiedades, se utilizar\u00edan el Anexo E adicional. El Anexo E no se utiliza para informar ingresos y gastos personales. El contribuyente no debe usar el Anexo E para reportar el alquiler de bienes personales, que no es un negocio. Para reportar otros ingresos, use el Anexo 1, l\u00edneas 8 \u2013 24b.<\/p>\n<h5><em>Cap\u00edtulo 11:\u00a0<\/em><em>Anexo F<\/em><\/h5>\n<p>Los ingresos recibidos de la explotaci\u00f3n de una explotaci\u00f3n agr\u00edcola o de los ingresos por alquiler de una explotaci\u00f3n est\u00e1n sujetos a impuestos. Los agricultores determinan sus ingresos imponibles de la agricultura y actividades relacionadas utilizando el Anexo F. Las ganancias o p\u00e9rdidas de los ingresos agr\u00edcolas se informan primero en el Anexo F y luego \u00abfluyen\u00bb al Formulario 1040, Anexo 1, l\u00ednea 6. Este curso cubre los ingresos y gastos b\u00e1sicos de la granja.<\/p>\n<h5><em>Cap\u00edtulo 12:\u00a0<span lang=\"ES-MX\">Depreciaci\u00f3n<\/span><\/em><\/h5>\n<p>La depreciaci\u00f3n es una deducci\u00f3n anual que permite a los contribuyentes recuperar el costo u otra base de su propiedad comercial o de inversi\u00f3n durante un cierto n\u00famero de a\u00f1os. La depreciaci\u00f3n es una asignaci\u00f3n por el desgaste, deterioro o inutilidad de una propiedad y comienza cuando un contribuyente pone una propiedad en servicio para su uso en una actividad o negocio. La propiedad deja de ser depreciable cuando el contribuyente ha recuperado completamente el costo de la propiedad u otra base o cuando esta ha sido retirada del servicio, lo que ocurra primero. La depreciaci\u00f3n se informa en el Formulario 4562.<\/p>\n<h5><em>Cap\u00edtulo 13:\u00a0Ganancias y p\u00e9rdidas de Capital<\/em><\/h5>\n<p>Este curso intermedio incluye c\u00f3mo calcular una ganancia o p\u00e9rdida a corto y \/ o largo plazo. El estudiante comprender\u00e1 el per\u00edodo de tenencia y qu\u00e9 es un activo de capital. Casi todo lo que un contribuyente posee y utiliza para fines personales o de inversi\u00f3n es un activo de capital. Cuando se vende un activo de capital, la diferencia entre la base del activo y la cantidad por la que se vende el art\u00edculo es una ganancia de capital o una p\u00e9rdida de capital.<\/p>\n<h5><em>Cap\u00edtulo 14:\u00a0<\/em>Declaraci\u00f3n electronica<\/h5>\n<p>La declaraci\u00f3n electr\u00f3nica (tambi\u00e9n conocida como E-File y E-filing) es el proceso para presentar las declaraciones de impuestos a trav\u00e9s de Internet mediante un software de impuestos debidamente certificado. El sistema de E-File ha facilitado considerablemente la declaraci\u00f3n de impuestos, y el IRS notifica a los usuarios del software dentro de las 24 a 48 horas si aceptaron o rechazaron la declaraci\u00f3n de impuestos. La declaraci\u00f3n electr\u00f3nica no est\u00e1 disponible durante todo el a\u00f1o, sino que comienza en alg\u00fan momento de enero y finaliza en octubre; el IRS determina cu\u00e1ndo comienza y termina exactamente la declaraci\u00f3n electr\u00f3nica cada a\u00f1o, y los estados siguen las fechas que establezca el IRS. Un originador de declaraciones electr\u00f3nicas (ERO) es la persona que origina la presentaci\u00f3n electr\u00f3nica de la declaraci\u00f3n de impuestos. Para presentar una declaraci\u00f3n electr\u00f3nicamente, la persona debe ser un proveedor autorizado de declaraciones electr\u00f3nicas del IRS.<\/p>\n<h5><em>Cap\u00edtulo 15:\u00a0<\/em>Pr\u00f3rrogas y enmiendas<\/h5>\n<p>Si los contribuyentes no pueden presentar sus declaraciones de impuestos federales de persona natural antes de la fecha de vencimiento, \u00e9l o ella puede calificar para una pr\u00f3rroga autom\u00e1tica de seis meses para presentar la declaraci\u00f3n. El contribuyente puede presentar o enviar por correo electr\u00f3nico el Formulario 4868 al IRS para solicitar la pr\u00f3rroga. Si el contribuyente ha presentado una declaraci\u00f3n y se da cuenta de que cometi\u00f3 un error, debe presentar una declaraci\u00f3n enmendada utilizando el Formulario 1040X.<\/p>\n<\/div>\n<div>\n<table width=\"100%\">\n<tbody>\n<tr>\n<td style=\"width: 56.3666%;\"><b>Detalles del curso<\/b><\/td>\n<td style=\"width: 39.6334%;\">\n<p class=\"p1\"><span class=\"s1\"><b>Lo que incluye este curso<\/b><\/span><\/p>\n<\/td>\n<\/tr>\n<tr>\n<td style=\"width: 56.3666%;\">\n<p class=\"p1\"><span class=\"s1\"><b>T\u00edtulo: <\/b>2025<b>\u00a0<\/b>Curso de preparaci\u00f3n de impuestos<br \/>\n<b>Nivel:\u00a0<\/b>Principiante<br \/>\n<b>M\u00e9todo de entrega:\u00a0<\/b>Curso de\u00a0autoestudio<\/span><\/p>\n<p class=\"p1\"><span class=\"s1\"><b>Para obtener el certificado de finalizaci\u00f3n debe:<\/b><\/span><\/p>\n<p class=\"p2\"><span class=\"s1\">\u2022 Aprobar el examen final con 70% (o m\u00e1s)<br \/>\n\u2022 Completar la encuesta del curso<\/span><\/p>\n<\/td>\n<td style=\"width: 39.6334%;\">\n<p class=\"p1\"><span class=\"s1\">\u2022 15 cap\u00edtulos (libro electr\u00f3nico)<br \/>\n\u2022 Cuestionarios<br \/>\n\u2022 Videos<br \/>\n\u2022 Declaraci\u00f3n de impuestos de pr\u00e1ctica<br \/>\n\u2022 Declaraci\u00f3n de impuestos de pr\u00e1ctica final<br \/>\n\u2022 Examen final federal<\/span><\/p>\n<\/td>\n<\/tr>\n<\/tbody>\n<\/table>\n<\/div>","protected":false},"excerpt":{"rendered":"<p>Cap\u00edtulo 1: Debida diligencia y sanciones Este cap\u00edtulo cubrir\u00e1 la diligencia debida y las sanciones del preparador de impuestos. Cuando [&hellip;]<\/p>\n","protected":false},"featured_media":59,"template":"","meta":{"site-sidebar-layout":"default","site-content-layout":"default","ast-site-content-layout":"default","site-content-style":"default","site-sidebar-style":"default","ast-global-header-display":"","ast-banner-title-visibility":"","ast-main-header-display":"","ast-hfb-above-header-display":"","ast-hfb-below-header-display":"","ast-hfb-mobile-header-display":"","site-post-title":"","ast-breadcrumbs-content":"","ast-featured-img":"","footer-sml-layout":"","ast-disable-related-posts":"","theme-transparent-header-meta":"default","adv-header-id-meta":"","stick-header-meta":"default","header-above-stick-meta":"","header-main-stick-meta":"","header-below-stick-meta":"","astra-migrate-meta-layouts":"set","ast-page-background-enabled":"default","ast-page-background-meta":{"desktop":{"background-color":"var(--ast-global-color-5)","background-image":"","background-repeat":"repeat","background-position":"center center","background-size":"auto","background-attachment":"scroll","background-type":"","background-media":"","overlay-type":"","overlay-color":"","overlay-opacity":"","overlay-gradient":""},"tablet":{"background-color":"","background-image":"","background-repeat":"repeat","background-position":"center center","background-size":"auto","background-attachment":"scroll","background-type":"","background-media":"","overlay-type":"","overlay-color":"","overlay-opacity":"","overlay-gradient":""},"mobile":{"background-color":"","background-image":"","background-repeat":"repeat","background-position":"center center","background-size":"auto","background-attachment":"scroll","background-type":"","background-media":"","overlay-type":"","overlay-color":"","overlay-opacity":"","overlay-gradient":""}},"ast-content-background-meta":{"desktop":{"background-color":"var(--ast-global-color-4)","background-image":"","background-repeat":"repeat","background-position":"center center","background-size":"auto","background-attachment":"scroll","background-type":"","background-media":"","overlay-type":"","overlay-color":"","overlay-opacity":"","overlay-gradient":""},"tablet":{"background-color":"var(--ast-global-color-4)","background-image":"","background-repeat":"repeat","background-position":"center center","background-size":"auto","background-attachment":"scroll","background-type":"","background-media":"","overlay-type":"","overlay-color":"","overlay-opacity":"","overlay-gradient":""},"mobile":{"background-color":"var(--ast-global-color-4)","background-image":"","background-repeat":"repeat","background-position":"center center","background-size":"auto","background-attachment":"scroll","background-type":"","background-media":"","overlay-type":"","overlay-color":"","overlay-opacity":"","overlay-gradient":""}}},"product_brand":[],"product_cat":[25,26,28,29,34],"product_tag":[31,32,35],"class_list":{"0":"post-29","1":"product","2":"type-product","3":"status-publish","4":"has-post-thumbnail","6":"product_cat-beginner-federal","7":"product_cat-beginner-tax-training","8":"product_cat-courses","9":"product_cat-federal-courses","10":"product_cat-spanish","11":"product_tag-federal","12":"product_tag-instructor-led","13":"product_tag-spanish","14":"desktop-align-left","15":"tablet-align-left","16":"mobile-align-left","17":"ast-product-gallery-layout-horizontal-slider","18":"ast-product-gallery-with-no-image","19":"ast-magnify-disabled","20":"ast-product-tabs-layout-horizontal","22":"first","23":"instock","24":"virtual","25":"purchasable","26":"product-type-simple"},"_links":{"self":[{"href":"https:\/\/academy.reacherservices.com\/es_mx\/wp-json\/wp\/v2\/product\/29","targetHints":{"allow":["GET"]}}],"collection":[{"href":"https:\/\/academy.reacherservices.com\/es_mx\/wp-json\/wp\/v2\/product"}],"about":[{"href":"https:\/\/academy.reacherservices.com\/es_mx\/wp-json\/wp\/v2\/types\/product"}],"wp:featuredmedia":[{"embeddable":true,"href":"https:\/\/academy.reacherservices.com\/es_mx\/wp-json\/wp\/v2\/media\/59"}],"wp:attachment":[{"href":"https:\/\/academy.reacherservices.com\/es_mx\/wp-json\/wp\/v2\/media?parent=29"}],"wp:term":[{"taxonomy":"product_brand","embeddable":true,"href":"https:\/\/academy.reacherservices.com\/es_mx\/wp-json\/wp\/v2\/product_brand?post=29"},{"taxonomy":"product_cat","embeddable":true,"href":"https:\/\/academy.reacherservices.com\/es_mx\/wp-json\/wp\/v2\/product_cat?post=29"},{"taxonomy":"product_tag","embeddable":true,"href":"https:\/\/academy.reacherservices.com\/es_mx\/wp-json\/wp\/v2\/product_tag?post=29"}],"curies":[{"name":"wp","href":"https:\/\/api.w.org\/{rel}","templated":true}]}}