{"id":35,"date":"2025-11-24T21:10:12","date_gmt":"2025-11-24T21:10:12","guid":{"rendered":"https:\/\/academy.reacherservices.com\/?post_type=product&#038;p=35"},"modified":"2026-02-10T17:12:33","modified_gmt":"2026-02-10T17:12:33","slug":"curso-de-introduccion-a-los-impuestos","status":"publish","type":"product","link":"https:\/\/academy.reacherservices.com\/es_mx\/product\/curso-de-introduccion-a-los-impuestos\/","title":{"rendered":"Curso de introducci\u00f3n a los impuestos"},"content":{"rendered":"<p><em style=\"font-size: 1.2em; font-weight: bold;\">Parte I: Debida diligencia y sanciones<\/em><\/p>\n<p><span data-mce-fragment=\"1\">Este cap\u00edtulo cubrir\u00e1 la diligencia debida y las sanciones del preparador de impuestos. Cuando el contribuyente presenta una declaraci\u00f3n con cr\u00e9ditos reembolsables, el preparador de impuestos debe completar una declaraci\u00f3n de impuestos precisa y completar el Formulario 8867, que se adjunta a la declaraci\u00f3n del contribuyente.\u00a0<\/span>ponsable.<\/p>\n<h5><em>Parte II: Leyes de impuestos federales<\/em><\/h5>\n<p><em>Recopilaci\u00f3n de informaci\u00f3n del contribuyente<\/em><\/p>\n<p>La preparaci\u00f3n de declaraciones de impuestos es un arte; saber qu\u00e9 preguntas hacer ayudar\u00e1 a determinar la mejor situaci\u00f3n fiscal para la persona. La simple imputaci\u00f3n de informaci\u00f3n al software no prepara una declaraci\u00f3n de impuestos precisa. El dicho es cierto: \u201cbasura entra, basura sale\u201d. Ingresar informaci\u00f3n incorrecta para que el contribuyente reciba un reembolso mayor no es la mejor situaci\u00f3n para usted o el cliente. Este cap\u00edtulo le brinda una breve descripci\u00f3n de los formularios del a\u00f1o actual y ejemplos de preguntas para determinar la mejor posici\u00f3n fiscal para el contribuyente. Hacerle al contribuyente las preguntas correctas desde el principio le brinda al preparador de impuestos las respuestas precisas necesarias para completar la declaraci\u00f3n de impuestos.<\/p>\n<p><em>Estado civil, dependientes y deducciones<\/em><\/p>\n<p>Este cap\u00edtulo presentar\u00e1 una descripci\u00f3n general de la deducci\u00f3n est\u00e1ndar de la Ley de Reducci\u00f3n de Impuestos y Empleos y las circunstancias que permiten a los contribuyentes reclamar una deducci\u00f3n est\u00e1ndar m\u00e1s alta. Tambi\u00e9n aprender\u00e1 qu\u00e9 es una exenci\u00f3n, qu\u00e9 exenciones puede reclamar cada uno de los estados civiles de declaraci\u00f3n y c\u00f3mo identificar a un dependiente calificado.<\/p>\n<p><em>Ingresos<\/em><\/p>\n<p>El IRS tiene la autoridad para gravar todos los ingresos de cualquier fuente que se derive. Esto incluye la remuneraci\u00f3n por servicios, ganancias por disposiciones de propiedad, intereses y dividendos, alquileres y regal\u00edas, pensiones y anualidades, ganancias de juego e incluso actividades ilegales. Todos los ingresos que recibe una persona se denominan colectivamente \u00abingresos globales\u00bb. Sin embargo, no todo el dinero o propiedad es gravable o sujeto a impuestos. Este cap\u00edtulo cubrir\u00e1 los diferentes tipos de ingresos gravables y no gravables y le mostrar\u00e1 d\u00f3nde y c\u00f3mo declarar dichos salarios en una declaraci\u00f3n de impuestos preparada profesionalmente. Un profesional de impuestos debe reconocer los diferentes tipos de ingresos gravables, ingresos exentos de impuestos y <em>otros ingresos <\/em>incluidos en el Anexo 1, l\u00ednea 21, y debe saber c\u00f3mo calcular el porcentaje imponible sobre los beneficios del Seguro Social.<\/p>\n<p><em>Cr\u00e9ditos y Pagos de Impuestos<\/em><\/p>\n<p>Un cr\u00e9dito fiscal no reembolsable reduce el monto de la obligaci\u00f3n tributaria que debe pagarse. A diferencia de una deducci\u00f3n, que reduce la cantidad de ingresos sujetos a impuestos, un cr\u00e9dito reduce directamente el impuesto en s\u00ed. Existen dos tipos de cr\u00e9ditos: no reembolsables, que no pueden reducir la responsabilidad fiscal por debajo de cero, y reembolsables, que pueden reducir la obligaci\u00f3n tributaria por debajo de cero, lo que resulta en la necesidad de un reembolso.<\/p>\n<p><em>Ajustes a los ingresos<\/em><\/p>\n<p>En este cap\u00edtulo, los estudiantes aprender\u00e1n c\u00f3mo se utilizan los diversos gastos para \u00abajustar\u00bb o disminuir los ingresos del contribuyente para llegar a su ingreso bruto ajustado (AGI). Tambi\u00e9n aprender\u00e1n c\u00f3mo la Ley de Reducci\u00f3n de Impuestos y Empleos (TCJA) ha impactado los ajustes a nivel federal y c\u00f3mo manejar las declaraciones del a\u00f1o anterior que precedieron a los cambios exigidos por la TCJA.<\/p>\n<p><em>Deducciones detalladas<\/em><\/p>\n<p>Al calcular el ingreso gravable, los gastos personales no pueden reclamarse como deducciones detalladas. Sin embargo, las reglas de impuestos permiten algunas deducciones que son esenciales para la vida diaria. Estos gastos espec\u00edficos son deducibles como deducciones detalladas. Una <em>deducci\u00f3n est\u00e1ndar <\/em>es una cantidad fija que el contribuyente puede reclamar en funci\u00f3n de su estado civil de declaraci\u00f3n. Las <em>deducciones detalladas<\/em> se muestran en la declaraci\u00f3n de impuestos utilizando el Anexo A, <em>Deducciones detalladas<\/em>. El contribuyente debe decidir si detallar las deducciones o usar la deducci\u00f3n est\u00e1ndar y debe elegir la opci\u00f3n que mejor se adapte a su situaci\u00f3n fiscal.<\/p>\n<p class=\"p1\">\n<table class=\"t1\" cellspacing=\"0\" cellpadding=\"0\">\n<tbody>\n<tr>\n<td class=\"td1\" valign=\"middle\">\n<p class=\"p1\"><span class=\"s1\"><b>Detalles del curso<\/b><\/span><\/p>\n<\/td>\n<td class=\"td2\" valign=\"middle\">\n<p class=\"p1\"><span class=\"s1\"><b>Lo que incluye este curso<\/b><\/span><\/p>\n<\/td>\n<\/tr>\n<tr>\n<td class=\"td3\" valign=\"middle\">\n<p class=\"p2\"><strong>T\u00edtulo:<\/strong>\u00a0Curso introductorio de impuestos<br \/>\n<strong>Nivel:<\/strong>\u00a0B\u00e1sico<br \/>\n<strong>M\u00e9todo de entrega:<\/strong>\u00a0Autoestudio<\/p>\n<p><strong>Para obtener el certificado de finalizaci\u00f3n debe:<\/strong><\/p>\n<p>\u2022 Aprobar el examen final con 70% (o m\u00e1s)<br \/>\n\u2022 Completar la encuesta del curso<\/td>\n<td class=\"td4\" valign=\"middle\">\n<p class=\"p3\"><span class=\"s1\">\u2022\u00a0<\/span><\/p>\n<p class=\"p3\"><span class=\"s1\"><span data-mce-fragment=\"1\">Libro electr\u00f3nico de\u00a02 partes<\/span><\/span><span class=\"s1\"><br \/>\n\u2022 Videos<br \/>\n\u2022 Declaraci\u00f3n de impuestos de pr\u00e1ctica<br \/>\n\u2022 Examens final<\/span><\/p>\n<\/td>\n<\/tr>\n<\/tbody>\n<\/table>\n<p>&nbsp;<\/p>","protected":false},"excerpt":{"rendered":"<p><b style=\"font-style: inherit;\">Cr\u00e9ditos de Educaci\u00f3n Continua (CE, por sus siglas en ingl\u00e9s): <\/b><span style=\"font-size: 16px;\">Ley de Impuesto Federal\u00a0<\/span><b style=\"font-style: inherit;\">8<\/b><span style=\"font-size: 16px;\">,<\/span><b style=\"font-style: inherit;\">\u00a0<\/b><span style=\"font-size: 16px;\">\u00c9tica regulatoria\u00a0<\/span><b style=\"font-style: inherit;\">2<\/b><\/p>\n<div>\n<p class=\"p1\"><span class=\"s1\">El <b><i>curso introductorio <\/i><\/b>cubre formularios cortos, el formulario 1040. <\/span>Los temas cubiertos en el curso son Introducci\u00f3n al Sistema Tributario Estadounidense, t\u00e9cnicas de entrevistas para determinar el estado civil de los contribuyentes, ciertos cr\u00e9ditos tributarios comunes reembolsables y no reembolsables y una descripci\u00f3n general de los ingresos.<\/p>\n<p><strong>Objetivos<\/strong><\/p>\n<p>Al finalizar este curso, el alumno podr\u00e1 hacer lo siguiente:<\/p>\n<ul>\n<li>Explicar\u00e1 c\u00f3mo un cr\u00e9dito no reembolsable afecta la obligaci\u00f3n tributaria del contribuyente.<\/li>\n<li>Reconocer\u00e1 qu\u00e9 es la responsabilidad profesional en la preparaci\u00f3n de impuestos.<\/li>\n<li>Se dar\u00e1 cuenta de cu\u00e1les son las responsabilidades del preparador de impuestos para con el contribuyente.<\/li>\n<\/ul>\n<\/div>","protected":false},"featured_media":65,"template":"","meta":{"site-sidebar-layout":"default","site-content-layout":"default","ast-site-content-layout":"default","site-content-style":"default","site-sidebar-style":"default","ast-global-header-display":"","ast-banner-title-visibility":"","ast-main-header-display":"","ast-hfb-above-header-display":"","ast-hfb-below-header-display":"","ast-hfb-mobile-header-display":"","site-post-title":"","ast-breadcrumbs-content":"","ast-featured-img":"","footer-sml-layout":"","ast-disable-related-posts":"","theme-transparent-header-meta":"default","adv-header-id-meta":"","stick-header-meta":"default","header-above-stick-meta":"","header-main-stick-meta":"","header-below-stick-meta":"","astra-migrate-meta-layouts":"set","ast-page-background-enabled":"default","ast-page-background-meta":{"desktop":{"background-color":"var(--ast-global-color-5)","background-image":"","background-repeat":"repeat","background-position":"center center","background-size":"auto","background-attachment":"scroll","background-type":"","background-media":"","overlay-type":"","overlay-color":"","overlay-opacity":"","overlay-gradient":""},"tablet":{"background-color":"","background-image":"","background-repeat":"repeat","background-position":"center center","background-size":"auto","background-attachment":"scroll","background-type":"","background-media":"","overlay-type":"","overlay-color":"","overlay-opacity":"","overlay-gradient":""},"mobile":{"background-color":"","background-image":"","background-repeat":"repeat","background-position":"center center","background-size":"auto","background-attachment":"scroll","background-type":"","background-media":"","overlay-type":"","overlay-color":"","overlay-opacity":"","overlay-gradient":""}},"ast-content-background-meta":{"desktop":{"background-color":"var(--ast-global-color-4)","background-image":"","background-repeat":"repeat","background-position":"center center","background-size":"auto","background-attachment":"scroll","background-type":"","background-media":"","overlay-type":"","overlay-color":"","overlay-opacity":"","overlay-gradient":""},"tablet":{"background-color":"var(--ast-global-color-4)","background-image":"","background-repeat":"repeat","background-position":"center center","background-size":"auto","background-attachment":"scroll","background-type":"","background-media":"","overlay-type":"","overlay-color":"","overlay-opacity":"","overlay-gradient":""},"mobile":{"background-color":"var(--ast-global-color-4)","background-image":"","background-repeat":"repeat","background-position":"center center","background-size":"auto","background-attachment":"scroll","background-type":"","background-media":"","overlay-type":"","overlay-color":"","overlay-opacity":"","overlay-gradient":""}}},"product_brand":[],"product_cat":[28,29,34],"product_tag":[37,31],"class_list":{"0":"post-35","1":"product","2":"type-product","3":"status-publish","4":"has-post-thumbnail","6":"product_cat-courses","7":"product_cat-federal-courses","8":"product_cat-spanish","9":"product_tag-english","10":"product_tag-federal","11":"desktop-align-left","12":"tablet-align-left","13":"mobile-align-left","14":"ast-product-gallery-layout-horizontal-slider","15":"ast-product-gallery-with-no-image","16":"ast-magnify-disabled","17":"ast-product-tabs-layout-horizontal","19":"first","20":"instock","21":"virtual","22":"purchasable","23":"product-type-simple"},"_links":{"self":[{"href":"https:\/\/academy.reacherservices.com\/es_mx\/wp-json\/wp\/v2\/product\/35","targetHints":{"allow":["GET"]}}],"collection":[{"href":"https:\/\/academy.reacherservices.com\/es_mx\/wp-json\/wp\/v2\/product"}],"about":[{"href":"https:\/\/academy.reacherservices.com\/es_mx\/wp-json\/wp\/v2\/types\/product"}],"wp:featuredmedia":[{"embeddable":true,"href":"https:\/\/academy.reacherservices.com\/es_mx\/wp-json\/wp\/v2\/media\/65"}],"wp:attachment":[{"href":"https:\/\/academy.reacherservices.com\/es_mx\/wp-json\/wp\/v2\/media?parent=35"}],"wp:term":[{"taxonomy":"product_brand","embeddable":true,"href":"https:\/\/academy.reacherservices.com\/es_mx\/wp-json\/wp\/v2\/product_brand?post=35"},{"taxonomy":"product_cat","embeddable":true,"href":"https:\/\/academy.reacherservices.com\/es_mx\/wp-json\/wp\/v2\/product_cat?post=35"},{"taxonomy":"product_tag","embeddable":true,"href":"https:\/\/academy.reacherservices.com\/es_mx\/wp-json\/wp\/v2\/product_tag?post=35"}],"curies":[{"name":"wp","href":"https:\/\/api.w.org\/{rel}","templated":true}]}}