{"id":37,"date":"2025-11-24T21:10:12","date_gmt":"2025-11-24T21:10:12","guid":{"rendered":"https:\/\/academy.reacherservices.com\/?post_type=product&#038;p=37"},"modified":"2026-02-10T17:12:52","modified_gmt":"2026-02-10T17:12:52","slug":"afsp-espanol","status":"publish","type":"product","link":"https:\/\/academy.reacherservices.com\/es_mx\/product\/afsp-espanol\/","title":{"rendered":"AFSP &#8211; espa\u00f1ol"},"content":{"rendered":"<div>\n<h5><span data-mce-fragment=\"1\">Parte I:\u00a0Debida diligencia y sanciones<\/span><\/h5>\n<p>Este cap\u00edtulo explicar\u00e1 c\u00f3mo determinar qui\u00e9n califica como preparador de declaraciones de impuestos, qu\u00e9 derechos de representaci\u00f3n tiene un preparador, c\u00f3mo esta persona est\u00e1 obligada por la gu\u00eda de la Circular 230, y lo que significa para un\/a preparador\/a de impuestos comportarse de manera \u00e9tica y responsable.<\/p>\n<h5>Parte II: Leyes de impuestos federales<\/h5>\n<p class=\"p1\"><strong><i>Anexo C<\/i><\/strong><\/p>\n<p>Este curso abarca c\u00f3mo el propietario \u00fanico informa los ingresos. La empresa unipersonal es la estructura empresarial m\u00e1s popular. Una empresa unipersonal es indistinguible de su propietario, y todos los ingresos obtenidos son reportados por el propietario. El Anexo C es la herramienta de informes para la mayor\u00eda de los propietarios \u00fanicos. Cubierto en el curso es la instrucci\u00f3n l\u00ednea por l\u00ednea para completar el Anexo C.<\/p>\n<p><em><strong>Anexo E<\/strong><\/em><\/p>\n<p>Los ingresos por alquiler son cualquier pago recibido por el uso u ocupaci\u00f3n de bienes inmuebles o bienes personales. El pago que se recibe est\u00e1 sujeto a impuestos para el contribuyente y generalmente se informa en el Anexo E. Cada Anexo E puede reportar tres propiedades. Si el contribuyente tiene m\u00e1s de tres propiedades, se utilizar\u00edan el Anexo E adicional. El Anexo E no se utiliza para informar ingresos y gastos personales. El contribuyente no debe usar el Anexo E para reportar el alquiler de bienes personales, que no es un negocio. Para reportar otros ingresos, use el Anexo 1, l\u00edneas 8 \u2013 24b.<\/p>\n<p><em><strong>Anexo F<\/strong><\/em><\/p>\n<p>Los ingresos recibidos de la explotaci\u00f3n de una explotaci\u00f3n agr\u00edcola o de los ingresos por alquiler de una explotaci\u00f3n est\u00e1n sujetos a impuestos. Los agricultores determinan sus ingresos imponibles de la agricultura y actividades relacionadas utilizando el Anexo F. Las ganancias o p\u00e9rdidas de los ingresos agr\u00edcolas se informan primero en el Anexo F y luego \u00abfluyen\u00bb al Formulario 1040, Anexo 1, l\u00ednea 6. Este curso cubre los ingresos y gastos b\u00e1sicos de la granja.<\/p>\n<div id=\"st-parte-ii-leyes-de-impuestos-federales_0-1\" class=\"station-tabs-content is-active\" role=\"tabpanel\" aria-labelledby=\"st-link-parte-ii-leyes-de-impuestos-federales_0-1\" aria-hidden=\"false\">\n<div class=\"station-tabs-content-inner\">\n<p><em><strong>Depreciaci\u00f3n<\/strong><\/em><\/p>\n<p class=\"p1\"><i><\/i>La depreciaci\u00f3n es una deducci\u00f3n anual que permite a los contribuyentes recuperar el costo u otra base de su propiedad comercial o de inversi\u00f3n durante un cierto n\u00famero de a\u00f1os. La depreciaci\u00f3n es una asignaci\u00f3n por el desgaste, deterioro o inutilidad de una propiedad y comienza cuando un contribuyente pone una propiedad en servicio para su uso en una actividad o negocio. La propiedad deja de ser depreciable cuando el contribuyente ha recuperado completamente el costo de la propiedad u otra base o cuando esta ha sido retirada del servicio, lo que ocurra primero. La depreciaci\u00f3n se informa en el Formulario 4562.<\/p>\n<\/div>\n<\/div>\n<p>&nbsp;<\/p>\n<h5>Parte III: Repaso de actualizaciones de leyes de impuestos federales AFTR<\/h5>\n<p>El curso anual de actualizaci\u00f3n de impuestos federales (AFTR) tiene la intenci\u00f3n de preparar a la persona para el pr\u00f3ximo a\u00f1o tributario. Este curso cubre los \u00faltimos cambios en la legislaci\u00f3n tributaria y los problemas tributarios actuales, as\u00ed como la pr\u00e1ctica y la responsabilidad profesional. Cuando el profesional de impuestos no inscrito aprueba este curso con un 70% o m\u00e1s y completa 10 horas de ley tributaria y 2 horas de \u00e9tica, podr\u00eda calificar para estar en la base de datos nacional del IRS. Este curso sigue los 3 dominios que se establecen anualmente por el IRS. Entre ellos se incluyen:<\/p>\n<ol>\n<li>Nueva Ley Tributaria\/Actualizaciones Recientes<\/li>\n<li>Revisi\u00f3n general<\/li>\n<li>Pr\u00e1cticas, Procedimientos y Responsabilidad Profesional<\/li>\n<\/ol>\n<p>Al final de este curso, el estudiante podr\u00e1 hacer lo siguiente:<\/p>\n<ul>\n<li>Comprender los derechos de representaci\u00f3n limitados.<\/li>\n<li>Reconocer las tasas de inflaci\u00f3n anual para la deducci\u00f3n est\u00e1ndar.<\/li>\n<li>Comprender la diferencia entre negocios y pasatiempos.<\/li>\n<li>Identificar a los contribuyentes que califican para un \u00e1rea de desastre declarada por el gobierno federal.<\/li>\n<\/ul>\n<p class=\"p1\"><span class=\"s1\"><b>\u00bfC\u00f3mo obtengo un registro de finalizaci\u00f3n del AFSP?<\/b><\/span><\/p>\n<ul>\n<li><span class=\"s1\">Tome un curso de Actualizaci\u00f3n Anual de Impuestos Federales (AFTR, por sus siglas en ingl\u00e9s) de seis (6) horas que cubra temas de la temporada de declaraci\u00f3n y actualizaciones de la legislaci\u00f3n fiscal, as\u00ed como una prueba de comprensi\u00f3n basada en el conocimiento realizada al final del curso por el proveedor de CE.<\/span><\/li>\n<li>Tome diez (10) horas de otros temas de la Ley de Impuesto Federal; y<\/li>\n<li><span class=\"s1\">Tome dos (2) horas de \u00c9tica.<\/span><\/li>\n<li><span class=\"s1\">Tener un n\u00famero de identificaci\u00f3n fiscal de preparador (PTIN, por sus siglas en ingl\u00e9s).<\/span><\/li>\n<li><span class=\"s1\">Dar su consentimiento para cumplir con las obligaciones pr\u00e1cticas espec\u00edficas descritas en la subsecci\u00f3n B y la secci\u00f3n 10.51 de la Circular del Departamento del Tesoro No. 230.<\/span><span class=\"s1\">\u00a0<\/span><\/li>\n<\/ul>\n<p class=\"p1\"><span class=\"s1\"><b>\u00bfC\u00f3mo y cu\u00e1ndo recibir\u00e9 mi registro de finalizaci\u00f3n?<\/b><\/span><\/p>\n<ul>\n<li><span class=\"s1\">Despu\u00e9s de que comience la temporada de renovaci\u00f3n del PTIN en octubre, se le generar\u00e1 un registro de finalizaci\u00f3n una vez que se hayan cumplido todos los requisitos, incluyendo la renovaci\u00f3n de su PTIN y el consentimiento a las obligaciones de la circular 230.<\/span><\/li>\n<li><span class=\"s1\">Si tiene una cuenta de PTIN en l\u00ednea, recibir\u00e1 un correo electr\u00f3nico de\u00a0<a href=\"mailto:TaxPro_PTIN@irs.gov\"><span class=\"s2\">TaxPro_PTIN@irs.gov<\/span><\/a>\u00a0con instrucciones sobre c\u00f3mo firmar el consentimiento de la circular 230 y recibir su certificado en su buz\u00f3n seguro en l\u00ednea.<\/span><\/li>\n<li><span class=\"s1\">Si no tiene una cuenta PTIN en l\u00ednea, recibir\u00e1 una carta con las instrucciones para completar el proceso de solicitud y obtener su certificado.<\/span><\/li>\n<\/ul>\n<p class=\"p1\"><span class=\"s1\"><b>\u00bfQui\u00e9n est\u00e1 exento de tomar el curso del AFSP?<\/b><\/span><\/p>\n<ul>\n<li><span class=\"s1\">Cualquier persona que haya superado la prueba RTRP administrada por el IRS entre noviembre de 2011 y enero de 2013.<\/span><\/li>\n<li><span class=\"s1\">Participantes establecidos del programa de preparador de declaraciones basado en el estado con pruebas (Oreg\u00f3n, California y Maryland).<\/span><\/li>\n<li><span class=\"s1\">Aquellos que hayan aprobado la Parte 1 del SEE (Examen de Inscripci\u00f3n Especial) en los \u00faltimos 2 a\u00f1os.<\/span><\/li>\n<li><span class=\"s1\">Voluntarios de VITA\/TCE: revisores de calidad e instructores con PTIN activos.<\/span><\/li>\n<li><span class=\"s1\">Otros titulares acreditados de credenciales centradas en impuestos, son los siguientes:<\/span>\n<ul>\n<li>El Consejo de Acreditaci\u00f3n de Contabilidad.<\/li>\n<li>Contador\/Asesor Comercial Acreditado (ABA, por sus siglas en ingl\u00e9s) de Tributaci\u00f3n.<\/li>\n<li>Preparador de Impuestos Acreditado (ATP, por sus siglas en ingl\u00e9s).<\/li>\n<\/ul>\n<\/li>\n<\/ul>\n<p><strong>Cumplo con una de estas exenciones. \u00bfC\u00f3mo obtengo un AFSP \u2013 Registro de Finalizaci\u00f3n?<\/strong><\/p>\n<ul>\n<li>Tome quince (15) horas de educaci\u00f3n continua, que incluyen:\n<ul>\n<li>tres (3) horas de actualizaciones de la ley tributaria federal,<\/li>\n<li>diez (10) horas de otros temas de\u00a0ley tributario federal y<\/li>\n<li>dos (2) horas de \u00e9tica.<\/li>\n<\/ul>\n<\/li>\n<\/ul>\n<ul>\n<li>Tener un n\u00famero de identificaci\u00f3n fiscal (PTIN) de preparador activo.<\/li>\n<\/ul>\n<ul>\n<li>Consentimiento para cumplir con las obligaciones pr\u00e1cticas espec\u00edficas descritas en la Subparte B y la secci\u00f3n 10.51 de la Circular no. 230 PDF del Departamento del Tesoro.<\/li>\n<\/ul>\n<p>&nbsp;<\/p>\n<table width=\"100%\">\n<tbody>\n<tr>\n<td width=\"657\"><strong>Detalles del curso<\/strong><\/td>\n<td width=\"462\"><strong>Lo que incluye este curso<\/strong><\/td>\n<\/tr>\n<tr>\n<td width=\"657\"><strong>T\u00edtulo: <\/strong>2025<strong>\u00a0<\/strong>Programa anual de temporada de impuestos (AFSP)<br \/>\n<strong>Nivel:\u00a0<\/strong>Intermedio<br \/>\n<strong>M\u00e9todo de entrega:\u00a0<\/strong>Curso de\u00a0autoestudio<\/td>\n<\/tr>\n<\/tbody>\n<\/table>\n<p><strong>Para obtener el certificado de finalizaci\u00f3n debe:<\/strong><\/p>\n<p>\u2022 Aprobar los examens final con 70% (o m\u00e1s)<br \/>\n\u2022 Completar la encuesta del curso\u2022 Cap\u00edtulos de 3 partes (libro electr\u00f3nico)<br \/>\n\u2022 Videos<br \/>\n\u2022\u00a0Examen final de diligencia debida<br \/>\n\u2022 Examen final federal<br \/>\n\u2022 Examen final de AFTR<\/p>\n<\/div>","protected":false},"excerpt":{"rendered":"<p>Parte I:\u00a0Debida diligencia y sanciones Este cap\u00edtulo explicar\u00e1 c\u00f3mo determinar qui\u00e9n califica como preparador de declaraciones de impuestos, qu\u00e9 derechos [&hellip;]<\/p>\n","protected":false},"featured_media":67,"template":"","meta":{"site-sidebar-layout":"default","site-content-layout":"default","ast-site-content-layout":"default","site-content-style":"default","site-sidebar-style":"default","ast-global-header-display":"","ast-banner-title-visibility":"","ast-main-header-display":"","ast-hfb-above-header-display":"","ast-hfb-below-header-display":"","ast-hfb-mobile-header-display":"","site-post-title":"","ast-breadcrumbs-content":"","ast-featured-img":"","footer-sml-layout":"","ast-disable-related-posts":"","theme-transparent-header-meta":"default","adv-header-id-meta":"","stick-header-meta":"default","header-above-stick-meta":"","header-main-stick-meta":"","header-below-stick-meta":"","astra-migrate-meta-layouts":"set","ast-page-background-enabled":"default","ast-page-background-meta":{"desktop":{"background-color":"var(--ast-global-color-5)","background-image":"","background-repeat":"repeat","background-position":"center center","background-size":"auto","background-attachment":"scroll","background-type":"","background-media":"","overlay-type":"","overlay-color":"","overlay-opacity":"","overlay-gradient":""},"tablet":{"background-color":"","background-image":"","background-repeat":"repeat","background-position":"center center","background-size":"auto","background-attachment":"scroll","background-type":"","background-media":"","overlay-type":"","overlay-color":"","overlay-opacity":"","overlay-gradient":""},"mobile":{"background-color":"","background-image":"","background-repeat":"repeat","background-position":"center center","background-size":"auto","background-attachment":"scroll","background-type":"","background-media":"","overlay-type":"","overlay-color":"","overlay-opacity":"","overlay-gradient":""}},"ast-content-background-meta":{"desktop":{"background-color":"var(--ast-global-color-4)","background-image":"","background-repeat":"repeat","background-position":"center center","background-size":"auto","background-attachment":"scroll","background-type":"","background-media":"","overlay-type":"","overlay-color":"","overlay-opacity":"","overlay-gradient":""},"tablet":{"background-color":"var(--ast-global-color-4)","background-image":"","background-repeat":"repeat","background-position":"center center","background-size":"auto","background-attachment":"scroll","background-type":"","background-media":"","overlay-type":"","overlay-color":"","overlay-opacity":"","overlay-gradient":""},"mobile":{"background-color":"var(--ast-global-color-4)","background-image":"","background-repeat":"repeat","background-position":"center center","background-size":"auto","background-attachment":"scroll","background-type":"","background-media":"","overlay-type":"","overlay-color":"","overlay-opacity":"","overlay-gradient":""}}},"product_brand":[],"product_cat":[38,28,29,39,34],"product_tag":[37,31],"class_list":{"0":"post-37","1":"product","2":"type-product","3":"status-publish","4":"has-post-thumbnail","6":"product_cat-california-courses","7":"product_cat-courses","8":"product_cat-federal-courses","9":"product_cat-renewing-tax-pros","10":"product_cat-spanish","11":"product_tag-english","12":"product_tag-federal","13":"desktop-align-left","14":"tablet-align-left","15":"mobile-align-left","16":"ast-product-gallery-layout-horizontal-slider","17":"ast-product-gallery-with-no-image","18":"ast-magnify-disabled","19":"ast-product-tabs-layout-horizontal","21":"first","22":"outofstock","23":"virtual","24":"purchasable","25":"product-type-simple"},"_links":{"self":[{"href":"https:\/\/academy.reacherservices.com\/es_mx\/wp-json\/wp\/v2\/product\/37","targetHints":{"allow":["GET"]}}],"collection":[{"href":"https:\/\/academy.reacherservices.com\/es_mx\/wp-json\/wp\/v2\/product"}],"about":[{"href":"https:\/\/academy.reacherservices.com\/es_mx\/wp-json\/wp\/v2\/types\/product"}],"wp:featuredmedia":[{"embeddable":true,"href":"https:\/\/academy.reacherservices.com\/es_mx\/wp-json\/wp\/v2\/media\/67"}],"wp:attachment":[{"href":"https:\/\/academy.reacherservices.com\/es_mx\/wp-json\/wp\/v2\/media?parent=37"}],"wp:term":[{"taxonomy":"product_brand","embeddable":true,"href":"https:\/\/academy.reacherservices.com\/es_mx\/wp-json\/wp\/v2\/product_brand?post=37"},{"taxonomy":"product_cat","embeddable":true,"href":"https:\/\/academy.reacherservices.com\/es_mx\/wp-json\/wp\/v2\/product_cat?post=37"},{"taxonomy":"product_tag","embeddable":true,"href":"https:\/\/academy.reacherservices.com\/es_mx\/wp-json\/wp\/v2\/product_tag?post=37"}],"curies":[{"name":"wp","href":"https:\/\/api.w.org\/{rel}","templated":true}]}}