{"id":39,"date":"2025-11-24T21:10:12","date_gmt":"2025-11-24T21:10:12","guid":{"rendered":"https:\/\/academy.reacherservices.com\/?post_type=product&#038;p=39"},"modified":"2026-02-10T17:13:07","modified_gmt":"2026-02-10T17:13:07","slug":"bilingual-express-tax-course","status":"publish","type":"product","link":"https:\/\/academy.reacherservices.com\/es_mx\/product\/bilingual-express-tax-course\/","title":{"rendered":"Bilingual Express Tax Course"},"content":{"rendered":"<p><strong style=\"font-family: -apple-system, BlinkMacSystemFont, 'San Francisco', 'Segoe UI', Roboto, 'Helvetica Neue', sans-serif; font-size: 0.875rem;\">The content in this course includes both English and Spanish.<\/strong><\/p>\n<div>\n<div><strong data-mce-fragment=\"1\">Credits: 6<\/strong><span data-mce-fragment=\"1\">\u00a0Federal Tax Law,\u00a0<\/span><strong data-mce-fragment=\"1\">2<\/strong><span data-mce-fragment=\"1\">\u00a0Regulatory Ethics<\/span><\/div>\n<\/div>\n<p>&nbsp;<\/p>\n<div>Are you a busy owner of a tax office? Do you need a quick training solution?\u00a0<span class=\"bard-text-block style-scope\"><\/p>\n<p>Our\u00a0<strong>2025<\/strong>\u00a0<em><strong>Bilingual\u00a0<\/strong><\/em><\/span><i class=\"bard-text-block style-scope\"><b class=\"bard-text-block style-scope\">Express Tax Course<\/b><\/i>\u00a0provides office staff training, allowing business owners to\u00a0<span class=\"bard-text-block style-scope\">quickly\u00a0<\/span><span class=\"bard-text-block style-scope\">train last-minute preparers to handle the deluge of clients coming through their doors right away. Train your receptionists to do data entry on tax returns for clients waiting for a preparer.<\/span><\/div>\n<p>&nbsp;<\/p>\n<div>This course is designed for:<\/div>\n<p>&#8211; Receptionists<br \/>\n&#8211; New preparers who need a Crash Course<br \/>\n&#8211; Preparers who need to be trained quickly<br \/>\n&#8211; Late hires<br \/>\n&#8211; Late December, early January course<\/p>\n<p>This course covers the basics of federal tax. Topics covered in the course are interviewing techniques to determine taxpayer filing status, certain common refundable and non-refundable tax credits, and an income overview. Behavioral Ethics is included in this course. This course offers a section on training your office staff. Office staff training covers how to answer the phones, suggestions on how to handle dropped-off tax returns, and money handling procedures.<\/p>\n<p>At the end of this course, the student will be able to do the following:<\/p>\n<ul>\n<li>Explain how a nonrefundable credit affects the taxpayer\u2019s tax liability.<\/li>\n<li>Recognize what is professional responsibility in tax preparation.<\/li>\n<li>Realize what the tax preparer\u2019s responsibilities are to the taxpayer.<\/li>\n<\/ul>\n<p>&#8212;&#8212;&#8212;&#8212;&#8212;&#8212;&#8212;&#8212;&#8212;&#8212;&#8212;&#8212;&#8212;&#8212;&#8212;&#8212;&#8212;&#8212;&#8212;&#8212;&#8211;<\/p>\n<p class=\"p1\"><span class=\"s1\"><b>Cr\u00e9ditos:\u00a0<\/b>Ley de Impuesto Federal\u00a0<b>6<\/b>,<b>\u00a0<\/b>\u00c9tica regulatoria\u00a0<b>2<\/b><\/span><\/p>\n<p class=\"p1\"><span class=\"s1\">\u00bfEs un propietario muy ocupado de una oficina de impuestos?\u00a0\u00bfNecesita una soluci\u00f3n de capacitaci\u00f3n r\u00e1pida?<\/p>\n<p>Nuestro\u00a0<b><i>Curso de impuestos intensivo\u00a0<\/i><\/b>brinda capacitaci\u00f3n al personal administrativo, lo que permite a los due\u00f1os de negocios capacitar r\u00e1pidamente a los preparadores de \u00faltima hora para manejar la gran afluencia de clientes que ingresan.\u00a0Capacite a sus recepcionistas para que ingresen datos en las declaraciones de impuestos de los clientes que esperan a un preparador.<\/span><\/p>\n<p class=\"p1\"><span class=\"s1\">Este curso est\u00e1 dise\u00f1ado para:<\/span><\/p>\n<p class=\"p3\"><span class=\"s2\">&#8211; Recepcionistas<\/span><span class=\"s1\"><br \/>\n<\/span><span class=\"s2\">&#8211; Nuevos preparadores que necesitan un curso intensivo<\/span><span class=\"s1\"><br \/>\n<\/span><span class=\"s2\">&#8211; Preparadores que necesitan ser capacitados r\u00e1pidamente.<\/span><span class=\"s1\"><br \/>\n<\/span><span class=\"s2\">&#8211; Contrataciones tard\u00edas<\/span><span class=\"s1\"><br \/>\n<\/span><span class=\"s2\">&#8211; Finales de diciembre, principios de enero.\u00a0<\/span><\/p>\n<h3><\/h3>\n<h3 data-mce-fragment=\"1\"><strong><span style=\"color: #45b39e;\">Click on a chapter title to view the content description<\/span><\/strong><\/h3>\n<h3><strong><span style=\"color: #f5a523;\">Haga clic en el t\u00edtulo de un cap\u00edtulo para ver la descripci\u00f3n del contenido<\/span><\/strong><\/h3>\n<h5><i>Part I: \u00c9tica y multas para el preparador<\/i><\/h5>\n<h5><\/h5>\n<p class=\"p1\">This chapter will cover tax preparer due diligence and penalties. When the taxpayer files a return with refundable credits the tax preparer needs to complete an accurate tax return and complete Form 8867, which is attached to the taxpayer\u2019s return.<\/p>\n<p>&#8212;&#8212;&#8212;&#8212;&#8212;&#8212;&#8212;&#8212;&#8212;&#8212;&#8212;&#8212;&#8212;&#8212;&#8212;&#8212;&#8212;&#8212;&#8212;&#8212;&#8211;<\/p>\n<p>Este cap\u00edtulo cubrir\u00e1 la diligencia debida y las sanciones del preparador de impuestos. Cuando el contribuyente presenta una declaraci\u00f3n con cr\u00e9ditos reembolsables, el preparador de impuestos debe completar una declaraci\u00f3n de impuestos precisa y completar el Formulario 8867, que se adjunta a la declaraci\u00f3n del contribuyente.<\/p>\n<p class=\"p2\" data-mce-fragment=\"1\">\n<h5 class=\"p1\" data-mce-fragment=\"1\"><i data-mce-fragment=\"1\">Part II:\u00a0Federal Tax Law<\/i><\/h5>\n<p class=\"p2\" data-mce-fragment=\"1\"><i data-mce-fragment=\"1\">Compiling Taxpayers Information <\/i><\/p>\n<p class=\"p2\" data-mce-fragment=\"1\">Preparing tax returns is an art; knowing which questions to ask will help determine the best tax situation for the individual. Just imputing information into software does not prepare an accurate tax return. The saying is true: \u201cgarbage in, garbage out\u201d. Entering incorrect information so that the taxpayer receives a higher refund is not the best situation for you or the client. This chapter provides you with a brief overview of current year forms and sample questions to determine the best tax position for the taxpayer. Asking the taxpayer, the right questions from the beginning provides the tax preparer accurate answers needed to complete the tax return.<\/p>\n<p>&#8212;&#8212;&#8212;&#8212;&#8212;&#8212;&#8212;&#8212;&#8212;&#8212;&#8212;&#8212;&#8212;&#8212;&#8212;&#8212;&#8212;&#8212;&#8212;&#8212;&#8211;<\/p>\n<p>La preparaci\u00f3n de declaraciones de impuestos es un arte; saber qu\u00e9 preguntas hacer ayudar\u00e1 a determinar la mejor situaci\u00f3n fiscal para la persona. La simple imputaci\u00f3n de informaci\u00f3n al software no prepara una declaraci\u00f3n de impuestos precisa. El dicho es cierto: \u201cbasura entra, basura sale\u201d. Ingresar informaci\u00f3n incorrecta para que el contribuyente reciba un reembolso mayor no es la mejor situaci\u00f3n para usted o el cliente. Este cap\u00edtulo le brinda una breve descripci\u00f3n de los formularios del a\u00f1o actual y ejemplos de preguntas para determinar la mejor posici\u00f3n fiscal para el contribuyente. Hacerle al contribuyente las preguntas correctas desde el principio le brinda al preparador de impuestos las respuestas precisas necesarias para completar la declaraci\u00f3n de impuestos.<\/p>\n<p class=\"p2\" data-mce-fragment=\"1\"><i data-mce-fragment=\"1\">Filing Status, Dependents and Deductions<\/i><br \/>\n<i data-mce-fragment=\"1\"><\/i><\/p>\n<p class=\"p2\" data-mce-fragment=\"1\">This chapter will present an overview of the Tax Cuts and Jobs Act standard deduction and what circumstances permit taxpayers to claim a higher standard deduction. You will also learn what an exemption is, what exemptions each of the filing statuses can claim, and how to identify a qualifying dependent.<\/p>\n<p>&#8212;&#8212;&#8212;&#8212;&#8212;&#8212;&#8212;&#8212;&#8212;&#8212;&#8212;&#8212;&#8212;&#8212;&#8212;&#8212;&#8212;&#8212;&#8212;&#8212;&#8211;<\/p>\n<p>Este cap\u00edtulo presentar\u00e1 una descripci\u00f3n general de la deducci\u00f3n est\u00e1ndar de la Ley de Reducci\u00f3n de Impuestos y Empleos y las circunstancias que permiten a los contribuyentes reclamar una deducci\u00f3n est\u00e1ndar m\u00e1s alta. Tambi\u00e9n aprender\u00e1 qu\u00e9 es una exenci\u00f3n, qu\u00e9 exenciones puede reclamar cada uno de los estados civiles de declaraci\u00f3n y c\u00f3mo identificar a un dependiente calificado.<\/p>\n<p><i data-mce-fragment=\"1\">Income<\/i><\/p>\n<p class=\"p2\" data-mce-fragment=\"1\">The IRS has the authority to tax all income from whatever source it is derived. This includes compensation for services, gains from dispositions of property, interest and dividends, rent and royalties, pensions and annuities, gambling winnings, and even illegal activities. All such income a person receives is collectively referred to as \u201cworldwide income.\u201d However, not all money or property is taxable or subject to tax. This chapter will cover the different types of taxable and nontaxable income and show you where and how to report such wages on a professionally prepared tax return. A tax professional must recognize the different kinds of taxable income, tax-exempt income, and other income included in Schedule 1, line 21, and must know how to figure out the taxable percentage on Social Security benefits.<\/p>\n<p>&#8212;&#8212;&#8212;&#8212;&#8212;&#8212;&#8212;&#8212;&#8212;&#8212;&#8212;&#8212;&#8212;&#8212;&#8212;&#8212;&#8212;&#8212;&#8212;&#8212;&#8211;<\/p>\n<p>El IRS tiene la autoridad para gravar todos los ingresos de cualquier fuente que se derive. Esto incluye la remuneraci\u00f3n por servicios, ganancias por disposiciones de propiedad, intereses y dividendos, alquileres y regal\u00edas, pensiones y anualidades, ganancias de juego e incluso actividades ilegales. Todos los ingresos que recibe una persona se denominan colectivamente \u00abingresos globales\u00bb. Sin embargo, no todo el dinero o propiedad es gravable o sujeto a impuestos. Este cap\u00edtulo cubrir\u00e1 los diferentes tipos de ingresos gravables y no gravables y le mostrar\u00e1 d\u00f3nde y c\u00f3mo declarar dichos salarios en una declaraci\u00f3n de impuestos preparada profesionalmente. Un profesional de impuestos debe reconocer los diferentes tipos de ingresos gravables, ingresos exentos de impuestos y\u00a0<em>otros ingresos\u00a0<\/em>incluidos en el Anexo 1, l\u00ednea 21, y debe saber c\u00f3mo calcular el porcentaje imponible sobre los beneficios del Seguro Social.<\/p>\n<p><i data-mce-fragment=\"1\">Tax Credits and Payments<\/i><\/p>\n<p class=\"p2\" data-mce-fragment=\"1\">A nonrefundable tax credit reduces the amount of tax liability that may have to be paid. Unlike a deduction, which reduces the amount of income that is subject to taxation, a credit directly reduces the tax itself. There are two types of credits: nonrefundable, which cannot reduce tax liability below zero, and refundable, which can reduce tax liability below zero, resulting in the need for a refund.<\/p>\n<p>&#8212;&#8212;&#8212;&#8212;&#8212;&#8212;&#8212;&#8212;&#8212;&#8212;&#8212;&#8212;&#8212;&#8212;&#8212;&#8212;&#8212;&#8212;&#8212;&#8212;&#8211;<\/p>\n<p>Un cr\u00e9dito fiscal no reembolsable reduce el monto de la obligaci\u00f3n tributaria que debe pagarse. A diferencia de una deducci\u00f3n, que reduce la cantidad de ingresos sujetos a impuestos, un cr\u00e9dito reduce directamente el impuesto en s\u00ed. Existen dos tipos de cr\u00e9ditos: no reembolsables, que no pueden reducir la responsabilidad fiscal por debajo de cero, y reembolsables, que pueden reducir la obligaci\u00f3n tributaria por debajo de cero, lo que resulta en la necesidad de un reembolso.<\/p>\n<p class=\"p2\" data-mce-fragment=\"1\">\n<h5 class=\"p1\" data-mce-fragment=\"1\"><\/h5>\n<h5><a name=\"_Toc71207053\"><\/a><a name=\"_Toc71207582\"><\/a><a name=\"_Toc71279297\"><\/a><a name=\"_Toc71804798\"><\/a><\/h5>\n<h5 class=\"p1\" data-mce-fragment=\"1\"><i data-mce-fragment=\"1\">Part III: What Every Employee Needs to Know<\/i><\/h5>\n<p class=\"p2\" data-mce-fragment=\"1\">Studies have shown that the first 3 seconds between two individuals is crucial. Eye contact, facial expression, and stature all determine how the individual will respond to the other person. It is very important in the tax preparation business that all employees and employers understand the importance of interacting with others. Although most of this chapter will use the terms receptionist or office staff, this section is important for all employees and employers in training excellent employees.<\/p>\n<p class=\"p2\" data-mce-fragment=\"1\">Employers, this section will help you relieve some of your stress during tax season. Take the time to train the front office staff in how you want them to answer your phone, how to deliver messages to you, and how to handle difficult customers.<\/p>\n<p class=\"p2\" data-mce-fragment=\"1\">The content in this section is based on our experiences. The examples given are suggestions, and as an employer you may be able to add areas that are unique to you. If you share them with us, we can share them with others.<\/p>\n<p>&#8212;&#8212;&#8212;&#8212;&#8212;&#8212;&#8212;&#8212;&#8212;&#8212;&#8212;&#8212;&#8212;&#8212;&#8212;&#8212;&#8212;&#8212;&#8212;&#8212;&#8211;<\/p>\n<p>Los estudios han demostrado que los primeros 3 segundos de interacci\u00f3n entre dos personas son cruciales. El contacto visual, la expresi\u00f3n facial y la estatura determinan c\u00f3mo responder\u00e1 el individuo a la otra persona. Es muy importante en el negocio de preparaci\u00f3n de impuestos que todos los empleados y empleadores comprendan la importancia de interactuar con los dem\u00e1s. Aunque la mayor parte de este cap\u00edtulo utilizar\u00e1 los t\u00e9rminos recepcionista o personal administrativo, esta secci\u00f3n es importante para todos los empleados y empleadores en la capacitaci\u00f3n de excelentes empleados.<\/p>\n<p>Empleadores, esta secci\u00f3n los ayudar\u00e1 a aliviar parte de su estr\u00e9s durante la temporada de impuestos. T\u00f3mense el tiempo para capacitar al personal de recepci\u00f3n en la manera en que desean que respondan su tel\u00e9fono, entreguen mensajes y manejen a los clientes dif\u00edciles.<\/p>\n<p>El contenido de esta secci\u00f3n se basa en nuestras experiencias. Los ejemplos dados son sugerencias, y como empleadores pueden agregar \u00e1reas que son \u00fanicas para ustedes. Si comparten dichas \u00e1reas con nosotros, podemos compartirlos con otros, y con esto har\u00e1n que todas nuestras pr\u00e1cticas fiscales crezcan y sean m\u00e1s pr\u00f3speras.<\/p>\n<h6 class=\"p2\" data-mce-fragment=\"1\"><span class=\"Apple-converted-space\" data-mce-fragment=\"1\">end<\/span><\/h6>\n<table width=\"100%\">\n<tbody>\n<tr>\n<td width=\"597\"><strong>Course Details<\/strong><\/td>\n<td width=\"522\"><strong>Included in this course<\/strong><\/td>\n<\/tr>\n<tr>\n<td width=\"597\">\n<strong>Title: <\/strong>2025 Bilingual<strong>\u00a0<\/strong>Express Tax Course<br \/>\n<strong>Level:\u00a0<\/strong>Basic<br \/>\n<strong>Delivery Method:\u00a0<\/strong>Self-study<\/p>\n<p><strong>To earn certificate of completion:<\/strong><\/p>\n<p>\u2022 Pass Final Exams with 70% (or better)<br \/>\n\u2022 Complete course survey<\/td>\n<td width=\"522\">\u2022 3-Part eBook<br \/>\n\u2022 Videos<br \/>\n\u2022\u00a0Practice Tax Returns<br \/>\n\u2022 Certificate of Completion<br \/>\n\u2022 Credits reported to CTEC and IRS<br \/>\n\u2022 Final Exams<\/td>\n<\/tr>\n<\/tbody>\n<\/table>","protected":false},"excerpt":{"rendered":"<div><strong>The content in this course includes both English and Spanish.<\/strong><\/div>\n<div>\n<div><strong>Credits: 6<\/strong>\u00a0Federal Tax Law,\u00a0<strong>2<\/strong>\u00a0Regulatory Ethics<\/div>\n<\/div>\n<div>Are you a busy owner of a tax office?\u00a0Do you need a quick training solution? <span class=\"bard-text-block style-scope\"><br \/>\nOur <strong>2023<\/strong>\u00a0<em><strong>Bilingual\u00a0<\/strong><\/em><\/span><i class=\"bard-text-block style-scope\"><b class=\"bard-text-block style-scope\">Express Tax Course<\/b><\/i>\u00a0provides office staff training, allowing business owners to\u00a0<span class=\"bard-text-block style-scope\">quickly\u00a0<\/span><span class=\"bard-text-block style-scope\">train last-minute preparers to handle the deluge of clients coming through their doors right away.\u00a0Train your receptionists to do data entry on tax returns for clients waiting for a preparer.<\/span><\/div>\n<div>This course is designed for:<\/div>\n<p>&#8211; Receptionists<br \/>\n&#8211; New preparers who need a Crash Course<br \/>\n&#8211; Preparers who need to be trained quickly<br \/>\n&#8211; Late hires<br \/>\n&#8211; Late December, early January course<\/p>\n<p>This course covers the basics of federal tax. Topics covered in the course are interviewing techniques to determine taxpayer filing status, certain common refundable and non-refundable tax credits, and an income overview. Behavioral Ethics is included in this course. This course offers a section on training your office staff. Office staff training covers how to answer the phones, suggestions on how to handle dropped-off tax returns, and money handling procedures.<\/p>\n<p>At the end of this course, the student will be able to do the following:<\/p>\n<ul>\n<li>Explain how a nonrefundable credit affects the taxpayer\u2019s tax liability.<\/li>\n<li>Recognize what is professional responsibility in tax preparation.<\/li>\n<li>Realize what the tax preparer\u2019s responsibilities are to the taxpayer.<\/li>\n<\/ul>\n<p>&#8212;&#8212;&#8212;&#8212;&#8212;&#8212;&#8212;&#8212;&#8212;&#8212;&#8212;&#8212;&#8212;&#8212;&#8212;&#8212;&#8212;&#8212;&#8212;&#8212;&#8211;<\/p>\n<p class=\"p1\"><span class=\"s1\"><b>Cr\u00e9ditos:\u00a0<\/b>Ley de Impuesto Federal\u00a0<b>6<\/b>,<b>\u00a0<\/b>\u00c9tica regulatoria\u00a0<b>2<\/b><\/span><\/p>\n<p class=\"p1\"><span class=\"s1\">\u00bfEs un propietario muy ocupado de una oficina de impuestos?\u00a0\u00bfNecesita una soluci\u00f3n de capacitaci\u00f3n r\u00e1pida?<\/span><\/p>\n<p>Nuestro\u00a0<b><i>Curso de impuestos intensivo\u00a0<\/i><\/b>brinda capacitaci\u00f3n al personal administrativo, lo que permite a los due\u00f1os de negocios capacitar r\u00e1pidamente a los preparadores de \u00faltima hora para manejar la gran afluencia de clientes que ingresan.\u00a0Capacite a sus recepcionistas para que ingresen datos en las declaraciones de impuestos de los clientes que esperan a un preparador.<\/p>\n<p class=\"p1\"><span class=\"s1\">Este curso est\u00e1 dise\u00f1ado para:<\/span><\/p>\n<p class=\"p3\"><span class=\"s2\">&#8211; Recepcionistas<\/span><span class=\"s1\"><br \/>\n<\/span><span class=\"s2\">&#8211; Nuevos preparadores que necesitan un curso intensivo<\/span><span class=\"s1\"><br \/>\n<\/span><span class=\"s2\">&#8211; Preparadores que necesitan ser capacitados r\u00e1pidamente.<\/span><span class=\"s1\"><br \/>\n<\/span><span class=\"s2\">&#8211; Contrataciones tard\u00edas<\/span><span class=\"s1\"><br \/>\n<\/span><span class=\"s2\">&#8211; Finales de diciembre, principios de enero.\u00a0<\/span><\/p>","protected":false},"featured_media":69,"template":"","meta":{"site-sidebar-layout":"default","site-content-layout":"default","ast-site-content-layout":"default","site-content-style":"default","site-sidebar-style":"default","ast-global-header-display":"","ast-banner-title-visibility":"","ast-main-header-display":"","ast-hfb-above-header-display":"","ast-hfb-below-header-display":"","ast-hfb-mobile-header-display":"","site-post-title":"","ast-breadcrumbs-content":"","ast-featured-img":"","footer-sml-layout":"","ast-disable-related-posts":"","theme-transparent-header-meta":"default","adv-header-id-meta":"","stick-header-meta":"default","header-above-stick-meta":"","header-main-stick-meta":"","header-below-stick-meta":"","astra-migrate-meta-layouts":"set","ast-page-background-enabled":"default","ast-page-background-meta":{"desktop":{"background-color":"var(--ast-global-color-5)","background-image":"","background-repeat":"repeat","background-position":"center center","background-size":"auto","background-attachment":"scroll","background-type":"","background-media":"","overlay-type":"","overlay-color":"","overlay-opacity":"","overlay-gradient":""},"tablet":{"background-color":"","background-image":"","background-repeat":"repeat","background-position":"center center","background-size":"auto","background-attachment":"scroll","background-type":"","background-media":"","overlay-type":"","overlay-color":"","overlay-opacity":"","overlay-gradient":""},"mobile":{"background-color":"","background-image":"","background-repeat":"repeat","background-position":"center center","background-size":"auto","background-attachment":"scroll","background-type":"","background-media":"","overlay-type":"","overlay-color":"","overlay-opacity":"","overlay-gradient":""}},"ast-content-background-meta":{"desktop":{"background-color":"var(--ast-global-color-4)","background-image":"","background-repeat":"repeat","background-position":"center center","background-size":"auto","background-attachment":"scroll","background-type":"","background-media":"","overlay-type":"","overlay-color":"","overlay-opacity":"","overlay-gradient":""},"tablet":{"background-color":"var(--ast-global-color-4)","background-image":"","background-repeat":"repeat","background-position":"center center","background-size":"auto","background-attachment":"scroll","background-type":"","background-media":"","overlay-type":"","overlay-color":"","overlay-opacity":"","overlay-gradient":""},"mobile":{"background-color":"var(--ast-global-color-4)","background-image":"","background-repeat":"repeat","background-position":"center center","background-size":"auto","background-attachment":"scroll","background-type":"","background-media":"","overlay-type":"","overlay-color":"","overlay-opacity":"","overlay-gradient":""}}},"product_brand":[],"product_cat":[27,28,29],"product_tag":[30,31],"class_list":{"0":"post-39","1":"product","2":"type-product","3":"status-publish","4":"has-post-thumbnail","6":"product_cat-bilingual","7":"product_cat-courses","8":"product_cat-federal-courses","9":"product_tag-bilingual","10":"product_tag-federal","11":"desktop-align-left","12":"tablet-align-left","13":"mobile-align-left","14":"ast-product-gallery-layout-horizontal-slider","15":"ast-product-gallery-with-no-image","16":"ast-magnify-disabled","17":"ast-product-tabs-layout-horizontal","19":"first","20":"instock","21":"virtual","22":"purchasable","23":"product-type-simple"},"_links":{"self":[{"href":"https:\/\/academy.reacherservices.com\/es_mx\/wp-json\/wp\/v2\/product\/39","targetHints":{"allow":["GET"]}}],"collection":[{"href":"https:\/\/academy.reacherservices.com\/es_mx\/wp-json\/wp\/v2\/product"}],"about":[{"href":"https:\/\/academy.reacherservices.com\/es_mx\/wp-json\/wp\/v2\/types\/product"}],"wp:featuredmedia":[{"embeddable":true,"href":"https:\/\/academy.reacherservices.com\/es_mx\/wp-json\/wp\/v2\/media\/69"}],"wp:attachment":[{"href":"https:\/\/academy.reacherservices.com\/es_mx\/wp-json\/wp\/v2\/media?parent=39"}],"wp:term":[{"taxonomy":"product_brand","embeddable":true,"href":"https:\/\/academy.reacherservices.com\/es_mx\/wp-json\/wp\/v2\/product_brand?post=39"},{"taxonomy":"product_cat","embeddable":true,"href":"https:\/\/academy.reacherservices.com\/es_mx\/wp-json\/wp\/v2\/product_cat?post=39"},{"taxonomy":"product_tag","embeddable":true,"href":"https:\/\/academy.reacherservices.com\/es_mx\/wp-json\/wp\/v2\/product_tag?post=39"}],"curies":[{"name":"wp","href":"https:\/\/api.w.org\/{rel}","templated":true}]}}