{"id":41,"date":"2025-11-24T21:10:13","date_gmt":"2025-11-24T21:10:13","guid":{"rendered":"https:\/\/academy.reacherservices.com\/?post_type=product&#038;p=41"},"modified":"2025-12-19T16:54:41","modified_gmt":"2025-12-19T16:54:41","slug":"curso-expreso-de-impuestos","status":"publish","type":"product","link":"https:\/\/academy.reacherservices.com\/es_mx\/product\/curso-expreso-de-impuestos\/","title":{"rendered":"Curso expreso de impuestos"},"content":{"rendered":"<div>\n<p><em style=\"font-size: 1.2em; font-weight: bold;\">Parte I: <\/em><em style=\"font-size: 1.2em; font-weight: bold;\">Debida diligencia y sanciones<\/em><\/p>\n<p>Este cap\u00edtulo cubrir\u00e1 la diligencia debida y las sanciones del preparador de impuestos. Cuando el contribuyente presenta una declaraci\u00f3n con cr\u00e9ditos reembolsables, el preparador de impuestos debe completar una declaraci\u00f3n de impuestos precisa y completar el Formulario 8867, que se adjunta a la declaraci\u00f3n del contribuyente.<\/p>\n<h5><em>Parte II: Ley de impuestos federales<\/em><\/h5>\n<p>&nbsp;<\/p>\n<p><em>Compilaci\u00f3n de informaci\u00f3n del contribuyente<\/em><\/p>\n<p>La preparaci\u00f3n de declaraciones de impuestos es un arte; saber qu\u00e9 preguntas hacer ayudar\u00e1 a determinar la mejor situaci\u00f3n fiscal para la persona. La simple imputaci\u00f3n de informaci\u00f3n al software no prepara una declaraci\u00f3n de impuestos precisa. El dicho es cierto: \u201cbasura entra, basura sale\u201d. Ingresar informaci\u00f3n incorrecta para que el contribuyente reciba un reembolso mayor no es la mejor situaci\u00f3n para usted o el cliente. Este cap\u00edtulo le brinda una breve descripci\u00f3n de los formularios del a\u00f1o actual y ejemplos de preguntas para determinar la mejor posici\u00f3n fiscal para el contribuyente. Hacerle al contribuyente las preguntas correctas desde el principio le brinda al preparador de impuestos las respuestas precisas necesarias para completar la declaraci\u00f3n de impuestos.<\/p>\n<p><em>Estado civil, dependientes y deducciones<\/em><\/p>\n<p>Este cap\u00edtulo presentar\u00e1 una descripci\u00f3n general de la deducci\u00f3n est\u00e1ndar de la Ley de Reducci\u00f3n de Impuestos y Empleos y las circunstancias que permiten a los contribuyentes reclamar una deducci\u00f3n est\u00e1ndar m\u00e1s alta. Tambi\u00e9n aprender\u00e1 qu\u00e9 es una exenci\u00f3n, qu\u00e9 exenciones puede reclamar cada uno de los estados civiles de declaraci\u00f3n y c\u00f3mo identificar a un dependiente calificado.<\/p>\n<p><em>Ingresos<\/em><\/p>\n<p>El IRS tiene la autoridad para gravar todos los ingresos de cualquier fuente que se derive. Esto incluye la remuneraci\u00f3n por servicios, ganancias por disposiciones de propiedad, intereses y dividendos, alquileres y regal\u00edas, pensiones y anualidades, ganancias de juego e incluso actividades ilegales. Todos los ingresos que recibe una persona se denominan colectivamente \u00abingresos globales\u00bb. Sin embargo, no todo el dinero o propiedad es gravable o sujeto a impuestos. Este cap\u00edtulo cubrir\u00e1 los diferentes tipos de ingresos gravables y no gravables y le mostrar\u00e1 d\u00f3nde y c\u00f3mo declarar dichos salarios en una declaraci\u00f3n de impuestos preparada profesionalmente. Un profesional de impuestos debe reconocer los diferentes tipos de ingresos gravables, ingresos exentos de impuestos y <em>otros ingresos <\/em>incluidos en el Anexo 1, l\u00ednea 21, y debe saber c\u00f3mo calcular el porcentaje imponible sobre los beneficios del Seguro Social.<\/p>\n<p><em>Cr\u00e9ditos y Pagos de Impuestos<\/em><\/p>\n<p>Un cr\u00e9dito fiscal no reembolsable reduce el monto de la obligaci\u00f3n tributaria que debe pagarse. A diferencia de una deducci\u00f3n, que reduce la cantidad de ingresos sujetos a impuestos, un cr\u00e9dito reduce directamente el impuesto en s\u00ed. Existen dos tipos de cr\u00e9ditos: no reembolsables, que no pueden reducir la responsabilidad fiscal por debajo de cero, y reembolsables, que pueden reducir la obligaci\u00f3n tributaria por debajo de cero, lo que resulta en la necesidad de un reembolso.<\/p>\n<h5><\/h5>\n<h5><a name=\"_Toc71207053\"><\/a><a name=\"_Toc71207582\"><\/a><a name=\"_Toc71279297\"><\/a><a name=\"_Toc71804798\"><\/a><\/h5>\n<h5><em>Parte III:\u00a0<\/em>Lo que todo empleado debe saber<\/h5>\n<p>Los estudios han demostrado que los primeros 3 segundos de interacci\u00f3n entre dos personas son cruciales. El contacto visual, la expresi\u00f3n facial y la estatura determinan c\u00f3mo responder\u00e1 el individuo a la otra persona. Es muy importante en el negocio de preparaci\u00f3n de impuestos que todos los empleados y empleadores comprendan la importancia de interactuar con los dem\u00e1s. Aunque la mayor parte de este cap\u00edtulo utilizar\u00e1 los t\u00e9rminos recepcionista o personal administrativo, esta secci\u00f3n es importante para todos los empleados y empleadores en la capacitaci\u00f3n de excelentes empleados.<\/p>\n<p>Empleadores, esta secci\u00f3n los ayudar\u00e1 a aliviar parte de su estr\u00e9s durante la temporada de impuestos. T\u00f3mense el tiempo para capacitar al personal de recepci\u00f3n en la manera en que desean que respondan su tel\u00e9fono, entreguen mensajes y manejen a los clientes dif\u00edciles.<\/p>\n<p>El contenido de esta secci\u00f3n se basa en nuestras experiencias. Los ejemplos dados son sugerencias, y como empleadores pueden agregar \u00e1reas que son \u00fanicas para ustedes. Si comparten dichas \u00e1reas con nosotros, podemos compartirlos con otros, y con esto har\u00e1n que todas nuestras pr\u00e1cticas fiscales crezcan y sean m\u00e1s pr\u00f3speras.<\/p>\n<table width=\"100%\">\n<tbody>\n<tr>\n<td width=\"657\"><strong>Detalles del curso<\/strong><\/td>\n<td width=\"462\"><strong>Lo que incluye este curso<\/strong><\/td>\n<\/tr>\n<tr>\n<td width=\"657\"><strong>T\u00edtulo:\u00a0<\/strong>Curso expreso de impuestos<br \/>\n<strong>Nivel:\u00a0<\/strong>B\u00e1sico<br \/>\n<strong>M\u00e9todo de entrega:\u00a0<\/strong>Curso de\u00a0autoestudio<strong>Para obtener el certificado de finalizaci\u00f3n debe:<\/strong>\u2022 Aprobar los examens final con 70% (o m\u00e1s)<br \/>\n\u2022 Completar la encuesta del curso<\/td>\n<td width=\"462\">\u2022\u00a0Libro electr\u00f3nico de 3 partes<br \/>\n\u2022 Videos<br \/>\n\u2022 Pr\u00e1ctica de declaraciones de impuestos<br \/>\n\u2022\u00a0Ex\u00e1menes finales<br \/>\n\u2022 Certificado de finalizaci\u00f3n<br \/>\n\u2022\u00a0Cr\u00e9ditos reportados a CTEC e IRS<\/td>\n<\/tr>\n<\/tbody>\n<\/table>\n<\/div>","protected":false},"excerpt":{"rendered":"<p><b style=\"font-style: inherit;\">Cr\u00e9ditos: <\/b><span style=\"font-size: 16px;\">Ley de Impuesto Federal\u00a0<\/span><b style=\"font-style: inherit;\">6<\/b><span style=\"font-size: 16px;\">,<\/span><b style=\"font-style: inherit;\">\u00a0<\/b><span style=\"font-size: 16px;\">\u00c9tica regulatoria\u00a0<\/span><b style=\"font-style: inherit;\">2<\/b><\/p>\n<div>\n<p class=\"p1\"><span class=\"s1\">\u00bfEs un propietario muy ocupado de una oficina de impuestos?\u00a0\u00bfNecesita una soluci\u00f3n de capacitaci\u00f3n r\u00e1pida?<\/span><\/p>\n<p>Nuestro <b><i>Curso de impuestos intensivo <\/i><\/b>brinda capacitaci\u00f3n al personal administrativo, lo que permite a los due\u00f1os de negocios capacitar r\u00e1pidamente a los preparadores de \u00faltima hora para manejar la gran afluencia de clientes que ingresan.\u00a0Capacite a sus recepcionistas para que ingresen datos en las declaraciones de impuestos de los clientes que esperan a un preparador.<\/p>\n<p class=\"p1\"><span class=\"s1\">Este curso est\u00e1 dise\u00f1ado para:<\/span><\/p>\n<ul>\n<li><span class=\"s2\">Recepcionistas<\/span><\/li>\n<li><span class=\"s2\">Nuevos preparadores que necesitan un curso intensivo<\/span><\/li>\n<li><span class=\"s2\">Preparadores que necesitan ser capacitados r\u00e1pidamente.<\/span><\/li>\n<li><span class=\"s2\">Contrataciones tard\u00edas<\/span><\/li>\n<li><span class=\"s2\">Finales de diciembre, principios de enero.<\/span><\/li>\n<\/ul>\n<\/div>","protected":false},"featured_media":71,"template":"","meta":{"site-sidebar-layout":"default","site-content-layout":"default","ast-site-content-layout":"default","site-content-style":"default","site-sidebar-style":"default","ast-global-header-display":"","ast-banner-title-visibility":"","ast-main-header-display":"","ast-hfb-above-header-display":"","ast-hfb-below-header-display":"","ast-hfb-mobile-header-display":"","site-post-title":"","ast-breadcrumbs-content":"","ast-featured-img":"","footer-sml-layout":"","ast-disable-related-posts":"","theme-transparent-header-meta":"default","adv-header-id-meta":"","stick-header-meta":"default","header-above-stick-meta":"","header-main-stick-meta":"","header-below-stick-meta":"","astra-migrate-meta-layouts":"set","ast-page-background-enabled":"default","ast-page-background-meta":{"desktop":{"background-color":"var(--ast-global-color-5)","background-image":"","background-repeat":"repeat","background-position":"center center","background-size":"auto","background-attachment":"scroll","background-type":"","background-media":"","overlay-type":"","overlay-color":"","overlay-opacity":"","overlay-gradient":""},"tablet":{"background-color":"","background-image":"","background-repeat":"repeat","background-position":"center center","background-size":"auto","background-attachment":"scroll","background-type":"","background-media":"","overlay-type":"","overlay-color":"","overlay-opacity":"","overlay-gradient":""},"mobile":{"background-color":"","background-image":"","background-repeat":"repeat","background-position":"center center","background-size":"auto","background-attachment":"scroll","background-type":"","background-media":"","overlay-type":"","overlay-color":"","overlay-opacity":"","overlay-gradient":""}},"ast-content-background-meta":{"desktop":{"background-color":"var(--ast-global-color-4)","background-image":"","background-repeat":"repeat","background-position":"center center","background-size":"auto","background-attachment":"scroll","background-type":"","background-media":"","overlay-type":"","overlay-color":"","overlay-opacity":"","overlay-gradient":""},"tablet":{"background-color":"var(--ast-global-color-4)","background-image":"","background-repeat":"repeat","background-position":"center center","background-size":"auto","background-attachment":"scroll","background-type":"","background-media":"","overlay-type":"","overlay-color":"","overlay-opacity":"","overlay-gradient":""},"mobile":{"background-color":"var(--ast-global-color-4)","background-image":"","background-repeat":"repeat","background-position":"center center","background-size":"auto","background-attachment":"scroll","background-type":"","background-media":"","overlay-type":"","overlay-color":"","overlay-opacity":"","overlay-gradient":""}}},"product_brand":[],"product_cat":[28,29,34],"product_tag":[31,35],"class_list":{"0":"post-41","1":"product","2":"type-product","3":"status-publish","4":"has-post-thumbnail","6":"product_cat-courses","7":"product_cat-federal-courses","8":"product_cat-spanish","9":"product_tag-federal","10":"product_tag-spanish","11":"desktop-align-left","12":"tablet-align-left","13":"mobile-align-left","14":"ast-product-gallery-layout-horizontal-slider","15":"ast-product-gallery-with-no-image","16":"ast-magnify-disabled","17":"ast-product-tabs-layout-horizontal","19":"first","20":"instock","21":"virtual","22":"purchasable","23":"product-type-simple"},"_links":{"self":[{"href":"https:\/\/academy.reacherservices.com\/es_mx\/wp-json\/wp\/v2\/product\/41","targetHints":{"allow":["GET"]}}],"collection":[{"href":"https:\/\/academy.reacherservices.com\/es_mx\/wp-json\/wp\/v2\/product"}],"about":[{"href":"https:\/\/academy.reacherservices.com\/es_mx\/wp-json\/wp\/v2\/types\/product"}],"wp:featuredmedia":[{"embeddable":true,"href":"https:\/\/academy.reacherservices.com\/es_mx\/wp-json\/wp\/v2\/media\/71"}],"wp:attachment":[{"href":"https:\/\/academy.reacherservices.com\/es_mx\/wp-json\/wp\/v2\/media?parent=41"}],"wp:term":[{"taxonomy":"product_brand","embeddable":true,"href":"https:\/\/academy.reacherservices.com\/es_mx\/wp-json\/wp\/v2\/product_brand?post=41"},{"taxonomy":"product_cat","embeddable":true,"href":"https:\/\/academy.reacherservices.com\/es_mx\/wp-json\/wp\/v2\/product_cat?post=41"},{"taxonomy":"product_tag","embeddable":true,"href":"https:\/\/academy.reacherservices.com\/es_mx\/wp-json\/wp\/v2\/product_tag?post=41"}],"curies":[{"name":"wp","href":"https:\/\/api.w.org\/{rel}","templated":true}]}}