{"id":423,"date":"2025-12-17T23:50:28","date_gmt":"2025-12-17T23:50:28","guid":{"rendered":"https:\/\/darksalmon-dog-700531.hostingersite.com\/?post_type=product&#038;p=423"},"modified":"2026-04-22T16:01:04","modified_gmt":"2026-04-22T16:01:04","slug":"certificacion-bilingue-para-preparacion-de-impuestos-en-usa","status":"publish","type":"product","link":"https:\/\/academy.reacherservices.com\/es_mx\/product\/certificacion-bilingue-para-preparacion-de-impuestos-en-usa\/","title":{"rendered":"Certificaci\u00f3n bilingue para preparaci\u00f3n de impuestos en USA"},"content":{"rendered":"<p id=\"x_gmail-posted-message-container\" class=\"x_gmail-zcmsgcnt x_gmail-lazy-load x_gmail-lazy-load-lastmsg x_gmail-textL\" dir=\"auto\" data-olk-copy-source=\"MessageBody\">Acceso al <strong>software profesional de preparaci\u00f3n de impuestos Drake<\/strong> para pr\u00e1cticas durante el curso.<br \/>\n<strong>Acompa\u00f1amiento en el proceso de obtenci\u00f3n del PTIN<\/strong> para quienes deseen registrarse como preparadores ante el IRS.<br \/>\n<strong>10 clases en vivo de 2 horas cada una<\/strong>, donde se revisan casos pr\u00e1cticos y se resuelven dudas.<br \/>\nAcceso a un <strong>chat privado con la comunidad de estudiantes y profesionales en preparaci\u00f3n de impuestos<\/strong> para consultas y networking.<\/p>\n<p data-start=\"43\" data-end=\"621\">El <strong data-start=\"46\" data-end=\"99\">Paquete Biling\u00fce de Preparaci\u00f3n de Impuestos 2025<\/strong> est\u00e1 dise\u00f1ado para preparadores principiantes que quieren aprender a completar el <strong data-start=\"182\" data-end=\"217\">Formulario 1040 l\u00ednea por l\u00ednea<\/strong>, en <strong data-start=\"222\" data-end=\"242\">ingl\u00e9s y espa\u00f1ol<\/strong>. Aprender\u00e1s lo esencial sobre estados civiles de declaraci\u00f3n, qu\u00e9 formularios usar, opciones de presentaci\u00f3n electr\u00f3nica, la importancia de proteger los documentos del contribuyente, cu\u00e1ndo usar el <strong data-start=\"441\" data-end=\"460\">Formulario 4868<\/strong>, c\u00f3mo completar el <strong data-start=\"480\" data-end=\"491\">Anexo 2<\/strong>, c\u00f3mo los cr\u00e9ditos no reembolsables afectan la responsabilidad fiscal y qu\u00e9 deducciones est\u00e1n limitadas por el <strong data-start=\"603\" data-end=\"620\">piso del 7.5%<\/strong>.<\/p>\n<p data-start=\"623\" data-end=\"877\">Este paquete tambi\u00e9n incluye el <strong data-start=\"655\" data-end=\"741\">Curso de Refresco Anual de Impuestos Federales (AFTR) de 6 horas + Examen en l\u00ednea<\/strong> y <strong data-start=\"744\" data-end=\"765\">\u00c9tica Regulatoria<\/strong>. Para aprobar, debes obtener <strong data-start=\"795\" data-end=\"808\">70% o m\u00e1s<\/strong> y completar el curso <strong data-start=\"830\" data-end=\"876\">antes de la medianoche del 31 de diciembre<\/strong>.<\/p>\n<p data-start=\"879\" data-end=\"973\"><strong data-start=\"879\" data-end=\"915\">Cr\u00e9ditos CE (18 horas en total):<\/strong> 10 Ley de Impuesto Federal \u2022 6 AFTR \u2022 2 \u00c9tica Regulatoria<\/p>","protected":false},"excerpt":{"rendered":"<p>Certificaci\u00f3n individual<br \/>\nAcceso plataforma de certificaci\u00f3n en preparaci\u00f3n de impuestos remotos para USA:<br \/>\n&#8211; Acceso inmediato y de por vida a curso online certificado por el IRS con 18 horas de autoaprendizaje,<br \/>\n&#8211; Acceso de 3 meses a Drake software de pr\u00e1ctica para ejecutar ejercicios profesionales de preparaci\u00f3n de impuestos.<br \/>\n&#8211; Cupo de acceso a cohorte de 10 clases en vivo (20 horas en total) con preparador sinior\u00a0(febrero, mayo o septiembre)<br \/>\n&#8211; Soporte para obtenci\u00f3n de PTIN number y creaci\u00f3n de cuenta en el IRS<br \/>\n&#8211; Herramientas comerciales para vender el servicio de taxes y asesor\u00eda contable a tu comunidad<br \/>\n&#8211; Acceso de por vida a comunidad whatsapp de soporte t\u00e9cnico<\/p>","protected":false},"featured_media":57,"template":"","meta":{"site-sidebar-layout":"default","site-content-layout":"","ast-site-content-layout":"default","site-content-style":"default","site-sidebar-style":"default","ast-global-header-display":"","ast-banner-title-visibility":"","ast-main-header-display":"","ast-hfb-above-header-display":"","ast-hfb-below-header-display":"","ast-hfb-mobile-header-display":"","site-post-title":"","ast-breadcrumbs-content":"","ast-featured-img":"","footer-sml-layout":"","ast-disable-related-posts":"","theme-transparent-header-meta":"default","adv-header-id-meta":"","stick-header-meta":"default","header-above-stick-meta":"","header-main-stick-meta":"","header-below-stick-meta":"","astra-migrate-meta-layouts":"set","ast-page-background-enabled":"default","ast-page-background-meta":{"desktop":{"background-color":"var(--ast-global-color-5)","background-image":"","background-repeat":"repeat","background-position":"center center","background-size":"auto","background-attachment":"scroll","background-type":"","background-media":"","overlay-type":"","overlay-color":"","overlay-opacity":"","overlay-gradient":""},"tablet":{"background-color":"","background-image":"","background-repeat":"repeat","background-position":"center center","background-size":"auto","background-attachment":"scroll","background-type":"","background-media":"","overlay-type":"","overlay-color":"","overlay-opacity":"","overlay-gradient":""},"mobile":{"background-color":"","background-image":"","background-repeat":"repeat","background-position":"center center","background-size":"auto","background-attachment":"scroll","background-type":"","background-media":"","overlay-type":"","overlay-color":"","overlay-opacity":"","overlay-gradient":""}},"ast-content-background-meta":{"desktop":{"background-color":"var(--ast-global-color-4)","background-image":"","background-repeat":"repeat","background-position":"center center","background-size":"auto","background-attachment":"scroll","background-type":"","background-media":"","overlay-type":"","overlay-color":"","overlay-opacity":"","overlay-gradient":""},"tablet":{"background-color":"var(--ast-global-color-4)","background-image":"","background-repeat":"repeat","background-position":"center center","background-size":"auto","background-attachment":"scroll","background-type":"","background-media":"","overlay-type":"","overlay-color":"","overlay-opacity":"","overlay-gradient":""},"mobile":{"background-color":"var(--ast-global-color-4)","background-image":"","background-repeat":"repeat","background-position":"center center","background-size":"auto","background-attachment":"scroll","background-type":"","background-media":"","overlay-type":"","overlay-color":"","overlay-opacity":"","overlay-gradient":""}}},"product_brand":[],"product_cat":[28,65],"product_tag":[],"class_list":{"0":"post-423","1":"product","2":"type-product","3":"status-publish","4":"has-post-thumbnail","6":"product_cat-courses","7":"product_cat-reacher-tax-academy","8":"desktop-align-left","9":"tablet-align-left","10":"mobile-align-left","11":"ast-product-gallery-layout-horizontal-slider","12":"ast-product-gallery-with-no-image","13":"ast-magnify-disabled","14":"ast-product-tabs-layout-horizontal","16":"first","17":"instock","18":"sale","19":"virtual","20":"purchasable","21":"product-type-yith_bundle"},"_links":{"self":[{"href":"https:\/\/academy.reacherservices.com\/es_mx\/wp-json\/wp\/v2\/product\/423","targetHints":{"allow":["GET"]}}],"collection":[{"href":"https:\/\/academy.reacherservices.com\/es_mx\/wp-json\/wp\/v2\/product"}],"about":[{"href":"https:\/\/academy.reacherservices.com\/es_mx\/wp-json\/wp\/v2\/types\/product"}],"wp:featuredmedia":[{"embeddable":true,"href":"https:\/\/academy.reacherservices.com\/es_mx\/wp-json\/wp\/v2\/media\/57"}],"wp:attachment":[{"href":"https:\/\/academy.reacherservices.com\/es_mx\/wp-json\/wp\/v2\/media?parent=423"}],"wp:term":[{"taxonomy":"product_brand","embeddable":true,"href":"https:\/\/academy.reacherservices.com\/es_mx\/wp-json\/wp\/v2\/product_brand?post=423"},{"taxonomy":"product_cat","embeddable":true,"href":"https:\/\/academy.reacherservices.com\/es_mx\/wp-json\/wp\/v2\/product_cat?post=423"},{"taxonomy":"product_tag","embeddable":true,"href":"https:\/\/academy.reacherservices.com\/es_mx\/wp-json\/wp\/v2\/product_tag?post=423"}],"curies":[{"name":"wp","href":"https:\/\/api.w.org\/{rel}","templated":true}]}}