{"id":47,"date":"2025-11-24T21:10:13","date_gmt":"2025-11-24T21:10:13","guid":{"rendered":"https:\/\/academy.reacherservices.com\/?post_type=product&#038;p=47"},"modified":"2025-12-19T16:55:01","modified_gmt":"2025-12-19T16:55:01","slug":"bilingual-ctec-60-hour-qualifying-education","status":"publish","type":"product","link":"https:\/\/academy.reacherservices.com\/es_mx\/product\/bilingual-ctec-60-hour-qualifying-education\/","title":{"rendered":"Bilingual CTEC 60 Hour Qualifying Education"},"content":{"rendered":"<section id=\"qe-60hr-2025\">\n<h2>2025 Bilingual 60-Hour Qualifying Education (CTEC)<\/h2>\n<p><!-- English --><\/p>\n<article lang=\"en\">\n<h3>Description<\/h3>\n<p>This course fulfills the California state-mandated <strong>60-hour Qualifying Education<\/strong> requirement to become a tax preparer. Approved by the California Tax Education Council (CTEC) provider <strong>#2080<\/strong> (Course Code: <strong>2080-QE-0001<\/strong>).<\/p>\n<h4>Exam Structure<\/h4>\n<ul>\n<li>Ethics Final: 10 questions<\/li>\n<li>California Tax Law Final: 75 questions<\/li>\n<li>Federal Tax Law Final: 215 questions<\/li>\n<li>Each final aligns with CTEC\u2019s standard of ~5 questions per hour of study<\/li>\n<li>All quizzes and finals are completed online<\/li>\n<\/ul>\n<h4>Practice Tax Returns (PTR)<\/h4>\n<p>After certain chapters, students complete a <strong>Practice Tax Return (PTR)<\/strong>. Each PTR includes its own review questions and is based on the topics covered in the course.<\/p>\n<h3>Objectives<\/h3>\n<ul>\n<li>Understand who a CRTP (California Registered Tax Preparer) is<\/li>\n<li>Identify the right interview questions to determine a taxpayer\u2019s filing status<\/li>\n<li>Recognize the meaning of limited representation<\/li>\n<li>Understand the rights and limits of limited representation<\/li>\n<li>Explain the concept of \u201cworldwide income\u201d<\/li>\n<\/ul>\n<h3>Course Details<\/h3>\n<p><strong>Field of Study:<\/strong> Federal Tax Law (Qualifying Education, 60 hours; no federal CE credit)<br \/>\n<strong>Course Level:<\/strong> Basic<br \/>\n<strong>Prerequisite:<\/strong> None<br \/>\n<strong>Delivery Method:<\/strong> Self-Study<br \/>\n<strong>Expiration (hours reporting deadline):<\/strong> June 30, 2026<br \/>\n<strong>CTEC Provider:<\/strong> #2080 \u00a0|\u00a0 <strong>Course Code:<\/strong> 2080-QE-0001<\/p>\n<h4>CTEC ID Reporting<\/h4>\n<p>Last name and the last six digits of SSN are no longer used to report hours to CTEC. You must have a <strong>CTEC ID<\/strong> to report hours. Please email your CTEC ID to <a href=\"mailto:edsupport@latinotaxpro.com\">edsupport@latinotaxpro.com<\/a> to report your hours.<\/p>\n<\/article>\n<hr \/>\n<p><!-- Espa\u00f1ol --><\/p>\n<article lang=\"es\">\n<h3>Descripci\u00f3n del curso<\/h3>\n<p>Este curso cumple con el requisito estatal de California de <strong>60 horas de Educaci\u00f3n Calificada<\/strong> para convertirse en preparador de impuestos. Aprobado por el Consejo de Educaci\u00f3n Tributaria de California (<strong>CTEC<\/strong>) proveedor <strong>#2080<\/strong> (C\u00f3digo del curso: <strong>2080-QE-0001<\/strong>).<\/p>\n<h4>Estructura de los ex\u00e1menes<\/h4>\n<ul>\n<li>Examen final de \u00c9tica: 10 preguntas<\/li>\n<li>Examen final de Ley de Impuestos de California: 75 preguntas<\/li>\n<li>Examen final de Leyes de Impuestos Federales: 215 preguntas<\/li>\n<li>Cada final cumple con el est\u00e1ndar de CTEC de ~5 preguntas por hora de estudio<\/li>\n<li>Todos los cuestionarios y ex\u00e1menes finales se realizan en l\u00ednea<\/li>\n<\/ul>\n<h4>Declaraciones de Impuestos de Pr\u00e1ctica (PTR)<\/h4>\n<p>Despu\u00e9s de ciertos cap\u00edtulos, el estudiante completar\u00e1 una <strong>Declaraci\u00f3n de Impuestos de Pr\u00e1ctica (PTR)<\/strong>. Cada PTR incluye sus propias preguntas de repaso y se basa en los temas cubiertos.<\/p>\n<h3>Objetivos<\/h3>\n<ul>\n<li>Entender qui\u00e9n es un CRTP (California Registered Tax Preparer)<\/li>\n<li>Identificar las preguntas correctas para determinar el estado civil de declaraci\u00f3n<\/li>\n<li>Reconocer el significado de la representaci\u00f3n limitada<\/li>\n<li>Comprender los derechos y l\u00edmites de la representaci\u00f3n limitada<\/li>\n<li>Explicar el concepto de \u201cingresos mundiales\u201d<\/li>\n<\/ul>\n<h3>Detalles del curso<\/h3>\n<p><strong>Campo de estudio:<\/strong> Ley Federal de Impuestos (Educaci\u00f3n Calificada, 60 horas; sin cr\u00e9ditos federales de CE)<br \/>\n<strong>Nivel del curso:<\/strong> B\u00e1sico<br \/>\n<strong>Requisito previo:<\/strong> Ninguno<br \/>\n<strong>M\u00e9todo de entrega:<\/strong> Autoestudio<br \/>\n<strong>Fecha l\u00edmite (reporte de horas):<\/strong> 30 de junio de 2026<br \/>\n<strong>Proveedor CTEC:<\/strong> #2080 \u00a0|\u00a0 <strong>C\u00f3digo del curso:<\/strong> 2080-QE-0001<\/p>\n<h4>Reporte de horas a CTEC<\/h4>\n<p>El apellido y los \u00faltimos seis d\u00edgitos del SSN ya no se utilizan para reportar horas a CTEC. Debe contar con un <strong>ID de CTEC<\/strong>. Env\u00ede su CTEC ID a <a href=\"mailto:edsupport@latinotaxpro.com\">edsupport@latinotaxpro.com<\/a> para reportar sus horas.<\/p>\n<\/article>\n<\/section>","protected":false},"excerpt":{"rendered":"<p>This course meets the 60-hour Qualifying Education requirement (45 hours of Federal Tax Law, which includes the required 2 hours of Ethics and 15 hours of California Tax Law) imposed by the state of California to become a California Registered Tax Preparer (CRTP).<\/p>\n<p><strong>In this beginner CA tax preparer course, you will learn\u2026<br \/>\n<\/strong>\u00a0 \u2022 How to prepare a federal individual tax return<br \/>\n\u2022 Filing status<br \/>\n\u2022 Which form to use<br \/>\n\u2022 Credits the taxpayer qualifies for<\/p>\n<div>This course contains 15 Chapters; after each chapter, the student will complete online review questions and a Practice Tax Return (PTR). PTR\u2019s are based on the course content that has been covered so far and will have its own set of review questions. Returns that use the Schedule A are prepared with state income tax withholding on line 5 and the additional state-specific taxes such as CASDI.<\/div>\n<div>\n<h3><\/h3>\n<\/div>","protected":false},"featured_media":77,"template":"","meta":{"site-sidebar-layout":"default","site-content-layout":"default","ast-site-content-layout":"default","site-content-style":"default","site-sidebar-style":"default","ast-global-header-display":"","ast-banner-title-visibility":"","ast-main-header-display":"","ast-hfb-above-header-display":"","ast-hfb-below-header-display":"","ast-hfb-mobile-header-display":"","site-post-title":"","ast-breadcrumbs-content":"","ast-featured-img":"","footer-sml-layout":"","ast-disable-related-posts":"","theme-transparent-header-meta":"default","adv-header-id-meta":"","stick-header-meta":"default","header-above-stick-meta":"","header-main-stick-meta":"","header-below-stick-meta":"","astra-migrate-meta-layouts":"set","ast-page-background-enabled":"default","ast-page-background-meta":{"desktop":{"background-color":"var(--ast-global-color-5)","background-image":"","background-repeat":"repeat","background-position":"center center","background-size":"auto","background-attachment":"scroll","background-type":"","background-media":"","overlay-type":"","overlay-color":"","overlay-opacity":"","overlay-gradient":""},"tablet":{"background-color":"","background-image":"","background-repeat":"repeat","background-position":"center center","background-size":"auto","background-attachment":"scroll","background-type":"","background-media":"","overlay-type":"","overlay-color":"","overlay-opacity":"","overlay-gradient":""},"mobile":{"background-color":"","background-image":"","background-repeat":"repeat","background-position":"center center","background-size":"auto","background-attachment":"scroll","background-type":"","background-media":"","overlay-type":"","overlay-color":"","overlay-opacity":"","overlay-gradient":""}},"ast-content-background-meta":{"desktop":{"background-color":"var(--ast-global-color-4)","background-image":"","background-repeat":"repeat","background-position":"center center","background-size":"auto","background-attachment":"scroll","background-type":"","background-media":"","overlay-type":"","overlay-color":"","overlay-opacity":"","overlay-gradient":""},"tablet":{"background-color":"var(--ast-global-color-4)","background-image":"","background-repeat":"repeat","background-position":"center center","background-size":"auto","background-attachment":"scroll","background-type":"","background-media":"","overlay-type":"","overlay-color":"","overlay-opacity":"","overlay-gradient":""},"mobile":{"background-color":"var(--ast-global-color-4)","background-image":"","background-repeat":"repeat","background-position":"center center","background-size":"auto","background-attachment":"scroll","background-type":"","background-media":"","overlay-type":"","overlay-color":"","overlay-opacity":"","overlay-gradient":""}}},"product_brand":[],"product_cat":[40,26,27,38,28],"product_tag":[30,41],"class_list":{"0":"post-47","1":"product","2":"type-product","3":"status-publish","4":"has-post-thumbnail","6":"product_cat-beginner-california","7":"product_cat-beginner-tax-training","8":"product_cat-bilingual","9":"product_cat-california-courses","10":"product_cat-courses","11":"product_tag-bilingual","12":"product_tag-california","13":"desktop-align-left","14":"tablet-align-left","15":"mobile-align-left","16":"ast-product-gallery-layout-horizontal-slider","17":"ast-product-gallery-with-no-image","18":"ast-magnify-disabled","19":"ast-product-tabs-layout-horizontal","21":"first","22":"instock","23":"virtual","24":"purchasable","25":"product-type-simple"},"_links":{"self":[{"href":"https:\/\/academy.reacherservices.com\/es_mx\/wp-json\/wp\/v2\/product\/47","targetHints":{"allow":["GET"]}}],"collection":[{"href":"https:\/\/academy.reacherservices.com\/es_mx\/wp-json\/wp\/v2\/product"}],"about":[{"href":"https:\/\/academy.reacherservices.com\/es_mx\/wp-json\/wp\/v2\/types\/product"}],"wp:featuredmedia":[{"embeddable":true,"href":"https:\/\/academy.reacherservices.com\/es_mx\/wp-json\/wp\/v2\/media\/77"}],"wp:attachment":[{"href":"https:\/\/academy.reacherservices.com\/es_mx\/wp-json\/wp\/v2\/media?parent=47"}],"wp:term":[{"taxonomy":"product_brand","embeddable":true,"href":"https:\/\/academy.reacherservices.com\/es_mx\/wp-json\/wp\/v2\/product_brand?post=47"},{"taxonomy":"product_cat","embeddable":true,"href":"https:\/\/academy.reacherservices.com\/es_mx\/wp-json\/wp\/v2\/product_cat?post=47"},{"taxonomy":"product_tag","embeddable":true,"href":"https:\/\/academy.reacherservices.com\/es_mx\/wp-json\/wp\/v2\/product_tag?post=47"}],"curies":[{"name":"wp","href":"https:\/\/api.w.org\/{rel}","templated":true}]}}