{"id":49,"date":"2025-11-24T21:10:13","date_gmt":"2025-11-24T21:10:13","guid":{"rendered":"https:\/\/academy.reacherservices.com\/?post_type=product&#038;p=49"},"modified":"2026-02-10T17:07:12","modified_gmt":"2026-02-10T17:07:12","slug":"20-horas-de-educacion-continua","status":"publish","type":"product","link":"https:\/\/academy.reacherservices.com\/es_mx\/product\/20-horas-de-educacion-continua\/","title":{"rendered":"20 Horas de educaci\u00f3n continua"},"content":{"rendered":"<h5>Parte 1:\u00a0<span data-mce-fragment=\"1\">La \u00e9tica<\/span><\/h5>\n<p>Este cap\u00edtulo explicar\u00e1 c\u00f3mo determinar qui\u00e9n califica como preparador de declaraciones de impuestos, qu\u00e9 derechos de representaci\u00f3n tiene un preparador, c\u00f3mo esta persona est\u00e1 obligada por la gu\u00eda de la Circular 230, y lo que significa para un\/a preparador\/a de impuestos comportarse de manera \u00e9tica y responsable.<\/p>\n<h5>\u00a0Parte 2:\u00a0<span data-mce-fragment=\"1\">Ley de Impuesto Federal<\/span><\/h5>\n<p><em>Ingresos<\/em><\/p>\n<p>El IRS tiene la autoridad para gravar todos los ingresos de cualquier fuente que se derive. Esto incluye la remuneraci\u00f3n por servicios, ganancias por disposiciones de propiedad, intereses y dividendos, alquileres y regal\u00edas, pensiones y anualidades, ganancias de juego e incluso actividades ilegales. Todos los ingresos que recibe una persona se denominan colectivamente \u00abingresos globales\u00bb. Sin embargo, no todo el dinero o propiedad es gravable o sujeto a impuestos. Este cap\u00edtulo cubrir\u00e1 los diferentes tipos de ingresos gravables y no gravables y le mostrar\u00e1 d\u00f3nde y c\u00f3mo declarar dichos salarios en una declaraci\u00f3n de impuestos preparada profesionalmente. Un profesional de impuestos debe reconocer los diferentes tipos de ingresos gravables, ingresos exentos de impuestos y <em>otros ingresos <\/em>incluidos en el Anexo 1, l\u00ednea 21, y debe saber c\u00f3mo calcular el porcentaje imponible sobre los beneficios del Seguro Social.<\/p>\n<p><em>Cr\u00e9ditos y Pagos de Impuestos<\/em><\/p>\n<p>Un cr\u00e9dito fiscal no reembolsable reduce el monto de la obligaci\u00f3n tributaria que debe pagarse. A diferencia de una deducci\u00f3n, que reduce la cantidad de ingresos sujetos a impuestos, un cr\u00e9dito reduce directamente el impuesto en s\u00ed. Existen dos tipos de cr\u00e9ditos: no reembolsables, que no pueden reducir la responsabilidad fiscal por debajo de cero, y reembolsables, que pueden reducir la obligaci\u00f3n tributaria por debajo de cero, lo que resulta en la necesidad de un reembolso.<\/p>\n<p><em>Otros impuestos<\/em><\/p>\n<p>Este cap\u00edtulo proporciona un resumen de los impuestos miscel\u00e1neos de todo el Formulario 1040 e informados en el Anexo 2 que el ISR puede auditar del contribuyente. Esto incluye el exceso de impuestos al seguro social, impuestos adicionales sobre las IRA, el impuesto m\u00ednimo alternativo y los impuestos sobre el empleo dom\u00e9stico.<\/p>\n<p><em>Anexo C\u00a0<\/em><\/p>\n<p>Este curso abarca c\u00f3mo el propietario \u00fanico informa los ingresos. La empresa unipersonal es la estructura empresarial m\u00e1s popular. Una empresa unipersonal es indistinguible de su propietario, y todos los ingresos obtenidos son reportados por el propietario. El Anexo C es la herramienta de informes para la mayor\u00eda de los propietarios \u00fanicos. Cubierto en el curso es la instrucci\u00f3n l\u00ednea por l\u00ednea para completar el Anexo C.<\/p>\n<p><em>Anexo E<\/em><\/p>\n<p>Los ingresos por alquiler son cualquier pago recibido por el uso u ocupaci\u00f3n de bienes inmuebles o bienes personales. El pago que se recibe est\u00e1 sujeto a impuestos para el contribuyente y generalmente se informa en el Anexo E. Cada Anexo E puede reportar tres propiedades. Si el contribuyente tiene m\u00e1s de tres propiedades, se utilizar\u00edan el Anexo E adicional. El Anexo E no se utiliza para informar ingresos y gastos personales. El contribuyente no debe usar el Anexo E para reportar el alquiler de bienes personales, que no es un negocio. Para reportar otros ingresos, use el Anexo 1, l\u00edneas 8 \u2013 24b.<\/p>\n<p><em>Anexo F<\/em><\/p>\n<p>Los ingresos recibidos de la explotaci\u00f3n de una explotaci\u00f3n agr\u00edcola o de los ingresos por alquiler de una explotaci\u00f3n est\u00e1n sujetos a impuestos. Los agricultores determinan sus ingresos imponibles de la agricultura y actividades relacionadas utilizando el Anexo F. Las ganancias o p\u00e9rdidas de los ingresos agr\u00edcolas se informan primero en el Anexo F y luego \u00abfluyen\u00bb al Formulario 1040, Anexo 1, l\u00ednea 6. Este curso cubre los ingresos y gastos b\u00e1sicos de la granja.<\/p>\n<p><em>Depreciaci\u00f3n<\/em><\/p>\n<p>La depreciaci\u00f3n es una deducci\u00f3n anual que permite a los contribuyentes recuperar el costo u otra base de su propiedad comercial o de inversi\u00f3n durante un cierto n\u00famero de a\u00f1os. La depreciaci\u00f3n es una asignaci\u00f3n por el desgaste, deterioro o inutilidad de una propiedad y comienza cuando un contribuyente pone una propiedad en servicio para su uso en una actividad o negocio. La propiedad deja de ser depreciable cuando el contribuyente ha recuperado completamente el costo de la propiedad u otra base o cuando esta ha sido retirada del servicio, lo que ocurra primero. La depreciaci\u00f3n se informa en el Formulario 4562.<\/p>\n<h5>Parte 3:\u00a0<span data-mce-fragment=\"1\">Actualizaciones<\/span><\/h5>\n<p><a name=\"_Toc78460119\"><\/a><a name=\"_Toc78461151\"><\/a><a name=\"_Toc78461719\"><\/a><em>Actualizaciones Tributarias<\/em><\/p>\n<p>Este curso cubre los ajustes anuales por inflaci\u00f3n de deducciones est\u00e1ndar, tasas impositivas y cr\u00e9ditos reembolsables y no reembolsables. Este curso tendr\u00e1 informaci\u00f3n sobre c\u00f3mo la pandemia ha cambiado la temporada de impuestos y otros eventos importantes. Conozca los \u00faltimos cambios en los reglamentos respecto a los ingresos comerciales calificados (QBI) y los cambios. tambi\u00e9n, se discutir\u00e1n los cambios al Formulario 1040, los anexos y mucho m\u00e1s. Los temas adicionales incluyen:<\/p>\n<ul>\n<li>ARPA<\/li>\n<li>Ley CARES<\/li>\n<li>Ley SECURE<\/li>\n<li>Ley de Coronavirus de primero las familias<\/li>\n<li>Ajustes anuales por inflaci\u00f3n<\/li>\n<li>Cambios en el socorro en casos de desastre<\/li>\n<\/ul>\n<h5>Parte 4:\u00a0<span data-mce-fragment=\"1\">Ley de Impuesto de California<\/span><\/h5>\n<p><em>Compilaci\u00f3n de informaci\u00f3n del contribuyente<\/em><\/p>\n<p>La declaraci\u00f3n de impuestos de California no sigue la declaraci\u00f3n federal l\u00ednea por l\u00ednea, seg\u00fan lo establecido por lo siguiente:<\/p>\n<ul>\n<li>California resta el monto de la exenci\u00f3n del impuesto adeudado.<\/li>\n<li>California no cumpli\u00f3 con la TCJA con respecto a no poder reclamar una exenci\u00f3n para dependientes.<\/li>\n<li>California comienza recopilando la informaci\u00f3n personal del contribuyente y del c\u00f3nyuge.<\/li>\n<li>Si el estado civil de la pareja es una pareja dom\u00e9stica registrada (RDP) o una pareja casada del mismo sexo (SSMC), ingresar\u00e1 la informaci\u00f3n del c\u00f3nyuge en el Formulario 540.<\/li>\n<\/ul>\n<p>La informaci\u00f3n necesaria para completar la declaraci\u00f3n estatal es:<\/p>\n<ul>\n<li>Nombre y apellido que se encuentran en el SSN o ITIN.<\/li>\n<li>Direcci\u00f3n (incluyendo ciudad, estado y c\u00f3digo postal).<\/li>\n<li>Fecha de nacimiento.<\/li>\n<li>Nombre anterior (si el contribuyente o su c\u00f3nyuge present\u00f3 una declaraci\u00f3n de California anterior con un apellido diferente).<\/li>\n<\/ul>\n<p>California no se ajust\u00f3 a la mayor\u00eda de los cambios de la Ley Federal de Reducci\u00f3n de Impuestos y Empleos. Un profesional de impuestos debe comprender la ley fiscal estatal para asegurarse de que el contribuyente est\u00e9 recibiendo todos los cr\u00e9ditos y pagando la cantidad correcta de impuestos.<\/p>\n<p><em>Ingreso<\/em><\/p>\n<p>Aunque California no se ajusta a ciertas disposiciones del C\u00f3digo de Impuestos Internos, s\u00ed lo hace de las siguientes maneras:<\/p>\n<ul>\n<li>La \u00abregla general\u00bb.<\/li>\n<li>La \u00abregla general simplificada\u00bb o el \u00abm\u00e9todo de puerto seguro\u00bb<em>.<\/em><\/li>\n<li>Transferencias de IRA.<\/li>\n<li>Roth IRA.<\/li>\n<li>Archer MSA.<\/li>\n<li>Coverdell ESA.<\/li>\n<li>Deducciones de IRA del a\u00f1o actual.<\/li>\n<li>Cr\u00e9ditos de suma global recibidos por empleados federales.<\/li>\n<\/ul>\n<p><em>Cr\u00e9ditos y Pagos de Impuestos<\/em><\/p>\n<p>Aunque existe una variedad de cr\u00e9ditos fiscales de California disponibles para ayudar al contribuyente a reducir su obligaci\u00f3n tributaria, California no cumple con todos los cr\u00e9ditos que se pueden reclamar en la declaraci\u00f3n federal. Este cap\u00edtulo cubrir\u00e1 el formulario FTB 540, l\u00edneas 40-48. California se refiere a esta secci\u00f3n como \u201cCr\u00e9ditos especiales\u201d. Un preparador de impuestos es responsable de garantizar (seg\u00fan su conocimiento) que el contribuyente presenta una declaraci\u00f3n verdadera y precisa al hacer preguntas detalladas al cliente y hacer la investigaci\u00f3n que sea necesaria.<\/p>\n<p><em>Otros impuestos y multas al contribuyente<\/em><\/p>\n<p>La Franchise Tax Board (FTB) es la agencia responsable de recaudar los impuestos estatales sobre la renta de las personas f\u00edsicas en California. Los ingresos que recauda la FTB se colocan en el fondo general del estado para ayudar a pagar art\u00edculos, como carreteras, parques, fuerzas del orden p\u00fablico y escuelas. El sistema de impuestos sobre la renta del estado de California se basa en el principio de cumplimiento voluntario. El cumplimiento voluntario es un sistema de impuestos que depende de los ciudadanos individuales para informar adecuadamente sus ingresos, calcular su obligaci\u00f3n tributaria y presentar sus declaraciones de impuestos a tiempo.<\/p>\n<p>El impuesto estatal sobre la renta personal, como el impuesto federal sobre la renta, es un impuesto que grava los salarios, las propinas, los intereses, los dividendos, las pensiones, las ganancias de capital y otros tipos de ingresos. Impuesto por primera vez en 1936, el impuesto sobre la renta de las personas f\u00edsicas es la mayor fuente de ingresos de California. El impuesto sobre la renta de las personas f\u00edsicas se basa en la cantidad de ingresos imponibles que las personas reciben anualmente. La renta imponible es menor que la renta total, debido a las deducciones fiscales.<\/p>\n<p><span data-mce-fragment=\"1\">Esta lecci\u00f3n es una descripci\u00f3n general de otros impuestos de California que un contribuyente podr\u00eda pagar, as\u00ed como los tipos de multas que un contribuyente puede pagar y sus causas.<\/span><\/p>\n<p><strong>Para renovar su registro, todos los CRTP deben&#8230;\u00a0<\/strong><\/p>\n<ul>\n<li>Completar 20 horas (10 horas de ley de impuestos federales, 3 horas de actualizaci\u00f3n de impuestos federales, 2 horas de \u00e9tica y 5 horas de ley de impuestos de California) de educaci\u00f3n tributaria continua cada a\u00f1o<\/li>\n<li>Mantener un PTIN v\u00e1lido del IRS<\/li>\n<li>Mantener un bono de preparador de impuestos de $5,000<\/li>\n<li>Renueve la inscripci\u00f3n antes del 31 de octubre de cada a\u00f1o con una tarifa de $ 33\n<ul>\n<li>Si no cumple con la fecha l\u00edmite, complete su renovaci\u00f3n tard\u00eda antes del 15 de enero con un cargo adicional por pago atrasado de $ 55.<\/li>\n<\/ul>\n<\/li>\n<\/ul>\n<table width=\"100%\">\n<tbody>\n<tr>\n<td>\n<p class=\"p1\"><span class=\"s1\"><b>Detalles del curso:<\/b><\/span><\/p>\n<\/td>\n<td>\n<p class=\"p1\"><span class=\"s1\"><b>Lo que incluye este curso:<\/b><\/span><\/p>\n<\/td>\n<\/tr>\n<tr>\n<td>\n<div>\n<div><b style=\"font-style: inherit; font-family: inherit;\">T\u00edtulo: <\/b><span style=\"font-size: 16px; font-family: inherit;\">20 horas de educaci\u00f3n continua de California<\/span><\/div>\n<\/div>\n<p class=\"p1\"><span class=\"s1\"><b data-mce-fragment=\"1\">Proveedor CTEC:<\/b><span data-mce-fragment=\"1\">\u00a0<\/span>#2080<br data-mce-fragment=\"1\" \/><b data-mce-fragment=\"1\">Curso CTEC:\u00a0<\/b>2080-CA-0006<\/span><\/p>\n<p><b>Nivel:\u00a0<\/b><span class=\"s1\">Intermedio<\/span><\/p>\n<p><span class=\"s1\"><b>M\u00e9todo de entrega:\u00a0<\/b>Autoestudio<br \/>\n<\/span><span class=\"s1\"><br \/>\n<\/span><span class=\"s1\"><b>Vencimiento:\u00a0<\/b><\/span><span class=\"s1\">De acuerdo a las regulaciones de CTEC, este curso expira el 15 de enero<\/span><\/p>\n<p class=\"p1\"><span class=\"s1\"><b>Para obtener el certificado de finalizaci\u00f3n debe:<\/b><\/span><\/p>\n<p class=\"p2\"><span class=\"s1\">\u2022 Aprobar cuestionarios con 70% (o m\u00e1s)<br \/>\n\u2022\u00a0<\/span>Completar la encuesta<\/p>\n<\/td>\n<td>\u2022 Libro electr\u00f3nico de 4 partes<br \/>\n\u2022 Videos<br \/>\n\u2022 Examen final de debida diligencia<span data-mce-fragment=\"1\">\u2022 Examen final de\u00a0ley de impuestos federal<br \/>\n<\/span><span data-mce-fragment=\"1\">\u2022 Examen final de\u00a0actualizaciones de impuestos<br \/>\n<\/span><span data-mce-fragment=\"1\">\u2022 Examen final de ley de impuestos de California<br \/>\n<\/span>\u2022 Certificado de finalizaci\u00f3n<br \/>\n\u2022 Cr\u00e9ditos reportados a CTEC e IRS<\/td>\n<\/tr>\n<\/tbody>\n<\/table>","protected":false},"excerpt":{"rendered":"<p class=\"p1\"><span class=\"s1\" style=\"color: #000000;\"><b>Cr\u00e9ditos de Educaci\u00f3n Continua (CE, por sus siglas en ingl\u00e9s):\u00a0<\/b>Ley de Impuesto Federal\u00a0<b>10<\/b>,<b>\u00a0<\/b>Actualizaciones de Impuestos Federales\u00a0<b>3<\/b>, \u00c9tica regulatoria\u00a0<b>2, <\/b>Ley de Impuestos de California<b> 5<\/b><\/span><\/p>\n<p class=\"p1\"><span class=\"s1\" style=\"color: #ff2a00;\"><b>CTEC requiere que el CRTP renueve su registro anualmente antes del 31 de octubre<span style=\"font-size: 11.6667px;\">.<\/span><\/b><span style=\"font-size: 11.6667px;\"><span style=\"color: #000000;\">\u00a0<\/span><\/span><span style=\"color: #000000;\">Si el estudiante no completa su educaci\u00f3n continua antes del 15 de enero del a\u00f1o siguiente, tendr\u00e1 que volver a tomar el curso de 60 horas nuevamente y obtener una verificaci\u00f3n de antecedentes y tomar las huellas dactilares.<\/span><\/span><\/p>\n<p><span class=\"s1\">El curso <strong>20 Horas de educaci\u00f3n continua de Califronia<\/strong> cumple con el requisito de CTEC de 20 horas para CRTP que ya han completado 60 horas de educaci\u00f3n calificada. <\/span><\/p>\n<p><span class=\"s1\">Este curso se divide en cuatro partes: <i>\u00c9tica, Federal, California y actualizaciones.<\/i> Cada parte contiene un examen final, el cual se debe aprobar con un 70% o m\u00e1s. <\/span><\/p>\n<p>Al final de este curso, el estudiante podr\u00e1 hacer lo siguiente:<\/p>\n<ul>\n<li>Comprender los derechos de representaci\u00f3n limitados.<\/li>\n<li>Reconocer las tasas de inflaci\u00f3n anual para la deducci\u00f3n est\u00e1ndar.<\/li>\n<li>Comprender los l\u00edmites de la Secci\u00f3n 199.<\/li>\n<li>Identifique a los contribuyentes que califican para las deducciones de p\u00e9rdida por accidente y robo.<\/li>\n<li>Conocer el monto de la multa por cr\u00e9dito reembolsable.<\/li>\n<li>Reconocer las tasas de inflaci\u00f3n anual para la deducci\u00f3n est\u00e1ndar.<\/li>\n<\/ul>","protected":false},"featured_media":79,"template":"","meta":{"site-sidebar-layout":"default","site-content-layout":"default","ast-site-content-layout":"default","site-content-style":"default","site-sidebar-style":"default","ast-global-header-display":"","ast-banner-title-visibility":"","ast-main-header-display":"","ast-hfb-above-header-display":"","ast-hfb-below-header-display":"","ast-hfb-mobile-header-display":"","site-post-title":"","ast-breadcrumbs-content":"","ast-featured-img":"","footer-sml-layout":"","ast-disable-related-posts":"","theme-transparent-header-meta":"default","adv-header-id-meta":"","stick-header-meta":"default","header-above-stick-meta":"","header-main-stick-meta":"","header-below-stick-meta":"","astra-migrate-meta-layouts":"set","ast-page-background-enabled":"default","ast-page-background-meta":{"desktop":{"background-color":"var(--ast-global-color-5)","background-image":"","background-repeat":"repeat","background-position":"center center","background-size":"auto","background-attachment":"scroll","background-type":"","background-media":"","overlay-type":"","overlay-color":"","overlay-opacity":"","overlay-gradient":""},"tablet":{"background-color":"","background-image":"","background-repeat":"repeat","background-position":"center center","background-size":"auto","background-attachment":"scroll","background-type":"","background-media":"","overlay-type":"","overlay-color":"","overlay-opacity":"","overlay-gradient":""},"mobile":{"background-color":"","background-image":"","background-repeat":"repeat","background-position":"center center","background-size":"auto","background-attachment":"scroll","background-type":"","background-media":"","overlay-type":"","overlay-color":"","overlay-opacity":"","overlay-gradient":""}},"ast-content-background-meta":{"desktop":{"background-color":"var(--ast-global-color-4)","background-image":"","background-repeat":"repeat","background-position":"center center","background-size":"auto","background-attachment":"scroll","background-type":"","background-media":"","overlay-type":"","overlay-color":"","overlay-opacity":"","overlay-gradient":""},"tablet":{"background-color":"var(--ast-global-color-4)","background-image":"","background-repeat":"repeat","background-position":"center center","background-size":"auto","background-attachment":"scroll","background-type":"","background-media":"","overlay-type":"","overlay-color":"","overlay-opacity":"","overlay-gradient":""},"mobile":{"background-color":"var(--ast-global-color-4)","background-image":"","background-repeat":"repeat","background-position":"center center","background-size":"auto","background-attachment":"scroll","background-type":"","background-media":"","overlay-type":"","overlay-color":"","overlay-opacity":"","overlay-gradient":""}}},"product_brand":[],"product_cat":[38,28,39,34],"product_tag":[41,35],"class_list":{"0":"post-49","1":"product","2":"type-product","3":"status-publish","4":"has-post-thumbnail","6":"product_cat-california-courses","7":"product_cat-courses","8":"product_cat-renewing-tax-pros","9":"product_cat-spanish","10":"product_tag-california","11":"product_tag-spanish","12":"desktop-align-left","13":"tablet-align-left","14":"mobile-align-left","15":"ast-product-gallery-layout-horizontal-slider","16":"ast-product-gallery-with-no-image","17":"ast-magnify-disabled","18":"ast-product-tabs-layout-horizontal","20":"first","21":"outofstock","22":"virtual","23":"purchasable","24":"product-type-simple"},"_links":{"self":[{"href":"https:\/\/academy.reacherservices.com\/es_mx\/wp-json\/wp\/v2\/product\/49","targetHints":{"allow":["GET"]}}],"collection":[{"href":"https:\/\/academy.reacherservices.com\/es_mx\/wp-json\/wp\/v2\/product"}],"about":[{"href":"https:\/\/academy.reacherservices.com\/es_mx\/wp-json\/wp\/v2\/types\/product"}],"wp:featuredmedia":[{"embeddable":true,"href":"https:\/\/academy.reacherservices.com\/es_mx\/wp-json\/wp\/v2\/media\/79"}],"wp:attachment":[{"href":"https:\/\/academy.reacherservices.com\/es_mx\/wp-json\/wp\/v2\/media?parent=49"}],"wp:term":[{"taxonomy":"product_brand","embeddable":true,"href":"https:\/\/academy.reacherservices.com\/es_mx\/wp-json\/wp\/v2\/product_brand?post=49"},{"taxonomy":"product_cat","embeddable":true,"href":"https:\/\/academy.reacherservices.com\/es_mx\/wp-json\/wp\/v2\/product_cat?post=49"},{"taxonomy":"product_tag","embeddable":true,"href":"https:\/\/academy.reacherservices.com\/es_mx\/wp-json\/wp\/v2\/product_tag?post=49"}],"curies":[{"name":"wp","href":"https:\/\/api.w.org\/{rel}","templated":true}]}}