{"id":52,"date":"2025-11-24T21:10:13","date_gmt":"2025-11-24T21:10:13","guid":{"rendered":"https:\/\/academy.reacherservices.com\/?post_type=product&#038;p=52"},"modified":"2026-02-10T17:07:32","modified_gmt":"2026-02-10T17:07:32","slug":"bilingual-ctec-20-hour-continuing-education","status":"publish","type":"product","link":"https:\/\/academy.reacherservices.com\/es_mx\/product\/bilingual-ctec-20-hour-continuing-education\/","title":{"rendered":"Bilingual CTEC 20 Hour Continuing Education"},"content":{"rendered":"<p id=\"isPasted\">CTEC requiere que los CRTP renueven su registro anualmente antes del 31 de octubre. Si el estudiante no completa su educaci\u00f3n continua antes del 15 de enero del a\u00f1o siguiente, el CRTP tendr\u00e1 que volver a tomar el curso de educaci\u00f3n calificativa. Si el estudiante no completa el requisito de 20 horas de educaci\u00f3n continua, deber\u00e1 tomar el curso de 60 horas, someterse a una verificaci\u00f3n de antecedentes y realizarse la toma de huellas dactilares antes de preparar declaraciones de impuestos.<\/p>\n<p>&nbsp;<\/p>\n<p>Este curso ha sido aprobado por el Consejo de Educaci\u00f3n Tributaria de California (2080-CE-0006), que cumple con el requisito de educaci\u00f3n de calificaci\u00f3n de 20 horas impuesto por el estado de California para convertirse en un preparador de impuestos. Se puede obtener una lista de requisitos adicionales para registrarse como preparador de impuestos poni\u00e9ndose en contacto con CTEC en P.O. Box 2890, Sacramento, CA, 95812-2890 o 1-877-850-2832 o visitando la p\u00e1gina web www.CTEC.org.<\/p>\n<p>&nbsp;<\/p>\n<p><strong>Objetivos<\/strong><\/p>\n<p>Al final de este curso, el estudiante podra:<\/p>\n<p style=\"margin-left: 0.5in; text-indent: -0.25in;\">Comprender los derechos de representaci\u00f3n limitados.<\/p>\n<p style=\"margin-left: 0.5in; text-indent: -0.25in;\">Reconocer las tasas de inflaci\u00f3n anual para la deducci\u00f3n est\u00e1ndar.<\/p>\n<p style=\"margin-left: 0.5in; text-indent: -0.25in;\">Comprender los l\u00edmites de la Secci\u00f3n 199.<\/p>\n<p style=\"margin-left: 0.5in; text-indent: -0.25in;\">Identifique a los contribuyentes que califican para las deducciones de p\u00e9rdida por accidente y robo.<\/p>\n<p style=\"margin-left: 0.5in; text-indent: -0.25in;\">Conocer el monto de la multa por cr\u00e9dito reembolsable.<\/p>\n<p style=\"margin-left: 0.5in; text-indent: -0.25in;\">Reconocer las tasas de inflaci\u00f3n anual para la deducci\u00f3n est\u00e1ndar.<\/p>\n<p>&nbsp;<\/p>\n<p>Campo de estudio: Ley federal de impuestos 10 horas, Actualizaciones federales 3 horas, Ley de impuestos de California 5 horas, \u00c9tica conductual 2 horas<\/p>\n<p>Nivel del curso: Intermedio<\/p>\n<p>Prerrequisito: Se requieren conocimientos generales de preparaci\u00f3n de impuestos.<\/p>\n<p><strong>M\u00e9todo de entrega: Autoestudio<\/strong><\/p>\n<p>&nbsp;<\/p>\n<p><strong>Fecha de vencimiento para ganar CE: Octubre 31 2026<\/strong><\/p>","protected":false},"excerpt":{"rendered":"<div>\n<p><span style=\"color: #ff2a00;\"><strong><span style=\"color: #000000;\">The content in this course includes both English and Spanish.<\/span><\/strong><\/span><\/p>\n<\/div>\n<p><strong>CE Credits: 10<\/strong>\u00a0Federal Tax Law,\u00a0<strong>3<\/strong>\u00a0Federal Tax Updates,\u00a0<strong>2<\/strong>\u00a0Behavioral\u00a0Ethics,\u00a0<strong>5<\/strong>\u00a0California Tax Law<\/p>\n<p><strong><span style=\"color: #ff2a00;\">CTEC requires that the CRTP renew their registration yearly by October 31<sup>st<\/sup><\/span><\/strong>. If the student does not complete their continuing education by the late renewal of January 15 of the following year, they will need to retake the 60-hour course, get a background check, and be fingerprinted.<\/p>\n<p>The\u00a0<strong>CTEC 20 Hour Continuing Education renewal<\/strong>\u00a0course fulfills the 20-hour CTEC requirement for CRTPs who have already completed 60 hours of Qualifying Education.<\/p>\n<p>This course is divided into four parts:\u00a0<em>Ethics<\/em>,\u00a0<em>Federal Tax Law<\/em>,\u00a0<em>Updates<\/em>, and\u00a0<em>California Tax Law<\/em>. Each part contains a final; the final must be passed with a 70% or higher.<\/p>\n<p>At the end of this course, the student will be able to do the following:<\/p>\n<ul>\n<li>Understand limited representation rights.<\/li>\n<li>Recognize the annual inflation rates for the standard deduction.<\/li>\n<li>Comprehend Section 199 limits.<\/li>\n<li>Identify taxpayers who qualify for Casualty and Theft Loss deductions.<\/li>\n<li>Know the penalty amount per refundable credit.<\/li>\n<li>Recognize the annual inflation rates for the standard deduction.<\/li>\n<\/ul>\n<p>&#8212;&#8212;&#8212;&#8212;&#8212;&#8212;&#8212;&#8212;&#8212;&#8212;&#8212;&#8212;&#8212;&#8212;&#8212;&#8212;&#8212;&#8212;&#8212;&#8212;&#8211;<\/p>\n<div>\n<p class=\"p1\"><span class=\"s1\"><b>Cr\u00e9ditos de Educaci\u00f3n Continua (CE, por sus siglas en ingl\u00e9s):\u00a0<\/b>Ley de Impuesto Federal\u00a0<b>10<\/b>,<b>\u00a0<\/b>Actualizaciones de Impuestos Federales\u00a0<b>3<\/b>, \u00c9tica regulatoria\u00a0<b>2,\u00a0<\/b>Ley de Impuestos de California<b>\u00a05<\/b><\/span><\/p>\n<p class=\"p1\"><span class=\"s1\"><b><span style=\"color: #ff2a00;\">CTEC requiere que el CRTP renueve su registro anualmente antes del 31 de octubre<\/span>.<\/b>\u00a0Si el estudiante no completa su educaci\u00f3n continua antes del 15 de enero del a\u00f1o siguiente, tendr\u00e1 que volver a tomar el curso de 60 horas nuevamente y obtener una verificaci\u00f3n de antecedentes y tomar las huellas dactilares.<\/span><\/p>\n<p><span class=\"s1\">El curso\u00a0<strong>20 Horas de educaci\u00f3n continua de Califronia<\/strong>\u00a0cumple con el requisito de CTEC de 20 horas para CRTP que ya han completado 60 horas de educaci\u00f3n calificada.<\/span><\/p>\n<p><span class=\"s1\">Este curso se divide en cuatro partes:\u00a0<i>\u00c9tica, Federal, California y actualizaciones.<\/i>\u00a0Cada parte contiene un examen final, el cual se debe aprobar con un 70% o m\u00e1s.<\/span><\/p>\n<p>Al final de este curso, el estudiante podr\u00e1 hacer lo siguiente:<\/p>\n<ul>\n<li>Comprender los derechos de representaci\u00f3n limitados.<\/li>\n<li>Reconocer las tasas de inflaci\u00f3n anual para la deducci\u00f3n est\u00e1ndar.<\/li>\n<li>Comprender los l\u00edmites de la Secci\u00f3n 199.<\/li>\n<li>Identifique a los contribuyentes que califican para las deducciones de p\u00e9rdida por accidente y robo.<\/li>\n<li>Conocer el monto de la multa por cr\u00e9dito reembolsable.<\/li>\n<li>Reconocer las tasas de inflaci\u00f3n anual para la deducci\u00f3n est\u00e1ndar.<\/li>\n<\/ul>\n<\/div>","protected":false},"featured_media":82,"template":"","meta":{"site-sidebar-layout":"default","site-content-layout":"default","ast-site-content-layout":"default","site-content-style":"default","site-sidebar-style":"default","ast-global-header-display":"","ast-banner-title-visibility":"","ast-main-header-display":"","ast-hfb-above-header-display":"","ast-hfb-below-header-display":"","ast-hfb-mobile-header-display":"","site-post-title":"","ast-breadcrumbs-content":"","ast-featured-img":"","footer-sml-layout":"","ast-disable-related-posts":"","theme-transparent-header-meta":"default","adv-header-id-meta":"","stick-header-meta":"default","header-above-stick-meta":"","header-main-stick-meta":"","header-below-stick-meta":"","astra-migrate-meta-layouts":"set","ast-page-background-enabled":"default","ast-page-background-meta":{"desktop":{"background-color":"var(--ast-global-color-5)","background-image":"","background-repeat":"repeat","background-position":"center center","background-size":"auto","background-attachment":"scroll","background-type":"","background-media":"","overlay-type":"","overlay-color":"","overlay-opacity":"","overlay-gradient":""},"tablet":{"background-color":"","background-image":"","background-repeat":"repeat","background-position":"center center","background-size":"auto","background-attachment":"scroll","background-type":"","background-media":"","overlay-type":"","overlay-color":"","overlay-opacity":"","overlay-gradient":""},"mobile":{"background-color":"","background-image":"","background-repeat":"repeat","background-position":"center center","background-size":"auto","background-attachment":"scroll","background-type":"","background-media":"","overlay-type":"","overlay-color":"","overlay-opacity":"","overlay-gradient":""}},"ast-content-background-meta":{"desktop":{"background-color":"var(--ast-global-color-4)","background-image":"","background-repeat":"repeat","background-position":"center center","background-size":"auto","background-attachment":"scroll","background-type":"","background-media":"","overlay-type":"","overlay-color":"","overlay-opacity":"","overlay-gradient":""},"tablet":{"background-color":"var(--ast-global-color-4)","background-image":"","background-repeat":"repeat","background-position":"center center","background-size":"auto","background-attachment":"scroll","background-type":"","background-media":"","overlay-type":"","overlay-color":"","overlay-opacity":"","overlay-gradient":""},"mobile":{"background-color":"var(--ast-global-color-4)","background-image":"","background-repeat":"repeat","background-position":"center center","background-size":"auto","background-attachment":"scroll","background-type":"","background-media":"","overlay-type":"","overlay-color":"","overlay-opacity":"","overlay-gradient":""}}},"product_brand":[],"product_cat":[27,38,28,39],"product_tag":[],"class_list":{"0":"post-52","1":"product","2":"type-product","3":"status-publish","4":"has-post-thumbnail","6":"product_cat-bilingual","7":"product_cat-california-courses","8":"product_cat-courses","9":"product_cat-renewing-tax-pros","10":"desktop-align-left","11":"tablet-align-left","12":"mobile-align-left","13":"ast-product-gallery-layout-horizontal-slider","14":"ast-product-gallery-with-no-image","15":"ast-magnify-disabled","16":"ast-product-tabs-layout-horizontal","18":"first","19":"outofstock","20":"virtual","21":"purchasable","22":"product-type-simple"},"_links":{"self":[{"href":"https:\/\/academy.reacherservices.com\/es_mx\/wp-json\/wp\/v2\/product\/52","targetHints":{"allow":["GET"]}}],"collection":[{"href":"https:\/\/academy.reacherservices.com\/es_mx\/wp-json\/wp\/v2\/product"}],"about":[{"href":"https:\/\/academy.reacherservices.com\/es_mx\/wp-json\/wp\/v2\/types\/product"}],"wp:featuredmedia":[{"embeddable":true,"href":"https:\/\/academy.reacherservices.com\/es_mx\/wp-json\/wp\/v2\/media\/82"}],"wp:attachment":[{"href":"https:\/\/academy.reacherservices.com\/es_mx\/wp-json\/wp\/v2\/media?parent=52"}],"wp:term":[{"taxonomy":"product_brand","embeddable":true,"href":"https:\/\/academy.reacherservices.com\/es_mx\/wp-json\/wp\/v2\/product_brand?post=52"},{"taxonomy":"product_cat","embeddable":true,"href":"https:\/\/academy.reacherservices.com\/es_mx\/wp-json\/wp\/v2\/product_cat?post=52"},{"taxonomy":"product_tag","embeddable":true,"href":"https:\/\/academy.reacherservices.com\/es_mx\/wp-json\/wp\/v2\/product_tag?post=52"}],"curies":[{"name":"wp","href":"https:\/\/api.w.org\/{rel}","templated":true}]}}