{"id":54,"date":"2025-11-24T21:10:13","date_gmt":"2025-11-24T21:10:13","guid":{"rendered":"https:\/\/academy.reacherservices.com\/?post_type=product&#038;p=54"},"modified":"2026-02-10T17:07:57","modified_gmt":"2026-02-10T17:07:57","slug":"15-horas-de-educacion-continua","status":"publish","type":"product","link":"https:\/\/academy.reacherservices.com\/es_mx\/product\/15-horas-de-educacion-continua\/","title":{"rendered":"15 horas de educaci\u00f3n continua"},"content":{"rendered":"<p data-mce-fragment=\"1\"><em data-mce-fragment=\"1\"><strong data-mce-fragment=\"1\">Objetivos<\/strong><\/em><\/p>\n<p data-mce-fragment=\"1\">Al final de este curso, el estudiante podr\u00e1 hacer lo siguiente:<\/p>\n<ul data-mce-fragment=\"1\">\n<li data-mce-fragment=\"1\">Comprender la importancia de salvaguardar los documentos del contribuyente.<\/li>\n<li data-mce-fragment=\"1\">Darse cuenta de cu\u00e1ndo usar el Formulario 4868.<\/li>\n<li data-mce-fragment=\"1\">Comprender las diferentes opciones de presentaci\u00f3n electr\u00f3nica.<\/li>\n<li data-mce-fragment=\"1\">Comprenda c\u00f3mo completar el Anexo 2 del Formulario 1040.<\/li>\n<li data-mce-fragment=\"1\">Explique c\u00f3mo un cr\u00e9dito no reembolsable afecta la responsabilidad fiscal del contribuyente.<\/li>\n<li data-mce-fragment=\"1\">Explicar qu\u00e9 deducciones est\u00e1n limitadas al piso del 7.5%.<\/li>\n<\/ul>\n<p data-mce-fragment=\"1\">Campo de estudio: Ley Federal de Impuestos 10 horas, 2 Horas de \u00e9tica<br data-mce-fragment=\"1\" \/>Nivel del curso: B\u00e1sico<br data-mce-fragment=\"1\" \/>Requisito previo: Ninguno<br data-mce-fragment=\"1\" \/>M\u00e9todo de entrega: Autoestudio<\/p>","protected":false},"excerpt":{"rendered":"<p>Este curso b\u00e1sico ofrece una visi\u00f3n general del Formulario 1040. Los temas incluyen el estado de presentaci\u00f3n, la deducci\u00f3n est\u00e1ndar y detallada, los ingresos, qu\u00e9 formulario usar, qu\u00e9 cr\u00e9ditos califica el contribuyente y c\u00f3mo determinar un dependiente calificado para el contribuyente. Otros temas tratados son las ganancias y p\u00e9rdidas de capital, los ajustes a los ingresos y mucho m\u00e1s.<\/p>","protected":false},"featured_media":84,"template":"","meta":{"site-sidebar-layout":"default","site-content-layout":"default","ast-site-content-layout":"default","site-content-style":"default","site-sidebar-style":"default","ast-global-header-display":"","ast-banner-title-visibility":"","ast-main-header-display":"","ast-hfb-above-header-display":"","ast-hfb-below-header-display":"","ast-hfb-mobile-header-display":"","site-post-title":"","ast-breadcrumbs-content":"","ast-featured-img":"","footer-sml-layout":"","ast-disable-related-posts":"","theme-transparent-header-meta":"default","adv-header-id-meta":"","stick-header-meta":"default","header-above-stick-meta":"","header-main-stick-meta":"","header-below-stick-meta":"","astra-migrate-meta-layouts":"set","ast-page-background-enabled":"default","ast-page-background-meta":{"desktop":{"background-color":"var(--ast-global-color-5)","background-image":"","background-repeat":"repeat","background-position":"center center","background-size":"auto","background-attachment":"scroll","background-type":"","background-media":"","overlay-type":"","overlay-color":"","overlay-opacity":"","overlay-gradient":""},"tablet":{"background-color":"","background-image":"","background-repeat":"repeat","background-position":"center center","background-size":"auto","background-attachment":"scroll","background-type":"","background-media":"","overlay-type":"","overlay-color":"","overlay-opacity":"","overlay-gradient":""},"mobile":{"background-color":"","background-image":"","background-repeat":"repeat","background-position":"center center","background-size":"auto","background-attachment":"scroll","background-type":"","background-media":"","overlay-type":"","overlay-color":"","overlay-opacity":"","overlay-gradient":""}},"ast-content-background-meta":{"desktop":{"background-color":"var(--ast-global-color-4)","background-image":"","background-repeat":"repeat","background-position":"center center","background-size":"auto","background-attachment":"scroll","background-type":"","background-media":"","overlay-type":"","overlay-color":"","overlay-opacity":"","overlay-gradient":""},"tablet":{"background-color":"var(--ast-global-color-4)","background-image":"","background-repeat":"repeat","background-position":"center center","background-size":"auto","background-attachment":"scroll","background-type":"","background-media":"","overlay-type":"","overlay-color":"","overlay-opacity":"","overlay-gradient":""},"mobile":{"background-color":"var(--ast-global-color-4)","background-image":"","background-repeat":"repeat","background-position":"center center","background-size":"auto","background-attachment":"scroll","background-type":"","background-media":"","overlay-type":"","overlay-color":"","overlay-opacity":"","overlay-gradient":""}}},"product_brand":[],"product_cat":[38,28,34],"product_tag":[41,35],"class_list":{"0":"post-54","1":"product","2":"type-product","3":"status-publish","4":"has-post-thumbnail","6":"product_cat-california-courses","7":"product_cat-courses","8":"product_cat-spanish","9":"product_tag-california","10":"product_tag-spanish","11":"desktop-align-left","12":"tablet-align-left","13":"mobile-align-left","14":"ast-product-gallery-layout-horizontal-slider","15":"ast-product-gallery-with-no-image","16":"ast-magnify-disabled","17":"ast-product-tabs-layout-horizontal","19":"first","20":"outofstock","21":"virtual","22":"purchasable","23":"product-type-simple"},"_links":{"self":[{"href":"https:\/\/academy.reacherservices.com\/es_mx\/wp-json\/wp\/v2\/product\/54","targetHints":{"allow":["GET"]}}],"collection":[{"href":"https:\/\/academy.reacherservices.com\/es_mx\/wp-json\/wp\/v2\/product"}],"about":[{"href":"https:\/\/academy.reacherservices.com\/es_mx\/wp-json\/wp\/v2\/types\/product"}],"wp:featuredmedia":[{"embeddable":true,"href":"https:\/\/academy.reacherservices.com\/es_mx\/wp-json\/wp\/v2\/media\/84"}],"wp:attachment":[{"href":"https:\/\/academy.reacherservices.com\/es_mx\/wp-json\/wp\/v2\/media?parent=54"}],"wp:term":[{"taxonomy":"product_brand","embeddable":true,"href":"https:\/\/academy.reacherservices.com\/es_mx\/wp-json\/wp\/v2\/product_brand?post=54"},{"taxonomy":"product_cat","embeddable":true,"href":"https:\/\/academy.reacherservices.com\/es_mx\/wp-json\/wp\/v2\/product_cat?post=54"},{"taxonomy":"product_tag","embeddable":true,"href":"https:\/\/academy.reacherservices.com\/es_mx\/wp-json\/wp\/v2\/product_tag?post=54"}],"curies":[{"name":"wp","href":"https:\/\/api.w.org\/{rel}","templated":true}]}}