{"id":87,"date":"2025-11-24T21:10:30","date_gmt":"2025-11-24T21:10:30","guid":{"rendered":"https:\/\/academy.reacherservices.com\/?post_type=product&#038;p=87"},"modified":"2026-02-13T21:58:55","modified_gmt":"2026-02-13T21:58:55","slug":"bilingual-15-hours-of-california-qualifying-education","status":"publish","type":"product","link":"https:\/\/academy.reacherservices.com\/es_mx\/product\/bilingual-15-hours-of-california-qualifying-education\/","title":{"rendered":"Bilingual 15 Hours of California Qualifying Education"},"content":{"rendered":"<section id=\"ce-15hr-2025\">\n<h2>2025 Bilingual 15-Hour Continuing Education<\/h2>\n<p><!-- English --><\/p>\n<article lang=\"en\">\n<h3>Descripci\u00f3n<\/h3>\n<p>Este curso intermedio de educaci\u00f3n continua brinda una descripci\u00f3n general de los ingresos gravables y no gravables, los ingresos comerciales, la depreciaci\u00f3n, los cr\u00e9ditos tributarios reembolsables y no reembolsables, y una comprensi\u00f3n del estado civil para efectos de la declaraci\u00f3n y las exenciones. Cubre los ajustes al ingreso y la diferencia entre la deducci\u00f3n est\u00e1ndar y la detallada. Dise\u00f1ado para quienes necesitan <strong>10 horas de Ley de Impuestos Federales<\/strong>, <strong>3 horas de Actualizaciones<\/strong> y <strong>2 horas de \u00c9tica del Comportamiento<\/strong>. <em>Este curso no califica para las horas de educaci\u00f3n continua de California.<\/em><\/p>\n<h3>Objetivos<\/h3>\n<ul>\n<li>Explicar qui\u00e9n es un propietario \u00fanico<\/li>\n<li>Recordar los diferentes tipos de asociaciones<\/li>\n<li>Identificar d\u00f3nde informar los salarios y otras compensaciones<\/li>\n<li>Diferenciar los ingresos ganados y los no ganados<\/li>\n<li>Identificar las diferencias entre per\u00edodos y m\u00e9todos contables<\/li>\n<li>Explicar qu\u00e9 deducciones se limitan al piso del 7.5%<\/li>\n<\/ul>\n<h3>Detalles del curso<\/h3>\n<p><strong>Campo de estudio:<\/strong> Ley de impuestos federales (10 horas), Actualizaciones de impuestos federales (3 horas), \u00c9tica del comportamiento (2 horas)<br \/>\n<strong>Nivel del curso:<\/strong> Intermedio<br \/>\n<strong>Requisito previo:<\/strong> Se requieren conocimientos generales de preparaci\u00f3n de impuestos<br \/>\n<strong>M\u00e9todo de entrega:<\/strong> Autoestudio<br \/>\n<strong>CE de California:<\/strong> No elegible<\/p>\n<\/article>\n<hr \/>\n<p><!-- Espa\u00f1ol --><\/p>\n<article lang=\"es\">\n<h3>Description<\/h3>\n<p>This intermediate continuing education course provides an overview of taxable and nontaxable income, business income, depreciation, refundable and nonrefundable credits, and a working understanding of filing status and exemptions. It covers adjustments to income and the difference between the standard and itemized deductions. Designed for learners who need <strong>10 hours Federal Tax Law<\/strong>, <strong>3 hours Federal Tax Updates<\/strong>, and <strong>2 hours Behavioral Ethics<\/strong>. <em>This course does not qualify for California CE hours.<\/em><\/p>\n<h3>Objectives<\/h3>\n<ul>\n<li>Explain what a sole proprietor is<\/li>\n<li>Recall the different types of partnerships<\/li>\n<li>Identify where to report wages and other compensation<\/li>\n<li>Differentiate between earned and unearned income<\/li>\n<li>Identify differences among accounting periods and methods<\/li>\n<li>Explain which deductions are limited to the 7.5% floor<\/li>\n<\/ul>\n<h3>Course Details<\/h3>\n<p><strong>Field of Study:<\/strong> Federal Tax Law (10 hours), Federal Tax Updates (3 hours), Behavioral Ethics (2 hours)<br \/>\n<strong>Course Level:<\/strong> Intermediate<br \/>\n<strong>Prerequisite:<\/strong> General tax preparation knowledge required<br \/>\n<strong>Delivery Method:<\/strong> Self-Study<br \/>\n<strong>California CE:<\/strong> Not eligible<\/p>\n<\/article>\n<\/section>","protected":false},"excerpt":{"rendered":"<p>&nbsp;<\/p>\n<div>\n<p><strong>CE Credits: 10<\/strong>\u00a0Federal Tax Law,\u00a0<strong>3<\/strong>\u00a0Federal Tax Updates,\u00a0<strong>2<\/strong>\u00a0Regulatory Ethics<\/p>\n<p>This course gives an intermediate overview of taxable and nontaxable income, business income, depreciation, nonrefundable and refundable tax credits, and an in depth understanding of filing status and exemptions. The course covers adjustment to income, and the difference between standard and itemized deduction. This continuing education course is designed for those individuals who only need 10-hours of tax law, 2 hours ethics and 3-hours of updates.<\/p>\n<p>At the end of this course, the student will be able to do the following:<\/p>\n<ul>\n<li>Explain who is a sole proprietor.<\/li>\n<li>Recall the different partnership types.<\/li>\n<li>Understand where to report wages and other compensation.<\/li>\n<li>Differentiate earned vs. unearned income.<\/li>\n<li>Identify the differences between accounting periods and accounting methods.<\/li>\n<li>Explain which deductions are limited to the 7.5% floor.<\/li>\n<\/ul>\n<p>&#8212;&#8212;&#8212;&#8212;&#8212;&#8212;&#8212;&#8212;&#8212;&#8212;&#8212;&#8212;&#8212;&#8212;&#8212;&#8212;&#8212;&#8212;&#8212;&#8212;&#8211;<\/p>\n<p><b>Cr\u00e9ditos de Educaci\u00f3n Continua (CE, por sus siglas en ingl\u00e9s):\u00a0<\/b>Ley de Impuesto Federal\u00a0<b>10<\/b>,<b>\u00a0<\/b>Actualizaciones de Impuestos Federales\u00a0<b>3<\/b>, \u00c9tica regulatoria\u00a0<b>2<\/b><\/p>\n<p>Este curso b\u00e1sico ofrece una visi\u00f3n general del Formulario 1040. Los temas incluyen el estado de presentaci\u00f3n, la deducci\u00f3n est\u00e1ndar y detallada, los ingresos, qu\u00e9 formulario usar, qu\u00e9 cr\u00e9ditos califica el contribuyente y c\u00f3mo determinar un dependiente calificado para el contribuyente. Otros temas tratados son las ganancias y p\u00e9rdidas de capital, los ajustes a los ingresos y mucho m\u00e1s.<\/p>\n<p>Al final de este curso, el estudiante podr\u00e1 hacer lo siguiente:<\/p>\n<ul>\n<li>Comprender la importancia de salvaguardar los documentos del contribuyente.<\/li>\n<li>Darse cuenta de cu\u00e1ndo usar el Formulario 4868.<\/li>\n<li>Comprender las diferentes opciones de presentaci\u00f3n electr\u00f3nica.<\/li>\n<li>Comprenda c\u00f3mo completar el Anexo 2 del Formulario 1040.<\/li>\n<li>Explique c\u00f3mo un cr\u00e9dito no reembolsable afecta la responsabilidad fiscal del contribuyente.<\/li>\n<li>Explicar qu\u00e9 deducciones est\u00e1n limitadas al piso del 7.5%.<\/li>\n<\/ul>\n<\/div>","protected":false},"featured_media":117,"template":"","meta":{"site-sidebar-layout":"default","site-content-layout":"default","ast-site-content-layout":"default","site-content-style":"default","site-sidebar-style":"default","ast-global-header-display":"","ast-banner-title-visibility":"","ast-main-header-display":"","ast-hfb-above-header-display":"","ast-hfb-below-header-display":"","ast-hfb-mobile-header-display":"","site-post-title":"","ast-breadcrumbs-content":"","ast-featured-img":"","footer-sml-layout":"","ast-disable-related-posts":"","theme-transparent-header-meta":"default","adv-header-id-meta":"","stick-header-meta":"default","header-above-stick-meta":"","header-main-stick-meta":"","header-below-stick-meta":"","astra-migrate-meta-layouts":"set","ast-page-background-enabled":"default","ast-page-background-meta":{"desktop":{"background-color":"var(--ast-global-color-5)","background-image":"","background-repeat":"repeat","background-position":"center center","background-size":"auto","background-attachment":"scroll","background-type":"","background-media":"","overlay-type":"","overlay-color":"","overlay-opacity":"","overlay-gradient":""},"tablet":{"background-color":"","background-image":"","background-repeat":"repeat","background-position":"center center","background-size":"auto","background-attachment":"scroll","background-type":"","background-media":"","overlay-type":"","overlay-color":"","overlay-opacity":"","overlay-gradient":""},"mobile":{"background-color":"","background-image":"","background-repeat":"repeat","background-position":"center center","background-size":"auto","background-attachment":"scroll","background-type":"","background-media":"","overlay-type":"","overlay-color":"","overlay-opacity":"","overlay-gradient":""}},"ast-content-background-meta":{"desktop":{"background-color":"var(--ast-global-color-4)","background-image":"","background-repeat":"repeat","background-position":"center center","background-size":"auto","background-attachment":"scroll","background-type":"","background-media":"","overlay-type":"","overlay-color":"","overlay-opacity":"","overlay-gradient":""},"tablet":{"background-color":"var(--ast-global-color-4)","background-image":"","background-repeat":"repeat","background-position":"center center","background-size":"auto","background-attachment":"scroll","background-type":"","background-media":"","overlay-type":"","overlay-color":"","overlay-opacity":"","overlay-gradient":""},"mobile":{"background-color":"var(--ast-global-color-4)","background-image":"","background-repeat":"repeat","background-position":"center center","background-size":"auto","background-attachment":"scroll","background-type":"","background-media":"","overlay-type":"","overlay-color":"","overlay-opacity":"","overlay-gradient":""}}},"product_brand":[],"product_cat":[27,38,28],"product_tag":[41,37],"class_list":{"0":"post-87","1":"product","2":"type-product","3":"status-publish","4":"has-post-thumbnail","6":"product_cat-bilingual","7":"product_cat-california-courses","8":"product_cat-courses","9":"product_tag-california","10":"product_tag-english","11":"desktop-align-left","12":"tablet-align-left","13":"mobile-align-left","14":"ast-product-gallery-layout-horizontal-slider","15":"ast-product-gallery-with-no-image","16":"ast-magnify-disabled","17":"ast-product-tabs-layout-horizontal","19":"first","20":"instock","21":"virtual","22":"purchasable","23":"product-type-simple"},"_links":{"self":[{"href":"https:\/\/academy.reacherservices.com\/es_mx\/wp-json\/wp\/v2\/product\/87","targetHints":{"allow":["GET"]}}],"collection":[{"href":"https:\/\/academy.reacherservices.com\/es_mx\/wp-json\/wp\/v2\/product"}],"about":[{"href":"https:\/\/academy.reacherservices.com\/es_mx\/wp-json\/wp\/v2\/types\/product"}],"wp:featuredmedia":[{"embeddable":true,"href":"https:\/\/academy.reacherservices.com\/es_mx\/wp-json\/wp\/v2\/media\/117"}],"wp:attachment":[{"href":"https:\/\/academy.reacherservices.com\/es_mx\/wp-json\/wp\/v2\/media?parent=87"}],"wp:term":[{"taxonomy":"product_brand","embeddable":true,"href":"https:\/\/academy.reacherservices.com\/es_mx\/wp-json\/wp\/v2\/product_brand?post=87"},{"taxonomy":"product_cat","embeddable":true,"href":"https:\/\/academy.reacherservices.com\/es_mx\/wp-json\/wp\/v2\/product_cat?post=87"},{"taxonomy":"product_tag","embeddable":true,"href":"https:\/\/academy.reacherservices.com\/es_mx\/wp-json\/wp\/v2\/product_tag?post=87"}],"curies":[{"name":"wp","href":"https:\/\/api.w.org\/{rel}","templated":true}]}}