{"id":89,"date":"2025-11-24T21:10:30","date_gmt":"2025-11-24T21:10:30","guid":{"rendered":"https:\/\/academy.reacherservices.com\/?post_type=product&#038;p=89"},"modified":"2026-02-10T16:50:06","modified_gmt":"2026-02-10T16:50:06","slug":"2024-actualizacion-anual-de-impuestos-federales-aftr","status":"publish","type":"product","link":"https:\/\/academy.reacherservices.com\/es_mx\/product\/2024-actualizacion-anual-de-impuestos-federales-aftr\/","title":{"rendered":"Actualizaci\u00f3n anual de impuestos federales (AFTR)"},"content":{"rendered":"<div>\n<p class=\"p1\"><span class=\"s1\"><b>\u00bfC\u00f3mo obtengo un registro de finalizaci\u00f3n del AFSP?<\/b><\/span><\/p>\n<p class=\"p2\"><span class=\"s1\">1. Obtenga 18 horas de educaci\u00f3n continua de proveedores de CE aprobados por el IRS, que incluyen:<\/span><\/p>\n<ul>\n<li><span class=\"s1\">un curso de Actualizaci\u00f3n Anual de Impuestos Federales (AFTR) de seis (6) horas que cubre temas de la temporada de declaraci\u00f3n y actualizaciones de la legislaci\u00f3n fiscal, as\u00ed como una prueba de comprensi\u00f3n basada en el conocimiento realizada al final del curso por el proveedor de CE;<\/span><\/li>\n<li><span class=\"s1\">diez (10) horas de otros temas de la Ley de Impuesto Federal; y<\/span><\/li>\n<li><span class=\"s1\">dos (2) horas de \u00c9tica.<\/span><\/li>\n<\/ul>\n<p class=\"p2\"><span class=\"s1\">2. Tener un <a href=\"https:\/\/www.irs.gov\/tax-professionals\/ptin-requirements-for-tax-return-preparers\"><span class=\"s2\">n\u00famero de identificaci\u00f3n fiscal del preparador (PTIN) <\/span><span class=\"s3\">activo<\/span><\/a>.<br \/>\n3. Dar su consentimiento para cumplir con las obligaciones pr\u00e1cticas espec\u00edficas descritas en la subsecci\u00f3n B y la secci\u00f3n 10.51 de la <a href=\"https:\/\/www.irs.gov\/pub\/irs-pdf\/pcir230.pdf\"><span class=\"s2\">Circular del Departamento del Tesoro No. 230<\/span><\/a>.<\/span><\/p>\n<p class=\"p2\"><span class=\"s1\"><b>\u00bfQui\u00e9n est\u00e1 exento y puede obtener el registro de finalizaci\u00f3n del AFSP sin tomar el curso de Actualizaci\u00f3n Anual de Impuestos Federales?<\/b><\/span><\/p>\n<ul>\n<li><span class=\"s1\">Cualquier persona que haya aprobado el examen de Preparador Registrado de Declaraciones de Impuestos administrado por el IRS entre noviembre de 2011 y enero de 2013.<\/span><\/li>\n<li><span class=\"s1\">Participantes del programa de preparador de declaraciones establecidas basado en el estado actualmente con requerimientos de pruebas: Preparadores de declaraciones que son registrantes activos de la Junta de Profesionales de Impuestos de Oreg\u00f3n, el Consejo de Educaci\u00f3n Tributaria de California y\/o la Junta de Preparadores de Impuestos de Personas Naturales del Estado de Maryland.<\/span><\/li>\n<li><span class=\"s1\">CONSULTE la Parte I Aprobaci\u00f3n de ex\u00e1menes: Profesionales de impuestos que han aprobado la Parte I del examen de inscripci\u00f3n especial en los \u00faltimos dos a\u00f1os.<\/span><\/li>\n<li><span class=\"s1\">Voluntarios VITA\/TCE: Revisores de calidad, instructores y preparadores de declaraciones con PTIN activos.<\/span><\/li>\n<li><span class=\"s1\">Otros titulares de credenciales centrados en impuestos que han sido acreditados: El Consejo de Acreditaci\u00f3n para Contadores y Asesores\/Contadores Comerciales Acreditados (ABA) y los programas de Preparadores de Impuestos Acreditados (ATP).<br \/>\n<\/span><\/li>\n<\/ul>\n<p><strong>Cumplo con una de estas exenciones. \u00bfC\u00f3mo obtengo un AFSP \u2013 Registro de Finalizaci\u00f3n?<\/strong><\/p>\n<ul>\n<li>Tome quince (15) horas de educaci\u00f3n continua, que incluyen:\n<ul>\n<li>tres (3) horas de actualizaciones de la ley tributaria federal,<\/li>\n<li>diez (10) horas de otros temas de\u00a0ley tributario federal y<\/li>\n<li>dos (2) horas de \u00e9tica.<\/li>\n<\/ul>\n<\/li>\n<\/ul>\n<ul>\n<li>Tener un n\u00famero de identificaci\u00f3n fiscal (PTIN) de preparador activo.<\/li>\n<li>Consentimiento para cumplir con las obligaciones pr\u00e1cticas espec\u00edficas descritas en la Subparte B y la secci\u00f3n 10.51 de la Circular no. 230 PDF del Departamento del Tesoro.<\/li>\n<\/ul>\n<table width=\"100%\">\n<tbody>\n<tr>\n<td width=\"657\"><strong>Detalles del curso<\/strong><\/td>\n<td width=\"462\"><strong>Lo que incluye este curso<\/strong><\/td>\n<\/tr>\n<tr>\n<td width=\"657\"><strong>T\u00edtulo:\u00a0<\/strong>Actualizaci\u00f3n anual en impuestos federales (AFTR)<br \/>\n<strong>Nivel:\u00a0<\/strong>Intermedio<br \/>\n<strong>M\u00e9todo de entrega:\u00a0<\/strong>Curso de\u00a0autoestudio<\/p>\n<p><strong>Para obtener el certificado de finalizaci\u00f3n debe:<\/strong><\/p>\n<p>\u2022 Aprobar\u00a0el examen final con 70% (o m\u00e1s)<br \/>\n\u2022 Completar la encuesta del curso<\/td>\n<td width=\"462\">\u2022 Libro electr\u00f3nico<br \/>\n\u2022 Videos<br \/>\n\u2022 Examen final de AFTR<\/td>\n<\/tr>\n<\/tbody>\n<\/table>\n<\/div>","protected":false},"excerpt":{"rendered":"<p><strong style=\"color: #000000; font-size: 16px;\">Cr\u00e9ditos de Educaci\u00f3n Continua (CE, por sus siglas en ingl\u00e9s): 6<\/strong><span style=\"color: #000000; font-size: 16px;\"> AFTR<\/span><\/p>\n<div>\n<p><span style=\"color: #000000;\"><strong>Fecha l\u00edmite: <\/strong>LT<\/span>P le recomienda completar este curso antes del 29 de diciembre para dar tiempo a reportar los cr\u00e9ditos y cualquier apoyo. <span style=\"color: #ff2a00;\">La fecha l\u00edmite del IRS para completar es el 31 de diciembre*.<\/span><\/p>\n<p>El curso <strong>Actualizaci\u00f3n anual de impuestos federales (AFTR)<\/strong> tiene la intenci\u00f3n de preparar a la persona <strong>para la temporada de presentaci\u00f3n de impuestos 2024<\/strong>. Este curso cubre los \u00faltimos cambios en la legislaci\u00f3n tributaria y los problemas tributarios actuales, as\u00ed como la pr\u00e1ctica y la responsabilidad profesional. Cuando el profesional de impuestos no inscrito aprueba este curso con un 70% o m\u00e1s y completa 10 horas de ley tributaria y 2 horas de \u00e9tica, podr\u00eda calificar para estar en la base de datos nacional del IRS. Este curso sigue los 3 dominios que se establecen anualmente por el IRS. Entre ellos se incluyen:<\/p>\n<ol>\n<li>Nueva Ley Tributaria\/Actualizaciones Recientes<\/li>\n<li>Revisi\u00f3n general<\/li>\n<li>Pr\u00e1cticas, Procedimientos y Responsabilidad Profesional<\/li>\n<\/ol>\n<p><span style=\"color: #ff2a00;\">*\u00a0<strong>La fecha l\u00edmite del IRS para completar es el 31 de diciembre\u00a0<\/strong><\/span><span style=\"color: #ff2a00;\"><strong>a la medianoche de su hora local<\/strong><\/span>, sin embargo, tenga en cuenta que nuestra oficina estara cerrada 12\/31. Las horas que se completen antes de la fecha l\u00edmite del IRS se informar\u00e1n el siguiente d\u00eda h\u00e1bil.<\/p>\n<\/div>","protected":false},"featured_media":118,"template":"","meta":{"site-sidebar-layout":"default","site-content-layout":"default","ast-site-content-layout":"default","site-content-style":"default","site-sidebar-style":"default","ast-global-header-display":"","ast-banner-title-visibility":"","ast-main-header-display":"","ast-hfb-above-header-display":"","ast-hfb-below-header-display":"","ast-hfb-mobile-header-display":"","site-post-title":"","ast-breadcrumbs-content":"","ast-featured-img":"","footer-sml-layout":"","ast-disable-related-posts":"","theme-transparent-header-meta":"default","adv-header-id-meta":"","stick-header-meta":"default","header-above-stick-meta":"","header-main-stick-meta":"","header-below-stick-meta":"","astra-migrate-meta-layouts":"set","ast-page-background-enabled":"default","ast-page-background-meta":{"desktop":{"background-color":"var(--ast-global-color-5)","background-image":"","background-repeat":"repeat","background-position":"center center","background-size":"auto","background-attachment":"scroll","background-type":"","background-media":"","overlay-type":"","overlay-color":"","overlay-opacity":"","overlay-gradient":""},"tablet":{"background-color":"","background-image":"","background-repeat":"repeat","background-position":"center center","background-size":"auto","background-attachment":"scroll","background-type":"","background-media":"","overlay-type":"","overlay-color":"","overlay-opacity":"","overlay-gradient":""},"mobile":{"background-color":"","background-image":"","background-repeat":"repeat","background-position":"center center","background-size":"auto","background-attachment":"scroll","background-type":"","background-media":"","overlay-type":"","overlay-color":"","overlay-opacity":"","overlay-gradient":""}},"ast-content-background-meta":{"desktop":{"background-color":"var(--ast-global-color-4)","background-image":"","background-repeat":"repeat","background-position":"center center","background-size":"auto","background-attachment":"scroll","background-type":"","background-media":"","overlay-type":"","overlay-color":"","overlay-opacity":"","overlay-gradient":""},"tablet":{"background-color":"var(--ast-global-color-4)","background-image":"","background-repeat":"repeat","background-position":"center center","background-size":"auto","background-attachment":"scroll","background-type":"","background-media":"","overlay-type":"","overlay-color":"","overlay-opacity":"","overlay-gradient":""},"mobile":{"background-color":"var(--ast-global-color-4)","background-image":"","background-repeat":"repeat","background-position":"center center","background-size":"auto","background-attachment":"scroll","background-type":"","background-media":"","overlay-type":"","overlay-color":"","overlay-opacity":"","overlay-gradient":""}}},"product_brand":[],"product_cat":[28,34],"product_tag":[31,35],"class_list":{"0":"post-89","1":"product","2":"type-product","3":"status-publish","4":"has-post-thumbnail","6":"product_cat-courses","7":"product_cat-spanish","8":"product_tag-federal","9":"product_tag-spanish","10":"desktop-align-left","11":"tablet-align-left","12":"mobile-align-left","13":"ast-product-gallery-layout-horizontal-slider","14":"ast-product-gallery-with-no-image","15":"ast-magnify-disabled","16":"ast-product-tabs-layout-horizontal","18":"first","19":"outofstock","20":"virtual","21":"purchasable","22":"product-type-simple"},"_links":{"self":[{"href":"https:\/\/academy.reacherservices.com\/es_mx\/wp-json\/wp\/v2\/product\/89","targetHints":{"allow":["GET"]}}],"collection":[{"href":"https:\/\/academy.reacherservices.com\/es_mx\/wp-json\/wp\/v2\/product"}],"about":[{"href":"https:\/\/academy.reacherservices.com\/es_mx\/wp-json\/wp\/v2\/types\/product"}],"wp:featuredmedia":[{"embeddable":true,"href":"https:\/\/academy.reacherservices.com\/es_mx\/wp-json\/wp\/v2\/media\/118"}],"wp:attachment":[{"href":"https:\/\/academy.reacherservices.com\/es_mx\/wp-json\/wp\/v2\/media?parent=89"}],"wp:term":[{"taxonomy":"product_brand","embeddable":true,"href":"https:\/\/academy.reacherservices.com\/es_mx\/wp-json\/wp\/v2\/product_brand?post=89"},{"taxonomy":"product_cat","embeddable":true,"href":"https:\/\/academy.reacherservices.com\/es_mx\/wp-json\/wp\/v2\/product_cat?post=89"},{"taxonomy":"product_tag","embeddable":true,"href":"https:\/\/academy.reacherservices.com\/es_mx\/wp-json\/wp\/v2\/product_tag?post=89"}],"curies":[{"name":"wp","href":"https:\/\/api.w.org\/{rel}","templated":true}]}}