{"id":93,"date":"2025-11-24T21:10:30","date_gmt":"2025-11-24T21:10:30","guid":{"rendered":"https:\/\/academy.reacherservices.com\/?post_type=product&#038;p=93"},"modified":"2026-03-05T21:45:34","modified_gmt":"2026-03-05T21:45:34","slug":"bilingual-annual-federal-tax-refresher","status":"publish","type":"product","link":"https:\/\/academy.reacherservices.com\/es_mx\/product\/bilingual-annual-federal-tax-refresher\/","title":{"rendered":"Bilingual Annual Federal Tax Refresher"},"content":{"rendered":"<div class=\"flex flex-grow flex-col max-w-full\">\n<div class=\"min-h-[20px] text-message flex flex-col items-start gap-3 whitespace-pre-wrap break-words [.text-message+&amp;]:mt-5 overflow-x-auto\" data-message-id=\"aaa2dc5f-ef63-4c5d-8763-d214eca6c2e4\" data-message-author-role=\"user\">\n<p>This course is available for <strong>Pre-Sale.<\/strong><\/p>\n<p><strong style=\"font-family: -apple-system, BlinkMacSystemFont, 'San Francisco', 'Segoe UI', Roboto, 'Helvetica Neue', sans-serif; font-size: 0.875rem;\">Deadline<\/strong><span style=\"font-family: -apple-system, BlinkMacSystemFont, 'San Francisco', 'Segoe UI', Roboto, 'Helvetica Neue', sans-serif; font-size: 0.875rem;\">: Reacher Tax Academy encourages you to<\/span><span style=\"font-family: -apple-system, BlinkMacSystemFont, 'San Francisco', 'Segoe UI', Roboto, 'Helvetica Neue', sans-serif; font-size: 0.875rem;\">\u00a0<\/span><strong style=\"font-family: -apple-system, BlinkMacSystemFont, 'San Francisco', 'Segoe UI', Roboto, 'Helvetica Neue', sans-serif; font-size: 0.875rem;\">complete this course by December 29th<\/strong><span style=\"font-family: -apple-system, BlinkMacSystemFont, 'San Francisco', 'Segoe UI', Roboto, 'Helvetica Neue', sans-serif; font-size: 0.875rem;\">\u00a0<\/span><span style=\"font-family: -apple-system, BlinkMacSystemFont, 'San Francisco', 'Segoe UI', Roboto, 'Helvetica Neue', sans-serif; font-size: 0.875rem;\">to allow time for reporting credits and any support.<\/span><span style=\"font-family: -apple-system, BlinkMacSystemFont, 'San Francisco', 'Segoe UI', Roboto, 'Helvetica Neue', sans-serif; font-size: 0.875rem;\">\u00a0<\/span><span style=\"font-family: -apple-system, BlinkMacSystemFont, 'San Francisco', 'Segoe UI', Roboto, 'Helvetica Neue', sans-serif; font-size: 0.875rem;\"><span style=\"color: #ff2a00;\">The IRS deadline to complete is December 31st*<\/span>.\u00a0<\/span><\/p>\n<\/div>\n<\/div>\n<p><strong>Cr\u00e9ditos de Educaci\u00f3n Continua (CE, por sus siglas en ingl\u00e9s): 6<\/strong>\u00a0AFTR<\/p>\n<p><strong>Fecha l\u00edmite:\u00a0<\/strong>LTP le recomienda completar este curso antes del 29 de diciembre para dar tiempo a reportar los cr\u00e9ditos y cualquier apoyo.\u00a0<span style=\"color: #ff2a00;\">La fecha l\u00edmite del IRS para completar es el 31 de diciembre*<\/span>.<\/p>\n<p>El curso\u00a0<strong>2025<\/strong>\u00a0<strong>Actualizaci\u00f3n anual de impuestos federales (AFTR)<\/strong>\u00a0tiene la intenci\u00f3n de preparar a la persona para el pr\u00f3ximo a\u00f1o tributario. Este curso cubre los \u00faltimos cambios en la legislaci\u00f3n tributaria y los problemas tributarios actuales, as\u00ed como la pr\u00e1ctica y la responsabilidad profesional. Cuando el profesional de impuestos no inscrito aprueba este curso con un 70% o m\u00e1s y completa 10 horas de ley tributaria y 2 horas de \u00e9tica, podr\u00eda calificar para estar en la base de datos nacional del IRS. Este curso sigue los 3 dominios que se establecen anualmente por el IRS. Entre ellos se incluyen:<\/p>\n<ol>\n<li>Nueva Ley Tributaria\/Actualizaciones Recientes<\/li>\n<li>Revisi\u00f3n general<\/li>\n<li>Pr\u00e1cticas, Procedimientos y Responsabilidad Profesional<\/li>\n<\/ol>\n<p><span style=\"color: #ff2a00;\">*\u00a0<strong>La fecha l\u00edmite del IRS para completar es el 31 de diciembre\u00a0<\/strong><\/span><span style=\"color: #ff2a00;\"><strong>a la medianoche de su hora local<\/strong><\/span>, sin embargo, tenga en cuenta que nuestra oficina estara cerrada 12\/31. Las horas que se completen antes de la fecha l\u00edmite del IRS se informar\u00e1n el siguiente d\u00eda h\u00e1bil.<\/p>\n<p><strong><span class=\"\">\u00bf<\/span><\/strong><span class=\"m9_VsiiB\"><strong>C\u00f3mo acceder a su curso<\/strong><\/span><strong><span class=\"\">?<\/span><\/strong><\/p>\n<p><span class=\"\"><em>Usuario\u00a0de<span class=\"m9_VsiiB\">\u00a0primera vez<\/span><\/em>:\u00a0<strong>Recibir\u00e1s un correo electr\u00f3nico de edsupport@latinotaxpro.com<\/strong>\u00a0con el asunto \u00abWelcome to Prendo365\u00bb. Este correo electr\u00f3nico contendr\u00e1 su nombre de usuario y contrase\u00f1a. Por favor, revise su carpeta de\u00a0spam \/\u00a0junk si no ve el correo electr\u00f3nico. Prendo365.com es nuestro sistema de aprendizaje electr\u00f3nico potente y f\u00e1cil de usar donde puede acceder el libro electr\u00f3nico, cuestionarios, practicar declaraciones de impuestos, finales y m\u00e1s.<\/span><\/p>\n<p><em>Usuarios que regresan<\/em>: Puede acceder a su curso en Prendo365.com con las mismas credenciales de inicio de sesi\u00f3n que se usaron anteriormente. Si olvid\u00f3 su contrase\u00f1a, simplemente haga clic en \u00abForgot your password?\u00bb justo debajo del cuadro de inicio de sesi\u00f3n en Prendo365.<\/p>\n<p>&nbsp;<\/p>\n<p class=\"p1\"><span class=\"s1\"><b>\u00bfC\u00f3mo obtengo un registro de finalizaci\u00f3n del AFSP?<\/b><\/span><\/p>\n<p class=\"p2\"><span class=\"s1\">1. Obtenga 18 horas de educaci\u00f3n continua de proveedores de CE aprobados por el IRS, que incluyen:<\/span><\/p>\n<ul>\n<li><span class=\"s1\">un curso de Actualizaci\u00f3n Anual de Impuestos Federales (AFTR) de seis (6) horas que cubre temas de la temporada de declaraci\u00f3n y actualizaciones de la legislaci\u00f3n fiscal, as\u00ed como una prueba de comprensi\u00f3n basada en el conocimiento realizada al final del curso por el proveedor de CE;<\/span><\/li>\n<li><span class=\"s1\">diez (10) horas de otros temas de la Ley de Impuesto Federal; y<\/span><\/li>\n<li><span class=\"s1\">dos (2) horas de \u00c9tica.<\/span><\/li>\n<\/ul>\n<p class=\"p2\"><span class=\"s1\">2. Tener un\u00a0<a href=\"https:\/\/www.irs.gov\/tax-professionals\/ptin-requirements-for-tax-return-preparers\" target=\"_blank\" rel=\"noopener\" aria-describedby=\"a11y-new-window-external-message\"><span class=\"s2\">n\u00famero de identificaci\u00f3n fiscal del preparador (PTIN)\u00a0<\/span><span class=\"s3\">activo<\/span><\/a>.<br \/>\n3. Dar su consentimiento para cumplir con las obligaciones pr\u00e1cticas espec\u00edficas descritas en la subsecci\u00f3n B y la secci\u00f3n 10.51 de la\u00a0<a href=\"https:\/\/www.irs.gov\/pub\/irs-pdf\/pcir230.pdf\" target=\"_blank\" rel=\"noopener\" aria-describedby=\"a11y-new-window-external-message\"><span class=\"s2\">Circular del Departamento del Tesoro No. 230<\/span><\/a>.<\/span><\/p>\n<p class=\"p2\"><span class=\"s1\">\u00a0\u00a0<\/span><\/p>\n<p class=\"p2\"><span class=\"s1\"><b>\u00bfQui\u00e9n est\u00e1 exento y puede obtener el registro de finalizaci\u00f3n del AFSP sin tomar el curso de Actualizaci\u00f3n Anual de Impuestos Federales?<\/b><\/span><\/p>\n<ul>\n<li><span class=\"s1\">Cualquier persona que haya aprobado el examen de Preparador Registrado de Declaraciones de Impuestos administrado por el IRS entre noviembre de 2011 y enero de 2013.<\/span><\/li>\n<li><span class=\"s1\">Participantes del programa de preparador de declaraciones establecidas basado en el estado actualmente con requerimientos de pruebas: Preparadores de declaraciones que son registrantes activos de la Junta de Profesionales de Impuestos de Oreg\u00f3n, el Consejo de Educaci\u00f3n Tributaria de California y\/o la Junta de Preparadores de Impuestos de Personas Naturales del Estado de Maryland.<\/span><\/li>\n<li><span class=\"s1\">CONSULTE la Parte I Aprobaci\u00f3n de ex\u00e1menes: Profesionales de impuestos que han aprobado la Parte I del examen de inscripci\u00f3n especial en los \u00faltimos dos a\u00f1os.<\/span><\/li>\n<li><span class=\"s1\">Voluntarios VITA\/TCE: Revisores de calidad, instructores y preparadores de declaraciones con PTIN activos.<\/span><\/li>\n<li><span class=\"s1\">Otros titulares de credenciales centrados en impuestos que han sido acreditados: El Consejo de Acreditaci\u00f3n para Contadores y Asesores\/Contadores Comerciales Acreditados (ABA) y los programas de Preparadores de Impuestos Acreditados (ATP).<\/span><\/li>\n<\/ul>\n<p><strong>Cumplo con una de estas exenciones. \u00bfC\u00f3mo obtengo un AFSP \u2013 Registro de Finalizaci\u00f3n?<\/strong><\/p>\n<ul>\n<li>Tome quince (15) horas de educaci\u00f3n continua, que incluyen:\n<ul>\n<li>tres (3) horas de actualizaciones de la ley tributaria federal,<\/li>\n<li>diez (10) horas de otros temas de\u00a0ley tributario federal y<\/li>\n<li>dos (2) horas de \u00e9tica.<\/li>\n<\/ul>\n<\/li>\n<\/ul>\n<ul>\n<li>Tener un n\u00famero de identificaci\u00f3n fiscal (PTIN) de preparador activo.<\/li>\n<\/ul>\n<ul>\n<li>Consentimiento para cumplir con las obligaciones pr\u00e1cticas espec\u00edficas descritas en la Subparte B y la secci\u00f3n 10.51 de la Circular no. 230 PDF del Departamento del Tesoro.<\/li>\n<\/ul>\n<div>\n<p>&#8212;&#8212;&#8212;&#8212;&#8212;&#8212;&#8212;&#8212;&#8212;&#8212;&#8212;&#8212;&#8212;&#8212;&#8212;&#8212;&#8212;&#8212;&#8212;&#8212;&#8211;<\/p>\n<p>The\u00a0<strong>2025 <\/strong><strong>Annual Federal Tax Refresher (AFTR)<\/strong>\u00a0course is intended to prepare the individual\u00a0<strong>for the 2026 filing season.\u00a0<\/strong> This course covers the latest tax law changes and current tax issues, as well as practice and professional responsibility. This course follows the 3 domains that are set annually by the IRS. They include:<\/p>\n<ol>\n<li>New Tax Law\/Recent Updates<\/li>\n<li>General Review<\/li>\n<li>Practices, Procedures and Professional Responsibility<\/li>\n<\/ol>\n<p>This course contains the 100 questions 3-hour time exam and needs to be completed with a score of 70% or better.<\/p>\n<p>Need the full 18 hours of the Annual Filing Season Program?\u00a0<a title=\"https:\/\/latinotaxpro.com\/collections\/english\/products\/annual-filing-season-program-ebook\" href=\"https:\/\/latinotaxpro.com\/products\/bilingual-annual-filing-season-program\" target=\"_blank\" rel=\"noopener\">Click here to view our bundle<\/a>.<\/p>\n<p><strong><span style=\"color: #ff2a00;\">*The IRS deadline to complete this course is December 31st at midnight your local time<\/span>,<\/strong>\u00a0however, keep in mind\u00a0<strong>our office\u00a0will be closed on 12\/31<\/strong>. Hours that are completed by the IRS deadline will be reported on the following business day.<\/p>\n<p><strong>How do I obtain an AFSP \u2013 Record of Completion?<\/strong><\/p>\n<div style=\"padding-left: 30px;\">1. Take 18 hours of continuing education from IRS-Approved CE Providers, including:<\/div>\n<div style=\"padding-left: 60px;\">&#8211; a six (6) hour Annual Federal Tax Refresher (AFTR) course that covers filing season issues and tax law updates, as well as a knowledge-based comprehension test administered at the end of the course by the CE Provider;<\/div>\n<div style=\"padding-left: 60px;\">&#8211; ten (10) hours of other federal tax law topics; and<\/div>\n<div style=\"padding-left: 60px;\">&#8211; two (2) hours of ethics.<\/div>\n<div style=\"padding-left: 30px;\">2. Have an active <span style=\"color: #00aaff;\"><a style=\"color: #00aaff;\" href=\"https:\/\/www.irs.gov\/tax-professionals\/ptin-requirements-for-tax-return-preparers\" target=\"_blank\" rel=\"noopener\">preparer tax identification number (PTIN)<\/a><\/span>.<br \/>\n3. Consent to adhere to specific practice obligations outlined in Subpart B and section 10.51 of <span style=\"color: #00aaff;\"><a style=\"color: #00aaff;\" href=\"https:\/\/www.irs.gov\/pub\/irs-pdf\/pcir230.pdf\" target=\"_blank\" rel=\"noopener\">Treasury Department Circular No. 230<\/a><\/span>.<\/div>\n<div><\/div>\n<div><strong>Who is exempt and able to obtain the AFSP \u2013 Record of Completion without taking the Annual Federal Tax Refresher course?<\/strong><\/div>\n<div><strong>\u00a0<\/strong><\/div>\n<div><\/div>\n<div>\n<ul>\n<li>Anyone who passed the Registered Tax Return Preparer test administered by the IRS between November 2011 and January 2013.<\/li>\n<li>Established state-based return preparer program participants currently with testing requirements: Return preparers who are active registrants of the Oregon Board of Tax Practitioners, California Tax Education Council, and\/or Maryland State Board of Individual Tax Preparers.<\/li>\n<li>SEE Part I Test-Passers: Tax practitioners who have passed the Special Enrollment Exam Part I within the past two years.<\/li>\n<li>VITA\/TCE volunteers: Quality reviewers, instructors, and return preparers with active PTINs.<\/li>\n<li>Other accredited tax-focused credential-holders: The Accreditation Council for Accountancy and Taxation\u2019s Accredited Business Accountant\/Advisor (ABA) and Accredited Tax Preparer (ATP) programs.<\/li>\n<\/ul>\n<p>&nbsp;<\/p>\n<\/div>\n<p><strong>I meet one of these exemptions. How do I obtain an AFSP \u2013 Record of Completion?<\/strong><\/p>\n<div>\n<ul>\n<li>Take fifteen\u00a0<a href=\"https:\/\/latinotaxpro.com\/collections\/federal-english\/products\/15-ebook\" target=\"_blank\" rel=\"noopener\">(15) hours of continuing education<\/a>, including:\n<ul>\n<li>three (3) hours of federal tax law updates,<\/li>\n<li>ten (10) hours of other federal tax law topics and<\/li>\n<li>two (2) hours of ethics.<\/li>\n<\/ul>\n<\/li>\n<li>Have an active\u00a0<a title=\"preparer tax identification number (PTIN)\" href=\"https:\/\/www.irs.gov\/tax-professionals\/ptin-requirements-for-tax-return-preparers\" data-entity-uuid=\"8f6e014d-00da-4505-aec4-ad1598dbee82\" data-entity-type=\"node\" data-entity-substitution=\"canonical\">preparer tax identification number (PTIN)<\/a>.<\/li>\n<li>Consent to adhere to specific practice obligations outlined in Subpart B and section 10.51 of\u00a0<a title=\"Treasury Department Circular No. 230 (PDF)\" href=\"https:\/\/www.irs.gov\/pub\/irs-pdf\/pcir230.pdf\" data-entity-uuid=\"60d332cd-1cdc-4104-a7bb-00bbd76356a6\" data-entity-type=\"media\" data-entity-substitution=\"pup_linkit_media\">Treasury Department Circular No. 230\u00a0<\/a><span class=\"link-label label-file label-file-pdf\" title=\"Download pdf file\" aria-label=\"press enter to download pdf file\">PDF<\/span>.<\/li>\n<\/ul>\n<\/div>\n<table width=\"100%\">\n<tbody>\n<tr>\n<td width=\"597\"><strong>Course Details<\/strong><\/td>\n<td width=\"522\"><strong>Included in this course<\/strong><\/td>\n<\/tr>\n<tr>\n<td width=\"597\"><strong>Title:<\/strong> 2025<strong>\u00a0<\/strong>Bilingual Annual Federal Tax Refresher Course (AFTR)<br \/>\n<strong>Level:\u00a0<\/strong>Intermediate<br \/>\n<strong>Delivery Method:\u00a0<\/strong>Self-study<strong>To earn a certificate of completion:<\/strong>\u2022 Pass Final with 70% (or better)<br \/>\n\u2022 Complete course survey<\/td>\n<td width=\"522\">\u2022 eBook<br \/>\n\u2022 Videos<br \/>\n\u2022\u00a0AFTR Final Exam<\/td>\n<\/tr>\n<\/tbody>\n<\/table>\n<\/div>\n","protected":false},"excerpt":{"rendered":"<p>This course is available for Pre-Sale. Deadline: Reacher Tax Academy encourages you to\u00a0complete this course by December 29th\u00a0to allow time [&hellip;]<\/p>\n","protected":false},"featured_media":122,"template":"","meta":{"site-sidebar-layout":"default","site-content-layout":"default","ast-site-content-layout":"default","site-content-style":"default","site-sidebar-style":"default","ast-global-header-display":"","ast-banner-title-visibility":"","ast-main-header-display":"","ast-hfb-above-header-display":"","ast-hfb-below-header-display":"","ast-hfb-mobile-header-display":"","site-post-title":"","ast-breadcrumbs-content":"","ast-featured-img":"","footer-sml-layout":"","ast-disable-related-posts":"","theme-transparent-header-meta":"default","adv-header-id-meta":"","stick-header-meta":"default","header-above-stick-meta":"","header-main-stick-meta":"","header-below-stick-meta":"","astra-migrate-meta-layouts":"set","ast-page-background-enabled":"default","ast-page-background-meta":{"desktop":{"background-color":"var(--ast-global-color-5)","background-image":"","background-repeat":"repeat","background-position":"center center","background-size":"auto","background-attachment":"scroll","background-type":"","background-media":"","overlay-type":"","overlay-color":"","overlay-opacity":"","overlay-gradient":""},"tablet":{"background-color":"","background-image":"","background-repeat":"repeat","background-position":"center center","background-size":"auto","background-attachment":"scroll","background-type":"","background-media":"","overlay-type":"","overlay-color":"","overlay-opacity":"","overlay-gradient":""},"mobile":{"background-color":"","background-image":"","background-repeat":"repeat","background-position":"center center","background-size":"auto","background-attachment":"scroll","background-type":"","background-media":"","overlay-type":"","overlay-color":"","overlay-opacity":"","overlay-gradient":""}},"ast-content-background-meta":{"desktop":{"background-color":"var(--ast-global-color-4)","background-image":"","background-repeat":"repeat","background-position":"center center","background-size":"auto","background-attachment":"scroll","background-type":"","background-media":"","overlay-type":"","overlay-color":"","overlay-opacity":"","overlay-gradient":""},"tablet":{"background-color":"var(--ast-global-color-4)","background-image":"","background-repeat":"repeat","background-position":"center center","background-size":"auto","background-attachment":"scroll","background-type":"","background-media":"","overlay-type":"","overlay-color":"","overlay-opacity":"","overlay-gradient":""},"mobile":{"background-color":"var(--ast-global-color-4)","background-image":"","background-repeat":"repeat","background-position":"center center","background-size":"auto","background-attachment":"scroll","background-type":"","background-media":"","overlay-type":"","overlay-color":"","overlay-opacity":"","overlay-gradient":""}}},"product_brand":[],"product_cat":[27,28,29],"product_tag":[30,31],"class_list":{"0":"post-93","1":"product","2":"type-product","3":"status-publish","4":"has-post-thumbnail","6":"product_cat-bilingual","7":"product_cat-courses","8":"product_cat-federal-courses","9":"product_tag-bilingual","10":"product_tag-federal","11":"desktop-align-left","12":"tablet-align-left","13":"mobile-align-left","14":"ast-product-gallery-layout-horizontal-slider","15":"ast-product-gallery-with-no-image","16":"ast-magnify-disabled","17":"ast-product-tabs-layout-horizontal","19":"first","20":"instock","21":"virtual","22":"purchasable","23":"product-type-simple"},"_links":{"self":[{"href":"https:\/\/academy.reacherservices.com\/es_mx\/wp-json\/wp\/v2\/product\/93","targetHints":{"allow":["GET"]}}],"collection":[{"href":"https:\/\/academy.reacherservices.com\/es_mx\/wp-json\/wp\/v2\/product"}],"about":[{"href":"https:\/\/academy.reacherservices.com\/es_mx\/wp-json\/wp\/v2\/types\/product"}],"wp:featuredmedia":[{"embeddable":true,"href":"https:\/\/academy.reacherservices.com\/es_mx\/wp-json\/wp\/v2\/media\/122"}],"wp:attachment":[{"href":"https:\/\/academy.reacherservices.com\/es_mx\/wp-json\/wp\/v2\/media?parent=93"}],"wp:term":[{"taxonomy":"product_brand","embeddable":true,"href":"https:\/\/academy.reacherservices.com\/es_mx\/wp-json\/wp\/v2\/product_brand?post=93"},{"taxonomy":"product_cat","embeddable":true,"href":"https:\/\/academy.reacherservices.com\/es_mx\/wp-json\/wp\/v2\/product_cat?post=93"},{"taxonomy":"product_tag","embeddable":true,"href":"https:\/\/academy.reacherservices.com\/es_mx\/wp-json\/wp\/v2\/product_tag?post=93"}],"curies":[{"name":"wp","href":"https:\/\/api.w.org\/{rel}","templated":true}]}}